{"id":2598,"date":"2024-11-02T02:59:43","date_gmt":"2024-11-02T02:59:43","guid":{"rendered":"https:\/\/www.bibliaparalavida.com\/bo\/?post_type=product&#038;p=2598"},"modified":"2025-02-26T03:41:49","modified_gmt":"2025-02-26T03:41:49","slug":"promo-juvenil-digital","status":"publish","type":"product","link":"https:\/\/www.bibliaparalavida.com\/bo\/prod\/promo-juvenil-digital\/","title":{"rendered":"Promo Mentoreo Juvenil (Digital)"},"content":{"rendered":"<div dir=\"auto\">\n<div dir=\"auto\"><strong><a href=\"https:\/\/www.bibliaparalavida.com\/bo\/prod\/liderazgo-juvenil-digital\/\">Manual B\u00edblico de Liderazgo Juvenil<\/a>:<\/strong> Redactado con el prop\u00f3sito de equipar a los l\u00edderes juveniles de las iglesias locales para desarrollar su tarea con eficacia y relevancia, a la vez que identifican \u00e1reas del car\u00e1cter por mejorar con la ayuda del Esp\u00edritu Santo.<\/div>\n<div dir=\"auto\"><\/div>\n<div dir=\"auto\"><a href=\"https:\/\/www.bibliaparalavida.com\/bo\/prod\/recursos-para-lideres-juveniles-digital\"><strong>Manual de Recursos para L\u00edderes Juveniles:<\/strong><\/a> Este manual tiene como objetivo brindar recursos b\u00edblicos y pr\u00e1cticos para ayudar a los l\u00edderes juveniles a ministrar eficazmente a sus j\u00f3venes y adolescentes.<\/div>\n<\/div>\n<div dir=\"auto\"><\/div>\n<div dir=\"auto\"><a href=\"https:\/\/www.bibliaparalavida.com\/bo\/prod\/predicas-jovenes\/\"><strong>Pr\u00e9dicas para j\u00f3venes<\/strong>:<\/a> 30 bosquejos listos para predicar a j\u00f3venes, abordando temas de inter\u00e9s juvenil desde una perspectiva b\u00edblica y con aplicaci\u00f3n directa a la vida diaria.<\/div>\n","protected":false},"excerpt":{"rendered":"<p><a href=\"https:\/\/bibliaparalavida.com\/bo\/app\" target=\"_blank\" rel=\"noopener\"><img decoding=\"async\" class=\"alignright wp-image-2502\" src=\"https:\/\/bibliaparalavida.com\/app\/wp-content\/uploads\/2023\/07\/stores-icons-B.png\" alt=\"\" width=\"48\" height=\"90\" \/><\/a><\/p>\n<p>Esta <strong>Promo<\/strong> incluye los Manuales de <strong>Liderazgo Juvenil<\/strong>, <strong>Recursos para L\u00edderes Juveniles<\/strong> y <strong>Pr\u00e9dicas para J\u00f3venes<\/strong> con un <strong>10% de descuento<\/strong>. <strong>[FORMATO DIGITAL]<\/strong><\/p>\n<p><a style=\"padding: 8px; background-color: #0f9d58; font-weight: bold; text-align: center; color: #fff; border-radius: 5px;\" href=\"https:\/\/wa.me\/5493513073050?text=Quisiera%20consultar%20por%20la%20Promo%20Mentoreo%20Juvenil%20(Digital).\"><img decoding=\"async\" style=\"float: left, margin-right:10px; margin-bottom: -7px; margin-right: 5px;\" src=\"https:\/\/www.bibliaparalavida.com\/bo\/bo\/wp-content\/uploads\/2020\/12\/WhatsApp-icon.png\" alt=\"WhatsApp\" width=\"24\" height=\"24\" \/>SOLICITA UNA MUESTRA EN PDF<\/a><\/p>\n<p><strong>C\u00f3mpralos aqu\u00ed en digital <\/strong>y l\u00e9elos en nuestra <a href=\"https:\/\/bibliaparalavida.com\/bo\/app\/\" rel=\"noopener\">App.<\/a><\/p>\n<div style=\"clear: both; height: 10px;\"><\/div>\n","protected":false},"featured_media":2642,"comment_status":"closed","ping_status":"closed","template":"","meta":{"_joinchat":[]},"product_cat":[82],"product_tag":[],"class_list":{"0":"post-2598","1":"product","2":"type-product","3":"status-publish","4":"has-post-thumbnail","6":"product_cat-promos-digital","8":"first","9":"instock","10":"sale","11":"shipping-taxable","12":"purchasable","13":"product-type-simple"},"yoast_head":"<!-- This site is optimized with the Yoast SEO plugin v23.1 - https:\/\/yoast.com\/wordpress\/plugins\/seo\/ -->\n<title>Promo Mentoreo Juvenil (Digital) - Biblia para la Vida<\/title>\n<meta name=\"description\" content=\"Manuales b\u00edblicos y pr\u00e1cticos de Liderazgo Juvenil y Recursos para L\u00edderes Juveniles que potenciar\u00e1n tu ministerio juvenil y aumentar\u00e1n tu alcance.\" \/>\n<meta name=\"robots\" content=\"index, follow, max-snippet:-1, max-image-preview:large, max-video-preview:-1\" \/>\n<link rel=\"canonical\" href=\"https:\/\/www.bibliaparalavida.com\/bo\/prod\/promo-juvenil-digital\/\" \/>\n<meta property=\"og:locale\" content=\"es_ES\" \/>\n<meta property=\"og:type\" content=\"article\" \/>\n<meta property=\"og:title\" content=\"Promo Mentoreo Juvenil (Digital) - Biblia para la Vida\" \/>\n<meta property=\"og:description\" content=\"Manuales b\u00edblicos y pr\u00e1cticos de Liderazgo Juvenil y Recursos para L\u00edderes Juveniles que potenciar\u00e1n tu ministerio juvenil y aumentar\u00e1n tu alcance.\" \/>\n<meta property=\"og:url\" content=\"https:\/\/www.bibliaparalavida.com\/bo\/prod\/promo-juvenil-digital\/\" \/>\n<meta property=\"og:site_name\" content=\"Biblia para la Vida\" \/>\n<meta property=\"article:publisher\" content=\"https:\/\/www.facebook.com\/BibliaParaLaVida\" \/>\n<meta property=\"article:modified_time\" content=\"2025-02-26T03:41:49+00:00\" \/>\n<meta property=\"og:image\" content=\"https:\/\/www.bibliaparalavida.com\/bo\/wp-content\/uploads\/2024\/11\/Promo-Juvenil-x3.jpg\" \/>\n\t<meta property=\"og:image:width\" content=\"1080\" \/>\n\t<meta property=\"og:image:height\" content=\"1080\" \/>\n\t<meta property=\"og:image:type\" content=\"image\/jpeg\" \/>\n<meta name=\"twitter:card\" content=\"summary_large_image\" \/>\n<meta name=\"twitter:label1\" content=\"Tiempo de lectura\" \/>\n\t<meta name=\"twitter:data1\" content=\"1 minuto\" \/>\n<script type=\"application\/ld+json\" class=\"yoast-schema-graph\">{\"@context\":\"https:\/\/schema.org\",\"@graph\":[{\"@type\":\"WebPage\",\"@id\":\"https:\/\/www.bibliaparalavida.com\/bo\/prod\/promo-juvenil-digital\/\",\"url\":\"https:\/\/www.bibliaparalavida.com\/bo\/prod\/promo-juvenil-digital\/\",\"name\":\"Promo Mentoreo Juvenil (Digital) - Biblia para la Vida\",\"isPartOf\":{\"@id\":\"https:\/\/www.bibliaparalavida.com\/bo\/#website\"},\"primaryImageOfPage\":{\"@id\":\"https:\/\/www.bibliaparalavida.com\/bo\/prod\/promo-juvenil-digital\/#primaryimage\"},\"image\":{\"@id\":\"https:\/\/www.bibliaparalavida.com\/bo\/prod\/promo-juvenil-digital\/#primaryimage\"},\"thumbnailUrl\":\"https:\/\/www.bibliaparalavida.com\/bo\/wp-content\/uploads\/2024\/11\/Promo-Juvenil-x3.jpg\",\"datePublished\":\"2024-11-02T02:59:43+00:00\",\"dateModified\":\"2025-02-26T03:41:49+00:00\",\"description\":\"Manuales b\u00edblicos y pr\u00e1cticos de Liderazgo Juvenil y Recursos para L\u00edderes Juveniles que potenciar\u00e1n tu ministerio juvenil y aumentar\u00e1n tu alcance.\",\"breadcrumb\":{\"@id\":\"https:\/\/www.bibliaparalavida.com\/bo\/prod\/promo-juvenil-digital\/#breadcrumb\"},\"inLanguage\":\"es\",\"potentialAction\":[{\"@type\":\"ReadAction\",\"target\":[\"https:\/\/www.bibliaparalavida.com\/bo\/prod\/promo-juvenil-digital\/\"]}]},{\"@type\":\"ImageObject\",\"inLanguage\":\"es\",\"@id\":\"https:\/\/www.bibliaparalavida.com\/bo\/prod\/promo-juvenil-digital\/#primaryimage\",\"url\":\"https:\/\/www.bibliaparalavida.com\/bo\/wp-content\/uploads\/2024\/11\/Promo-Juvenil-x3.jpg\",\"contentUrl\":\"https:\/\/www.bibliaparalavida.com\/bo\/wp-content\/uploads\/2024\/11\/Promo-Juvenil-x3.jpg\",\"width\":1080,\"height\":1080,\"caption\":\"Promo Ministerio Juvenil\"},{\"@type\":\"BreadcrumbList\",\"@id\":\"https:\/\/www.bibliaparalavida.com\/bo\/prod\/promo-juvenil-digital\/#breadcrumb\",\"itemListElement\":[{\"@type\":\"ListItem\",\"position\":1,\"name\":\"Portada\",\"item\":\"https:\/\/www.bibliaparalavida.com\/bo\/\"},{\"@type\":\"ListItem\",\"position\":2,\"name\":\"Manuales\",\"item\":\"https:\/\/www.bibliaparalavida.com\/bo\/manuales\/\"},{\"@type\":\"ListItem\",\"position\":3,\"name\":\"Promo Mentoreo Juvenil (Digital)\"}]},{\"@type\":\"WebSite\",\"@id\":\"https:\/\/www.bibliaparalavida.com\/bo\/#website\",\"url\":\"https:\/\/www.bibliaparalavida.com\/bo\/\",\"name\":\"Biblia para la Vida BOLIVIA\",\"description\":\"Aplica la Biblia a tu vida\",\"publisher\":{\"@id\":\"https:\/\/www.bibliaparalavida.com\/bo\/#organization\"},\"potentialAction\":[{\"@type\":\"SearchAction\",\"target\":{\"@type\":\"EntryPoint\",\"urlTemplate\":\"https:\/\/www.bibliaparalavida.com\/bo\/?s={search_term_string}\"},\"query-input\":\"required name=search_term_string\"}],\"inLanguage\":\"es\"},{\"@type\":\"Organization\",\"@id\":\"https:\/\/www.bibliaparalavida.com\/bo\/#organization\",\"name\":\"Biblia para la Vida BOLIVIA\",\"url\":\"https:\/\/www.bibliaparalavida.com\/bo\/\",\"logo\":{\"@type\":\"ImageObject\",\"inLanguage\":\"es\",\"@id\":\"https:\/\/www.bibliaparalavida.com\/bo\/#\/schema\/logo\/image\/\",\"url\":\"https:\/\/www.bibliaparalavida.com\/bo\/wp-content\/uploads\/2024\/08\/Logo-BPLV-Horiz-320-BO.png\",\"contentUrl\":\"https:\/\/www.bibliaparalavida.com\/bo\/wp-content\/uploads\/2024\/08\/Logo-BPLV-Horiz-320-BO.png\",\"width\":320,\"height\":87,\"caption\":\"Biblia para la Vida BOLIVIA\"},\"image\":{\"@id\":\"https:\/\/www.bibliaparalavida.com\/bo\/#\/schema\/logo\/image\/\"},\"sameAs\":[\"https:\/\/www.facebook.com\/BibliaParaLaVida\",\"https:\/\/www.instagram.com\/bibliaparalavidaig\"]}]}<\/script>\n<!-- \/ Yoast SEO plugin. -->","yoast_head_json":{"title":"Promo Mentoreo Juvenil (Digital) - Biblia para la Vida","description":"Manuales b\u00edblicos y pr\u00e1cticos de Liderazgo Juvenil y Recursos para L\u00edderes Juveniles que potenciar\u00e1n tu ministerio juvenil y aumentar\u00e1n tu alcance.","robots":{"index":"index","follow":"follow","max-snippet":"max-snippet:-1","max-image-preview":"max-image-preview:large","max-video-preview":"max-video-preview:-1"},"canonical":"https:\/\/www.bibliaparalavida.com\/bo\/prod\/promo-juvenil-digital\/","og_locale":"es_ES","og_type":"article","og_title":"Promo Mentoreo Juvenil (Digital) - Biblia para la Vida","og_description":"Manuales b\u00edblicos y pr\u00e1cticos de Liderazgo Juvenil y Recursos para L\u00edderes Juveniles que potenciar\u00e1n tu ministerio juvenil y aumentar\u00e1n tu alcance.","og_url":"https:\/\/www.bibliaparalavida.com\/bo\/prod\/promo-juvenil-digital\/","og_site_name":"Biblia para la Vida","article_publisher":"https:\/\/www.facebook.com\/BibliaParaLaVida","article_modified_time":"2025-02-26T03:41:49+00:00","og_image":[{"width":1080,"height":1080,"url":"https:\/\/www.bibliaparalavida.com\/bo\/wp-content\/uploads\/2024\/11\/Promo-Juvenil-x3.jpg","type":"image\/jpeg"}],"twitter_card":"summary_large_image","twitter_misc":{"Tiempo de lectura":"1 minuto"},"schema":{"@context":"https:\/\/schema.org","@graph":[{"@type":"WebPage","@id":"https:\/\/www.bibliaparalavida.com\/bo\/prod\/promo-juvenil-digital\/","url":"https:\/\/www.bibliaparalavida.com\/bo\/prod\/promo-juvenil-digital\/","name":"Promo Mentoreo Juvenil (Digital) - Biblia para la Vida","isPartOf":{"@id":"https:\/\/www.bibliaparalavida.com\/bo\/#website"},"primaryImageOfPage":{"@id":"https:\/\/www.bibliaparalavida.com\/bo\/prod\/promo-juvenil-digital\/#primaryimage"},"image":{"@id":"https:\/\/www.bibliaparalavida.com\/bo\/prod\/promo-juvenil-digital\/#primaryimage"},"thumbnailUrl":"https:\/\/www.bibliaparalavida.com\/bo\/wp-content\/uploads\/2024\/11\/Promo-Juvenil-x3.jpg","datePublished":"2024-11-02T02:59:43+00:00","dateModified":"2025-02-26T03:41:49+00:00","description":"Manuales b\u00edblicos y pr\u00e1cticos de Liderazgo Juvenil y Recursos para L\u00edderes Juveniles que potenciar\u00e1n tu ministerio juvenil y aumentar\u00e1n tu alcance.","breadcrumb":{"@id":"https:\/\/www.bibliaparalavida.com\/bo\/prod\/promo-juvenil-digital\/#breadcrumb"},"inLanguage":"es","potentialAction":[{"@type":"ReadAction","target":["https:\/\/www.bibliaparalavida.com\/bo\/prod\/promo-juvenil-digital\/"]}]},{"@type":"ImageObject","inLanguage":"es","@id":"https:\/\/www.bibliaparalavida.com\/bo\/prod\/promo-juvenil-digital\/#primaryimage","url":"https:\/\/www.bibliaparalavida.com\/bo\/wp-content\/uploads\/2024\/11\/Promo-Juvenil-x3.jpg","contentUrl":"https:\/\/www.bibliaparalavida.com\/bo\/wp-content\/uploads\/2024\/11\/Promo-Juvenil-x3.jpg","width":1080,"height":1080,"caption":"Promo Ministerio Juvenil"},{"@type":"BreadcrumbList","@id":"https:\/\/www.bibliaparalavida.com\/bo\/prod\/promo-juvenil-digital\/#breadcrumb","itemListElement":[{"@type":"ListItem","position":1,"name":"Portada","item":"https:\/\/www.bibliaparalavida.com\/bo\/"},{"@type":"ListItem","position":2,"name":"Manuales","item":"https:\/\/www.bibliaparalavida.com\/bo\/manuales\/"},{"@type":"ListItem","position":3,"name":"Promo Mentoreo Juvenil (Digital)"}]},{"@type":"WebSite","@id":"https:\/\/www.bibliaparalavida.com\/bo\/#website","url":"https:\/\/www.bibliaparalavida.com\/bo\/","name":"Biblia para la Vida BOLIVIA","description":"Aplica la Biblia a tu vida","publisher":{"@id":"https:\/\/www.bibliaparalavida.com\/bo\/#organization"},"potentialAction":[{"@type":"SearchAction","target":{"@type":"EntryPoint","urlTemplate":"https:\/\/www.bibliaparalavida.com\/bo\/?s={search_term_string}"},"query-input":"required name=search_term_string"}],"inLanguage":"es"},{"@type":"Organization","@id":"https:\/\/www.bibliaparalavida.com\/bo\/#organization","name":"Biblia para la Vida BOLIVIA","url":"https:\/\/www.bibliaparalavida.com\/bo\/","logo":{"@type":"ImageObject","inLanguage":"es","@id":"https:\/\/www.bibliaparalavida.com\/bo\/#\/schema\/logo\/image\/","url":"https:\/\/www.bibliaparalavida.com\/bo\/wp-content\/uploads\/2024\/08\/Logo-BPLV-Horiz-320-BO.png","contentUrl":"https:\/\/www.bibliaparalavida.com\/bo\/wp-content\/uploads\/2024\/08\/Logo-BPLV-Horiz-320-BO.png","width":320,"height":87,"caption":"Biblia para la Vida BOLIVIA"},"image":{"@id":"https:\/\/www.bibliaparalavida.com\/bo\/#\/schema\/logo\/image\/"},"sameAs":["https:\/\/www.facebook.com\/BibliaParaLaVida","https:\/\/www.instagram.com\/bibliaparalavidaig"]}]}},"_links":{"self":[{"href":"https:\/\/www.bibliaparalavida.com\/bo\/wp-json\/wp\/v2\/product\/2598"}],"collection":[{"href":"https:\/\/www.bibliaparalavida.com\/bo\/wp-json\/wp\/v2\/product"}],"about":[{"href":"https:\/\/www.bibliaparalavida.com\/bo\/wp-json\/wp\/v2\/types\/product"}],"replies":[{"embeddable":true,"href":"https:\/\/www.bibliaparalavida.com\/bo\/wp-json\/wp\/v2\/comments?post=2598"}],"wp:featuredmedia":[{"embeddable":true,"href":"https:\/\/www.bibliaparalavida.com\/bo\/wp-json\/wp\/v2\/media\/2642"}],"wp:attachment":[{"href":"https:\/\/www.bibliaparalavida.com\/bo\/wp-json\/wp\/v2\/media?parent=2598"}],"wp:term":[{"taxonomy":"product_cat","embeddable":true,"href":"https:\/\/www.bibliaparalavida.com\/bo\/wp-json\/wp\/v2\/product_cat?post=2598"},{"taxonomy":"product_tag","embeddable":true,"href":"https:\/\/www.bibliaparalavida.com\/bo\/wp-json\/wp\/v2\/product_tag?post=2598"}],"curies":[{"name":"wp","href":"https:\/\/api.w.org\/{rel}","templated":true}]}}