{"id":2586,"date":"2024-11-05T21:22:18","date_gmt":"2024-11-05T21:22:18","guid":{"rendered":"https:\/\/www.bibliaparalavida.com\/bo\/?post_type=product&#038;p=2586"},"modified":"2025-01-20T14:19:24","modified_gmt":"2025-01-20T14:19:24","slug":"promo-discipulado-y-mentoreo-digital","status":"publish","type":"product","link":"https:\/\/www.bibliaparalavida.com\/bo\/prod\/promo-discipulado-y-mentoreo-digital\/","title":{"rendered":"Promo Discipulado y Mentoreo (Digital)"},"content":{"rendered":"<div class=\"o9v6fnle cxmmr5t8 oygrvhab hcukyx3x c1et5uql ii04i59q\">\n<div dir=\"auto\"><strong><a href=\"https:\/\/www.bibliaparalavida.com\/bo\/prod\/manual-de-vida-cristiana\/\">Manual B\u00edblico de Vida Cristiana<\/a>:<\/strong> Tiene como fin guiar al creyente a descubrir y avanzar en el prop\u00f3sito de Dios para su vida, a trav\u00e9s del estudio pr\u00e1ctico de La Biblia. Se estudian los valores cristianos, los fundamentos de la fe y los principios pr\u00e1cticos para la vida cristiana.<\/div>\n<\/div>\n<div class=\"o9v6fnle cxmmr5t8 oygrvhab hcukyx3x c1et5uql ii04i59q\">\n<div dir=\"auto\"><\/div>\n<div dir=\"auto\"><strong><a href=\"https:\/\/www.bibliaparalavida.com\/bo\/prod\/manual-de-servicio-cristiano\/\">Manual B\u00edblico de Servicio Cristiano<\/a>:<\/strong> Desarrollado para preparar a los obreros en quienes Dios ha puesto el deseo de servirle, de tal manera que lleguen a ser las personas que Dios necesita para alcanzar a los perdidos y para edificar la iglesia de Se\u00f1or, mediante el estudio pr\u00e1ctico de La Biblia.<\/div>\n<\/div>\n<div class=\"o9v6fnle cxmmr5t8 oygrvhab hcukyx3x c1et5uql ii04i59q\">\n<div dir=\"auto\"><\/div>\n<div dir=\"auto\"><strong><a href=\"https:\/\/www.bibliaparalavida.com\/bo\/prod\/manual-de-liderazgo-cristiano\/\">Manual B\u00edblico de Liderazgo Cristiano<\/a>:<\/strong> Su objetivo es guiar a los l\u00edderes a desarrollar el ministerio pastoral como la manera de ejercer su liderazgo en la iglesia local, haci\u00e9ndolo de manera integral, sana, madura y efectiva; y reproduci\u00e9ndose en otros l\u00edderes con la ayuda del Esp\u00edritu Santo y la Palabra.<\/div>\n<\/div>\n","protected":false},"excerpt":{"rendered":"<p>Los <strong>Manuales B\u00edblicos de Discipulado y Mentoreo<\/strong> son una herramienta b\u00edblica, pr\u00e1ctica y sistem\u00e1tica para guiar a cada persona en su crecimiento espiritual, desde sus primeros pasos en la <strong>vida cristiana<\/strong> hasta ser un <strong>obrero<\/strong> o <strong>l\u00edder cristiano<\/strong>. Son 3 manuales aut\u00f3nomos y correlativos, con 18 clases cada uno. <a href=\"https:\/\/wa.me\/5493513073050?text=Quisiera%20consultar%20por%20descuentos%20en%20los%20manuales%20de%20Discipulado%20y%20Mentoreo.\">Hacemos descuentos por cantidad. \u00a1Cons\u00faltanos!<\/a><\/p>\n<p><a style=\"padding: 8px; background-color: #0f9d58; font-weight: bold; text-align: center; color: #fff; border-radius: 5px;\" href=\"https:\/\/wa.me\/5493513073050?text=Quisiera%20los%20Demos%20de%20la%20Promo%20Discipulado%20y%20Mentoreo.\"><img decoding=\"async\" style=\"float: left, margin-right:10px; margin-bottom: -7px; margin-right: 5px;\" src=\"https:\/\/www.bibliaparalavida.com\/bo\/bo\/wp-content\/uploads\/2020\/12\/WhatsApp-icon.png\" alt=\"WhatsApp\" width=\"24\" height=\"24\" \/>SOLICITA UNA MUESTRA EN PDF<\/a><\/p>\n<p><a style=\"padding: 4px 8px; background-color: #f90; font-weight: bold; text-align: center; color: #fff; border-radius: 5px;\" href=\"https:\/\/www.bibliaparalavida.com\/bo\/prod\/promo-discipulado-y-mentoreo\/\" target=\"_blank\" rel=\"noopener\">\u00bfPREFIERES EN PAPEL?<\/a><\/p>\n<div style=\"clear: both; height: 10px;\"><\/div>\n","protected":false},"featured_media":2309,"comment_status":"open","ping_status":"closed","template":"","meta":{"_joinchat":[]},"product_cat":[82],"product_tag":[],"class_list":{"0":"post-2586","1":"product","2":"type-product","3":"status-publish","4":"has-post-thumbnail","6":"product_cat-promos-digital","8":"first","9":"instock","10":"sale","11":"virtual","12":"purchasable","13":"product-type-simple"},"yoast_head":"<!-- This site is optimized with the Yoast SEO plugin v23.1 - https:\/\/yoast.com\/wordpress\/plugins\/seo\/ -->\n<title>Promo Discipulado y Mentoreo (Digital) - Biblia para la Vida<\/title>\n<meta name=\"description\" content=\"Manuales b\u00edblicos y pr\u00e1cticos para guiar a los creyentes desde los inicios de su vida cristiana hasta llegar a ser obreros o l\u00edderes en la iglesia.\" \/>\n<meta name=\"robots\" content=\"index, follow, max-snippet:-1, max-image-preview:large, max-video-preview:-1\" \/>\n<link rel=\"canonical\" href=\"https:\/\/www.bibliaparalavida.com\/bo\/prod\/promo-discipulado-y-mentoreo-digital\/\" \/>\n<meta property=\"og:locale\" content=\"es_ES\" \/>\n<meta property=\"og:type\" content=\"article\" \/>\n<meta property=\"og:title\" content=\"Promo Discipulado y Mentoreo (Digital) - Biblia para la Vida\" \/>\n<meta property=\"og:description\" content=\"Manuales b\u00edblicos y pr\u00e1cticos para guiar a los creyentes desde los inicios de su vida cristiana hasta llegar a ser obreros o l\u00edderes en la iglesia.\" \/>\n<meta property=\"og:url\" content=\"https:\/\/www.bibliaparalavida.com\/bo\/prod\/promo-discipulado-y-mentoreo-digital\/\" \/>\n<meta property=\"og:site_name\" content=\"Biblia para la Vida\" \/>\n<meta property=\"article:publisher\" content=\"https:\/\/www.facebook.com\/BibliaParaLaVida\" \/>\n<meta property=\"article:modified_time\" content=\"2025-01-20T14:19:24+00:00\" \/>\n<meta property=\"og:image\" content=\"https:\/\/www.bibliaparalavida.com\/bo\/wp-content\/uploads\/2023\/10\/Promo-Discipulado-Mentoreo.jpg\" \/>\n\t<meta property=\"og:image:width\" content=\"1080\" \/>\n\t<meta property=\"og:image:height\" content=\"1080\" \/>\n\t<meta property=\"og:image:type\" content=\"image\/jpeg\" \/>\n<meta name=\"twitter:card\" content=\"summary_large_image\" \/>\n<meta name=\"twitter:label1\" content=\"Tiempo de lectura\" \/>\n\t<meta name=\"twitter:data1\" content=\"1 minuto\" \/>\n<script type=\"application\/ld+json\" class=\"yoast-schema-graph\">{\"@context\":\"https:\/\/schema.org\",\"@graph\":[{\"@type\":\"WebPage\",\"@id\":\"https:\/\/www.bibliaparalavida.com\/bo\/prod\/promo-discipulado-y-mentoreo-digital\/\",\"url\":\"https:\/\/www.bibliaparalavida.com\/bo\/prod\/promo-discipulado-y-mentoreo-digital\/\",\"name\":\"Promo Discipulado y Mentoreo (Digital) - Biblia para la Vida\",\"isPartOf\":{\"@id\":\"https:\/\/www.bibliaparalavida.com\/bo\/#website\"},\"primaryImageOfPage\":{\"@id\":\"https:\/\/www.bibliaparalavida.com\/bo\/prod\/promo-discipulado-y-mentoreo-digital\/#primaryimage\"},\"image\":{\"@id\":\"https:\/\/www.bibliaparalavida.com\/bo\/prod\/promo-discipulado-y-mentoreo-digital\/#primaryimage\"},\"thumbnailUrl\":\"https:\/\/www.bibliaparalavida.com\/bo\/wp-content\/uploads\/2023\/10\/Promo-Discipulado-Mentoreo.jpg\",\"datePublished\":\"2024-11-05T21:22:18+00:00\",\"dateModified\":\"2025-01-20T14:19:24+00:00\",\"description\":\"Manuales b\u00edblicos y pr\u00e1cticos para guiar a los creyentes desde los inicios de su vida cristiana hasta llegar a ser obreros o l\u00edderes en la iglesia.\",\"breadcrumb\":{\"@id\":\"https:\/\/www.bibliaparalavida.com\/bo\/prod\/promo-discipulado-y-mentoreo-digital\/#breadcrumb\"},\"inLanguage\":\"es\",\"potentialAction\":[{\"@type\":\"ReadAction\",\"target\":[\"https:\/\/www.bibliaparalavida.com\/bo\/prod\/promo-discipulado-y-mentoreo-digital\/\"]}]},{\"@type\":\"ImageObject\",\"inLanguage\":\"es\",\"@id\":\"https:\/\/www.bibliaparalavida.com\/bo\/prod\/promo-discipulado-y-mentoreo-digital\/#primaryimage\",\"url\":\"https:\/\/www.bibliaparalavida.com\/bo\/wp-content\/uploads\/2023\/10\/Promo-Discipulado-Mentoreo.jpg\",\"contentUrl\":\"https:\/\/www.bibliaparalavida.com\/bo\/wp-content\/uploads\/2023\/10\/Promo-Discipulado-Mentoreo.jpg\",\"width\":1080,\"height\":1080,\"caption\":\"Promo Discipulado y Mentoreo B\u00edblico\"},{\"@type\":\"BreadcrumbList\",\"@id\":\"https:\/\/www.bibliaparalavida.com\/bo\/prod\/promo-discipulado-y-mentoreo-digital\/#breadcrumb\",\"itemListElement\":[{\"@type\":\"ListItem\",\"position\":1,\"name\":\"Portada\",\"item\":\"https:\/\/www.bibliaparalavida.com\/bo\/\"},{\"@type\":\"ListItem\",\"position\":2,\"name\":\"Manuales\",\"item\":\"https:\/\/www.bibliaparalavida.com\/bo\/manuales\/\"},{\"@type\":\"ListItem\",\"position\":3,\"name\":\"Promo Discipulado y Mentoreo (Digital)\"}]},{\"@type\":\"WebSite\",\"@id\":\"https:\/\/www.bibliaparalavida.com\/bo\/#website\",\"url\":\"https:\/\/www.bibliaparalavida.com\/bo\/\",\"name\":\"Biblia para la Vida BOLIVIA\",\"description\":\"Aplica la Biblia a tu vida\",\"publisher\":{\"@id\":\"https:\/\/www.bibliaparalavida.com\/bo\/#organization\"},\"potentialAction\":[{\"@type\":\"SearchAction\",\"target\":{\"@type\":\"EntryPoint\",\"urlTemplate\":\"https:\/\/www.bibliaparalavida.com\/bo\/?s={search_term_string}\"},\"query-input\":\"required name=search_term_string\"}],\"inLanguage\":\"es\"},{\"@type\":\"Organization\",\"@id\":\"https:\/\/www.bibliaparalavida.com\/bo\/#organization\",\"name\":\"Biblia para la Vida BOLIVIA\",\"url\":\"https:\/\/www.bibliaparalavida.com\/bo\/\",\"logo\":{\"@type\":\"ImageObject\",\"inLanguage\":\"es\",\"@id\":\"https:\/\/www.bibliaparalavida.com\/bo\/#\/schema\/logo\/image\/\",\"url\":\"https:\/\/www.bibliaparalavida.com\/bo\/wp-content\/uploads\/2024\/08\/Logo-BPLV-Horiz-320-BO.png\",\"contentUrl\":\"https:\/\/www.bibliaparalavida.com\/bo\/wp-content\/uploads\/2024\/08\/Logo-BPLV-Horiz-320-BO.png\",\"width\":320,\"height\":87,\"caption\":\"Biblia para la Vida BOLIVIA\"},\"image\":{\"@id\":\"https:\/\/www.bibliaparalavida.com\/bo\/#\/schema\/logo\/image\/\"},\"sameAs\":[\"https:\/\/www.facebook.com\/BibliaParaLaVida\",\"https:\/\/www.instagram.com\/bibliaparalavidaig\"]}]}<\/script>\n<!-- \/ Yoast SEO plugin. -->","yoast_head_json":{"title":"Promo Discipulado y Mentoreo (Digital) - Biblia para la Vida","description":"Manuales b\u00edblicos y pr\u00e1cticos para guiar a los creyentes desde los inicios de su vida cristiana hasta llegar a ser obreros o l\u00edderes en la iglesia.","robots":{"index":"index","follow":"follow","max-snippet":"max-snippet:-1","max-image-preview":"max-image-preview:large","max-video-preview":"max-video-preview:-1"},"canonical":"https:\/\/www.bibliaparalavida.com\/bo\/prod\/promo-discipulado-y-mentoreo-digital\/","og_locale":"es_ES","og_type":"article","og_title":"Promo Discipulado y Mentoreo (Digital) - Biblia para la Vida","og_description":"Manuales b\u00edblicos y pr\u00e1cticos para guiar a los creyentes desde los inicios de su vida cristiana hasta llegar a ser obreros o l\u00edderes en la iglesia.","og_url":"https:\/\/www.bibliaparalavida.com\/bo\/prod\/promo-discipulado-y-mentoreo-digital\/","og_site_name":"Biblia para la Vida","article_publisher":"https:\/\/www.facebook.com\/BibliaParaLaVida","article_modified_time":"2025-01-20T14:19:24+00:00","og_image":[{"width":1080,"height":1080,"url":"https:\/\/www.bibliaparalavida.com\/bo\/wp-content\/uploads\/2023\/10\/Promo-Discipulado-Mentoreo.jpg","type":"image\/jpeg"}],"twitter_card":"summary_large_image","twitter_misc":{"Tiempo de lectura":"1 minuto"},"schema":{"@context":"https:\/\/schema.org","@graph":[{"@type":"WebPage","@id":"https:\/\/www.bibliaparalavida.com\/bo\/prod\/promo-discipulado-y-mentoreo-digital\/","url":"https:\/\/www.bibliaparalavida.com\/bo\/prod\/promo-discipulado-y-mentoreo-digital\/","name":"Promo Discipulado y Mentoreo (Digital) - Biblia para la Vida","isPartOf":{"@id":"https:\/\/www.bibliaparalavida.com\/bo\/#website"},"primaryImageOfPage":{"@id":"https:\/\/www.bibliaparalavida.com\/bo\/prod\/promo-discipulado-y-mentoreo-digital\/#primaryimage"},"image":{"@id":"https:\/\/www.bibliaparalavida.com\/bo\/prod\/promo-discipulado-y-mentoreo-digital\/#primaryimage"},"thumbnailUrl":"https:\/\/www.bibliaparalavida.com\/bo\/wp-content\/uploads\/2023\/10\/Promo-Discipulado-Mentoreo.jpg","datePublished":"2024-11-05T21:22:18+00:00","dateModified":"2025-01-20T14:19:24+00:00","description":"Manuales b\u00edblicos y pr\u00e1cticos para guiar a los creyentes desde los inicios de su vida cristiana hasta llegar a ser obreros o l\u00edderes en la iglesia.","breadcrumb":{"@id":"https:\/\/www.bibliaparalavida.com\/bo\/prod\/promo-discipulado-y-mentoreo-digital\/#breadcrumb"},"inLanguage":"es","potentialAction":[{"@type":"ReadAction","target":["https:\/\/www.bibliaparalavida.com\/bo\/prod\/promo-discipulado-y-mentoreo-digital\/"]}]},{"@type":"ImageObject","inLanguage":"es","@id":"https:\/\/www.bibliaparalavida.com\/bo\/prod\/promo-discipulado-y-mentoreo-digital\/#primaryimage","url":"https:\/\/www.bibliaparalavida.com\/bo\/wp-content\/uploads\/2023\/10\/Promo-Discipulado-Mentoreo.jpg","contentUrl":"https:\/\/www.bibliaparalavida.com\/bo\/wp-content\/uploads\/2023\/10\/Promo-Discipulado-Mentoreo.jpg","width":1080,"height":1080,"caption":"Promo Discipulado y Mentoreo B\u00edblico"},{"@type":"BreadcrumbList","@id":"https:\/\/www.bibliaparalavida.com\/bo\/prod\/promo-discipulado-y-mentoreo-digital\/#breadcrumb","itemListElement":[{"@type":"ListItem","position":1,"name":"Portada","item":"https:\/\/www.bibliaparalavida.com\/bo\/"},{"@type":"ListItem","position":2,"name":"Manuales","item":"https:\/\/www.bibliaparalavida.com\/bo\/manuales\/"},{"@type":"ListItem","position":3,"name":"Promo Discipulado y Mentoreo (Digital)"}]},{"@type":"WebSite","@id":"https:\/\/www.bibliaparalavida.com\/bo\/#website","url":"https:\/\/www.bibliaparalavida.com\/bo\/","name":"Biblia para la Vida BOLIVIA","description":"Aplica la Biblia a tu vida","publisher":{"@id":"https:\/\/www.bibliaparalavida.com\/bo\/#organization"},"potentialAction":[{"@type":"SearchAction","target":{"@type":"EntryPoint","urlTemplate":"https:\/\/www.bibliaparalavida.com\/bo\/?s={search_term_string}"},"query-input":"required name=search_term_string"}],"inLanguage":"es"},{"@type":"Organization","@id":"https:\/\/www.bibliaparalavida.com\/bo\/#organization","name":"Biblia para la Vida BOLIVIA","url":"https:\/\/www.bibliaparalavida.com\/bo\/","logo":{"@type":"ImageObject","inLanguage":"es","@id":"https:\/\/www.bibliaparalavida.com\/bo\/#\/schema\/logo\/image\/","url":"https:\/\/www.bibliaparalavida.com\/bo\/wp-content\/uploads\/2024\/08\/Logo-BPLV-Horiz-320-BO.png","contentUrl":"https:\/\/www.bibliaparalavida.com\/bo\/wp-content\/uploads\/2024\/08\/Logo-BPLV-Horiz-320-BO.png","width":320,"height":87,"caption":"Biblia para la Vida BOLIVIA"},"image":{"@id":"https:\/\/www.bibliaparalavida.com\/bo\/#\/schema\/logo\/image\/"},"sameAs":["https:\/\/www.facebook.com\/BibliaParaLaVida","https:\/\/www.instagram.com\/bibliaparalavidaig"]}]}},"_links":{"self":[{"href":"https:\/\/www.bibliaparalavida.com\/bo\/wp-json\/wp\/v2\/product\/2586"}],"collection":[{"href":"https:\/\/www.bibliaparalavida.com\/bo\/wp-json\/wp\/v2\/product"}],"about":[{"href":"https:\/\/www.bibliaparalavida.com\/bo\/wp-json\/wp\/v2\/types\/product"}],"replies":[{"embeddable":true,"href":"https:\/\/www.bibliaparalavida.com\/bo\/wp-json\/wp\/v2\/comments?post=2586"}],"wp:featuredmedia":[{"embeddable":true,"href":"https:\/\/www.bibliaparalavida.com\/bo\/wp-json\/wp\/v2\/media\/2309"}],"wp:attachment":[{"href":"https:\/\/www.bibliaparalavida.com\/bo\/wp-json\/wp\/v2\/media?parent=2586"}],"wp:term":[{"taxonomy":"product_cat","embeddable":true,"href":"https:\/\/www.bibliaparalavida.com\/bo\/wp-json\/wp\/v2\/product_cat?post=2586"},{"taxonomy":"product_tag","embeddable":true,"href":"https:\/\/www.bibliaparalavida.com\/bo\/wp-json\/wp\/v2\/product_tag?post=2586"}],"curies":[{"name":"wp","href":"https:\/\/api.w.org\/{rel}","templated":true}]}}