{"id":2120,"date":"2025-05-19T13:00:34","date_gmt":"2025-05-19T13:00:34","guid":{"rendered":"https:\/\/www.bibliaparalavida.com\/bo\/?post_type=product&#038;p=2120"},"modified":"2026-02-25T15:29:27","modified_gmt":"2026-02-25T15:29:27","slug":"dones-y-ministerios","status":"publish","type":"product","link":"https:\/\/www.bibliaparalavida.com\/bo\/prod\/dones-y-ministerios\/","title":{"rendered":"Dones, Talentos y Ministerios (Digital)"},"content":{"rendered":"<p><a name=\"contenido\"><\/a><br \/>\n\u00bfPara qu\u00e9 estamos en este mundo? Lejos de ser un producto de la casualidad o del error, somos el resultado de un sue\u00f1o y un dise\u00f1o de Dios. \u00c9l nos pens\u00f3, nos imagin\u00f3, so\u00f1\u00f3 con lo que ser\u00edamos y lo que har\u00edamos. \u00bfNo es eso maravilloso?<\/p>\n<p>Dios nos cre\u00f3 con un prop\u00f3sito definido, es por eso que ha puesto en cada uno de nosotros habilidades, deseos, intereses, fortalezas e incluso debilidades. Todo eso, para que le sirvi\u00e9ramos. \u00bfY c\u00f3mo servimos a Dios? Sirviendo a las personas.<\/p>\n<p>Este libro tiene el prop\u00f3sito de guiarte en el proceso de identificar, de manera b\u00edblica y pr\u00e1ctica, los dones y talentos que el Se\u00f1or ya ha puesto en ti, con el fin de que los desarrolles y los pongas al servicio de las personas que te rodean.<\/p>\n<p>Si est\u00e1s buscando el prop\u00f3sito de Dios para tu vida y tu rol en el Cuerpo de Cristo, este libro te ser\u00e1 de gran ayuda.<\/p>\n<h3>Contenido del libro<\/h3>\n<ul>\n<li>Introducci\u00f3n: Mi propia experiencia<\/li>\n<li>Formados para servir a Dios<\/li>\n<li>Servimos a Dios sirviendo a las personas<\/li>\n<li>Introducci\u00f3n a los Talentos Naturales<\/li>\n<li>Introducci\u00f3n a los Dones Espirituales<\/li>\n<li>Dones de revelaci\u00f3n<\/li>\n<li>Dones de inspiraci\u00f3n<\/li>\n<li>Dones de poder<\/li>\n<li>Dones y frutos<\/li>\n<li>\u00a1Ponte en marcha!<\/li>\n<li>Introducci\u00f3n a los 5 Ministerios<\/li>\n<li>Ministerio de Ap\u00f3stol<\/li>\n<li>Ministerio de Profeta<\/li>\n<li>Ministerio de Evangelista<\/li>\n<li>Ministerio de Pastor<\/li>\n<li>Ministerio de Maestro<\/li>\n<li>Apl\u00edcalo a tu vida<\/li>\n<li>Test de dones<\/li>\n<\/ul>\n<p><a style=\"padding: 8px; background-color: #0f9d58; font-weight: bold; text-align: center; color: #fff; border-radius: 5px;\" href=\"https:\/\/wa.me\/5493513073050?text=Quisiera%20un%20Demo%20del%20Libro%20Dones,%20Talentos%20y%20Ministerios.\"><img decoding=\"async\" style=\"float: left, margin-right:10px; margin-bottom: -7px; margin-right: 5px;\" src=\"https:\/\/www.bibliaparalavida.com\/bo\/bo\/wp-content\/uploads\/2020\/12\/WhatsApp-icon.png\" alt=\"WhatsApp\" width=\"24\" height=\"24\" \/>SOLICITA UNA DEMO EN PDF<\/a><\/p>\n<div style=\"clear: both; height: 10px;\"><\/div>\n","protected":false},"excerpt":{"rendered":"<p>Este libro tiene el prop\u00f3sito de guiarte en el proceso de identificar, de manera b\u00edblica y pr\u00e1ctica, los dones, talentos y ministerios que el Se\u00f1or ya ha puesto en ti, con el fin de que los desarrolles y los pongas al servicio de las personas que te rodean.<\/p>\n<p><strong>C\u00f3mpralo aqu\u00ed en digital <\/strong>y l\u00e9elo en nuestra <a href=\"https:\/\/bibliaparalavida.com\/la\/app\/\" rel=\"noopener\">App.<\/a><\/p>\n<p><a style=\"padding: 8px; background-color: #0f9d58; font-weight: bold; text-align: center; color: #fff; border-radius: 5px;\" href=\"https:\/\/wa.me\/5493513073050?text=Quisiera%20un%20Demo%20del%20Libro%20Dones,%20Talentos%20y%20Ministerios.\"><img decoding=\"async\" style=\"float: left, margin-right:10px; margin-bottom: -7px; margin-right: 5px;\" src=\"https:\/\/www.bibliaparalavida.com\/bo\/bo\/wp-content\/uploads\/2020\/12\/WhatsApp-icon.png\" alt=\"WhatsApp\" width=\"24\" height=\"24\" \/>SOLICITA UN DEMO EN PDF<\/a><\/p>\n","protected":false},"featured_media":2121,"comment_status":"closed","ping_status":"closed","template":"","meta":{"_joinchat":[]},"product_cat":[63,51],"product_tag":[67],"class_list":{"0":"post-2120","1":"product","2":"type-product","3":"status-publish","4":"has-post-thumbnail","6":"product_cat-libros","7":"product_cat-mentoreo-biblico","8":"product_tag-billy-saint","10":"first","11":"instock","12":"shipping-taxable","13":"purchasable","14":"product-type-simple"},"yoast_head":"<!-- This site is optimized with the Yoast SEO plugin v23.1 - https:\/\/yoast.com\/wordpress\/plugins\/seo\/ -->\n<title>Dones, Talentos y Ministerios (Digital) - Biblia para la Vida<\/title>\n<meta name=\"robots\" content=\"index, follow, max-snippet:-1, max-image-preview:large, max-video-preview:-1\" \/>\n<link rel=\"canonical\" href=\"https:\/\/www.bibliaparalavida.com\/bo\/prod\/dones-y-ministerios\/\" \/>\n<meta property=\"og:locale\" content=\"es_ES\" \/>\n<meta property=\"og:type\" content=\"article\" \/>\n<meta property=\"og:title\" content=\"Dones, Talentos y Ministerios (Digital) - Biblia para la Vida\" \/>\n<meta property=\"og:description\" content=\"Este libro tiene el prop\u00f3sito de guiarte en el proceso de identificar, de manera b\u00edblica y pr\u00e1ctica, los dones, talentos y ministerios que el Se\u00f1or ya ha puesto en ti, con el fin de que los desarrolles y los pongas al servicio de las personas que te rodean.  C\u00f3mpralo aqu\u00ed en digital y l\u00e9elo en nuestra App.  SOLICITA UN DEMO EN PDF\" \/>\n<meta property=\"og:url\" content=\"https:\/\/www.bibliaparalavida.com\/bo\/prod\/dones-y-ministerios\/\" \/>\n<meta property=\"og:site_name\" content=\"Biblia para la Vida\" \/>\n<meta property=\"article:publisher\" content=\"https:\/\/www.facebook.com\/BibliaParaLaVida\" \/>\n<meta property=\"article:modified_time\" content=\"2026-02-25T15:29:27+00:00\" \/>\n<meta property=\"og:image\" content=\"https:\/\/www.bibliaparalavida.com\/bo\/wp-content\/uploads\/2023\/06\/DTM-Tapa.jpg\" \/>\n\t<meta property=\"og:image:width\" content=\"1190\" \/>\n\t<meta property=\"og:image:height\" content=\"1190\" \/>\n\t<meta property=\"og:image:type\" content=\"image\/jpeg\" \/>\n<meta name=\"twitter:card\" content=\"summary_large_image\" \/>\n<meta name=\"twitter:label1\" content=\"Tiempo de lectura\" \/>\n\t<meta name=\"twitter:data1\" content=\"2 minutos\" \/>\n<script type=\"application\/ld+json\" class=\"yoast-schema-graph\">{\"@context\":\"https:\/\/schema.org\",\"@graph\":[{\"@type\":\"WebPage\",\"@id\":\"https:\/\/www.bibliaparalavida.com\/bo\/prod\/dones-y-ministerios\/\",\"url\":\"https:\/\/www.bibliaparalavida.com\/bo\/prod\/dones-y-ministerios\/\",\"name\":\"Dones, Talentos y Ministerios (Digital) - Biblia para la Vida\",\"isPartOf\":{\"@id\":\"https:\/\/www.bibliaparalavida.com\/bo\/#website\"},\"primaryImageOfPage\":{\"@id\":\"https:\/\/www.bibliaparalavida.com\/bo\/prod\/dones-y-ministerios\/#primaryimage\"},\"image\":{\"@id\":\"https:\/\/www.bibliaparalavida.com\/bo\/prod\/dones-y-ministerios\/#primaryimage\"},\"thumbnailUrl\":\"https:\/\/www.bibliaparalavida.com\/bo\/wp-content\/uploads\/2023\/06\/DTM-Tapa.jpg\",\"datePublished\":\"2025-05-19T13:00:34+00:00\",\"dateModified\":\"2026-02-25T15:29:27+00:00\",\"breadcrumb\":{\"@id\":\"https:\/\/www.bibliaparalavida.com\/bo\/prod\/dones-y-ministerios\/#breadcrumb\"},\"inLanguage\":\"es\",\"potentialAction\":[{\"@type\":\"ReadAction\",\"target\":[\"https:\/\/www.bibliaparalavida.com\/bo\/prod\/dones-y-ministerios\/\"]}]},{\"@type\":\"ImageObject\",\"inLanguage\":\"es\",\"@id\":\"https:\/\/www.bibliaparalavida.com\/bo\/prod\/dones-y-ministerios\/#primaryimage\",\"url\":\"https:\/\/www.bibliaparalavida.com\/bo\/wp-content\/uploads\/2023\/06\/DTM-Tapa.jpg\",\"contentUrl\":\"https:\/\/www.bibliaparalavida.com\/bo\/wp-content\/uploads\/2023\/06\/DTM-Tapa.jpg\",\"width\":1190,\"height\":1190,\"caption\":\"Dones, Talentos y Ministerios\"},{\"@type\":\"BreadcrumbList\",\"@id\":\"https:\/\/www.bibliaparalavida.com\/bo\/prod\/dones-y-ministerios\/#breadcrumb\",\"itemListElement\":[{\"@type\":\"ListItem\",\"position\":1,\"name\":\"Portada\",\"item\":\"https:\/\/www.bibliaparalavida.com\/bo\/\"},{\"@type\":\"ListItem\",\"position\":2,\"name\":\"Manuales\",\"item\":\"https:\/\/www.bibliaparalavida.com\/bo\/manuales\/\"},{\"@type\":\"ListItem\",\"position\":3,\"name\":\"Dones, Talentos y Ministerios (Digital)\"}]},{\"@type\":\"WebSite\",\"@id\":\"https:\/\/www.bibliaparalavida.com\/bo\/#website\",\"url\":\"https:\/\/www.bibliaparalavida.com\/bo\/\",\"name\":\"Biblia para la Vida BOLIVIA\",\"description\":\"Aplica la Biblia a tu vida\",\"publisher\":{\"@id\":\"https:\/\/www.bibliaparalavida.com\/bo\/#organization\"},\"potentialAction\":[{\"@type\":\"SearchAction\",\"target\":{\"@type\":\"EntryPoint\",\"urlTemplate\":\"https:\/\/www.bibliaparalavida.com\/bo\/?s={search_term_string}\"},\"query-input\":\"required name=search_term_string\"}],\"inLanguage\":\"es\"},{\"@type\":\"Organization\",\"@id\":\"https:\/\/www.bibliaparalavida.com\/bo\/#organization\",\"name\":\"Biblia para la Vida BOLIVIA\",\"url\":\"https:\/\/www.bibliaparalavida.com\/bo\/\",\"logo\":{\"@type\":\"ImageObject\",\"inLanguage\":\"es\",\"@id\":\"https:\/\/www.bibliaparalavida.com\/bo\/#\/schema\/logo\/image\/\",\"url\":\"https:\/\/www.bibliaparalavida.com\/bo\/wp-content\/uploads\/2024\/08\/Logo-BPLV-Horiz-320-BO.png\",\"contentUrl\":\"https:\/\/www.bibliaparalavida.com\/bo\/wp-content\/uploads\/2024\/08\/Logo-BPLV-Horiz-320-BO.png\",\"width\":320,\"height\":87,\"caption\":\"Biblia para la Vida BOLIVIA\"},\"image\":{\"@id\":\"https:\/\/www.bibliaparalavida.com\/bo\/#\/schema\/logo\/image\/\"},\"sameAs\":[\"https:\/\/www.facebook.com\/BibliaParaLaVida\",\"https:\/\/www.instagram.com\/bibliaparalavidaig\"]}]}<\/script>\n<!-- \/ Yoast SEO plugin. -->","yoast_head_json":{"title":"Dones, Talentos y Ministerios (Digital) - Biblia para la Vida","robots":{"index":"index","follow":"follow","max-snippet":"max-snippet:-1","max-image-preview":"max-image-preview:large","max-video-preview":"max-video-preview:-1"},"canonical":"https:\/\/www.bibliaparalavida.com\/bo\/prod\/dones-y-ministerios\/","og_locale":"es_ES","og_type":"article","og_title":"Dones, Talentos y Ministerios (Digital) - Biblia para la Vida","og_description":"Este libro tiene el prop\u00f3sito de guiarte en el proceso de identificar, de manera b\u00edblica y pr\u00e1ctica, los dones, talentos y ministerios que el Se\u00f1or ya ha puesto en ti, con el fin de que los desarrolles y los pongas al servicio de las personas que te rodean.  C\u00f3mpralo aqu\u00ed en digital y l\u00e9elo en nuestra App.  SOLICITA UN DEMO EN PDF","og_url":"https:\/\/www.bibliaparalavida.com\/bo\/prod\/dones-y-ministerios\/","og_site_name":"Biblia para la Vida","article_publisher":"https:\/\/www.facebook.com\/BibliaParaLaVida","article_modified_time":"2026-02-25T15:29:27+00:00","og_image":[{"width":1190,"height":1190,"url":"https:\/\/www.bibliaparalavida.com\/bo\/wp-content\/uploads\/2023\/06\/DTM-Tapa.jpg","type":"image\/jpeg"}],"twitter_card":"summary_large_image","twitter_misc":{"Tiempo de lectura":"2 minutos"},"schema":{"@context":"https:\/\/schema.org","@graph":[{"@type":"WebPage","@id":"https:\/\/www.bibliaparalavida.com\/bo\/prod\/dones-y-ministerios\/","url":"https:\/\/www.bibliaparalavida.com\/bo\/prod\/dones-y-ministerios\/","name":"Dones, Talentos y Ministerios (Digital) - Biblia para la Vida","isPartOf":{"@id":"https:\/\/www.bibliaparalavida.com\/bo\/#website"},"primaryImageOfPage":{"@id":"https:\/\/www.bibliaparalavida.com\/bo\/prod\/dones-y-ministerios\/#primaryimage"},"image":{"@id":"https:\/\/www.bibliaparalavida.com\/bo\/prod\/dones-y-ministerios\/#primaryimage"},"thumbnailUrl":"https:\/\/www.bibliaparalavida.com\/bo\/wp-content\/uploads\/2023\/06\/DTM-Tapa.jpg","datePublished":"2025-05-19T13:00:34+00:00","dateModified":"2026-02-25T15:29:27+00:00","breadcrumb":{"@id":"https:\/\/www.bibliaparalavida.com\/bo\/prod\/dones-y-ministerios\/#breadcrumb"},"inLanguage":"es","potentialAction":[{"@type":"ReadAction","target":["https:\/\/www.bibliaparalavida.com\/bo\/prod\/dones-y-ministerios\/"]}]},{"@type":"ImageObject","inLanguage":"es","@id":"https:\/\/www.bibliaparalavida.com\/bo\/prod\/dones-y-ministerios\/#primaryimage","url":"https:\/\/www.bibliaparalavida.com\/bo\/wp-content\/uploads\/2023\/06\/DTM-Tapa.jpg","contentUrl":"https:\/\/www.bibliaparalavida.com\/bo\/wp-content\/uploads\/2023\/06\/DTM-Tapa.jpg","width":1190,"height":1190,"caption":"Dones, Talentos y Ministerios"},{"@type":"BreadcrumbList","@id":"https:\/\/www.bibliaparalavida.com\/bo\/prod\/dones-y-ministerios\/#breadcrumb","itemListElement":[{"@type":"ListItem","position":1,"name":"Portada","item":"https:\/\/www.bibliaparalavida.com\/bo\/"},{"@type":"ListItem","position":2,"name":"Manuales","item":"https:\/\/www.bibliaparalavida.com\/bo\/manuales\/"},{"@type":"ListItem","position":3,"name":"Dones, Talentos y Ministerios (Digital)"}]},{"@type":"WebSite","@id":"https:\/\/www.bibliaparalavida.com\/bo\/#website","url":"https:\/\/www.bibliaparalavida.com\/bo\/","name":"Biblia para la Vida BOLIVIA","description":"Aplica la Biblia a tu vida","publisher":{"@id":"https:\/\/www.bibliaparalavida.com\/bo\/#organization"},"potentialAction":[{"@type":"SearchAction","target":{"@type":"EntryPoint","urlTemplate":"https:\/\/www.bibliaparalavida.com\/bo\/?s={search_term_string}"},"query-input":"required name=search_term_string"}],"inLanguage":"es"},{"@type":"Organization","@id":"https:\/\/www.bibliaparalavida.com\/bo\/#organization","name":"Biblia para la Vida BOLIVIA","url":"https:\/\/www.bibliaparalavida.com\/bo\/","logo":{"@type":"ImageObject","inLanguage":"es","@id":"https:\/\/www.bibliaparalavida.com\/bo\/#\/schema\/logo\/image\/","url":"https:\/\/www.bibliaparalavida.com\/bo\/wp-content\/uploads\/2024\/08\/Logo-BPLV-Horiz-320-BO.png","contentUrl":"https:\/\/www.bibliaparalavida.com\/bo\/wp-content\/uploads\/2024\/08\/Logo-BPLV-Horiz-320-BO.png","width":320,"height":87,"caption":"Biblia para la Vida BOLIVIA"},"image":{"@id":"https:\/\/www.bibliaparalavida.com\/bo\/#\/schema\/logo\/image\/"},"sameAs":["https:\/\/www.facebook.com\/BibliaParaLaVida","https:\/\/www.instagram.com\/bibliaparalavidaig"]}]}},"_links":{"self":[{"href":"https:\/\/www.bibliaparalavida.com\/bo\/wp-json\/wp\/v2\/product\/2120"}],"collection":[{"href":"https:\/\/www.bibliaparalavida.com\/bo\/wp-json\/wp\/v2\/product"}],"about":[{"href":"https:\/\/www.bibliaparalavida.com\/bo\/wp-json\/wp\/v2\/types\/product"}],"replies":[{"embeddable":true,"href":"https:\/\/www.bibliaparalavida.com\/bo\/wp-json\/wp\/v2\/comments?post=2120"}],"wp:featuredmedia":[{"embeddable":true,"href":"https:\/\/www.bibliaparalavida.com\/bo\/wp-json\/wp\/v2\/media\/2121"}],"wp:attachment":[{"href":"https:\/\/www.bibliaparalavida.com\/bo\/wp-json\/wp\/v2\/media?parent=2120"}],"wp:term":[{"taxonomy":"product_cat","embeddable":true,"href":"https:\/\/www.bibliaparalavida.com\/bo\/wp-json\/wp\/v2\/product_cat?post=2120"},{"taxonomy":"product_tag","embeddable":true,"href":"https:\/\/www.bibliaparalavida.com\/bo\/wp-json\/wp\/v2\/product_tag?post=2120"}],"curies":[{"name":"wp","href":"https:\/\/api.w.org\/{rel}","templated":true}]}}