{"id":2101,"date":"2023-05-09T13:10:13","date_gmt":"2023-05-09T13:10:13","guid":{"rendered":"https:\/\/www.bibliaparalavida.com\/bo\/?post_type=product&#038;p=2101"},"modified":"2025-01-20T14:12:49","modified_gmt":"2025-01-20T14:12:49","slug":"perlitas-de-proverbios","status":"publish","type":"product","link":"https:\/\/www.bibliaparalavida.com\/bo\/prod\/perlitas-de-proverbios\/","title":{"rendered":"Perlitas de Proverbios (Digital)"},"content":{"rendered":"<p>El libro de Proverbios contiene cientos de consejos breves y sencillos sobre c\u00f3mo vivir con sabidur\u00eda. Estos proverbios son m\u00e1s que dichos sabios: est\u00e1n basados en el respeto a Dios y a su voluntad.<\/p>\n<p>De todo ese bagaje de sabidur\u00eda, me pareci\u00f3 bien seleccionar 60 \u201cperlitas\u201d, o proverbios destacados, que consider\u00e9 los m\u00e1s relevantes, y darles una aplicaci\u00f3n pr\u00e1ctica para nuestro diario vivir.<\/p>\n<p><a href=\"https:\/\/www.bibliaparalavida.com\/bo\/acerca-del-autor\/\">Billy Saint<\/a><\/p>\n<p><a style=\"padding: 8px; background-color: #0f9d58; font-weight: bold; text-align: center; color: #fff; border-radius: 5px;\" href=\"https:\/\/wa.me\/5493513073050?text=Quisiera%20un%20Demo%20del%20libro%20Perlitas%20de%20Proverbios.\"><img decoding=\"async\" style=\"float: left, margin-right:10px; margin-bottom: -7px; margin-right: 5px;\" src=\"https:\/\/www.bibliaparalavida.com\/bo\/bo\/wp-content\/uploads\/2020\/12\/WhatsApp-icon.png\" alt=\"WhatsApp\" width=\"24\" height=\"24\" \/>SOLICITA UNA DEMO EN PDF<\/a><\/p>\n","protected":false},"excerpt":{"rendered":"<p><em><strong>Perlitas de Proverbios <\/strong><\/em>es un libro de bolsillo con una selecci\u00f3n de 60 proverbios b\u00edblicos destacados, cada uno acompa\u00f1ado con una breve reflexi\u00f3n b\u00edblica y pr\u00e1ctica.<\/p>\n<p><strong>C\u00f3mpralo aqu\u00ed en digital <\/strong>y l\u00e9elo en nuestra <a href=\"https:\/\/bibliaparalavida.com\/la\/app\/\" rel=\"noopener\">App.<\/a><\/p>\n<p><a style=\"padding: 8px; background-color: #0f9d58; font-weight: bold; text-align: center; color: #fff; border-radius: 5px;\" href=\"https:\/\/wa.me\/5493513073050?text=Quisiera%20un%20Demo%20del%20libro%20Perlitas%20de%20Proverbios.\"><img decoding=\"async\" style=\"float: left, margin-right:10px; margin-bottom: -7px; margin-right: 5px;\" src=\"https:\/\/www.bibliaparalavida.com\/bo\/bo\/wp-content\/uploads\/2020\/12\/WhatsApp-icon.png\" alt=\"WhatsApp\" width=\"24\" height=\"24\" \/>SOLICITA UNA DEMO EN PDF<\/a><\/p>\n<div style=\"clear: both; height: 10px;\"><\/div>\n","protected":false},"featured_media":2103,"comment_status":"closed","ping_status":"closed","template":"","meta":{"_joinchat":[]},"product_cat":[63],"product_tag":[67],"class_list":{"0":"post-2101","1":"product","2":"type-product","3":"status-publish","4":"has-post-thumbnail","6":"product_cat-libros","7":"product_tag-billy-saint","9":"first","10":"instock","11":"shipping-taxable","12":"purchasable","13":"product-type-simple"},"yoast_head":"<!-- This site is optimized with the Yoast SEO plugin v23.1 - https:\/\/yoast.com\/wordpress\/plugins\/seo\/ -->\n<title>Perlitas de Proverbios (Digital) - Biblia para la Vida<\/title>\n<meta name=\"robots\" content=\"index, follow, max-snippet:-1, max-image-preview:large, max-video-preview:-1\" \/>\n<link rel=\"canonical\" href=\"https:\/\/www.bibliaparalavida.com\/bo\/prod\/perlitas-de-proverbios\/\" \/>\n<meta property=\"og:locale\" content=\"es_ES\" \/>\n<meta property=\"og:type\" content=\"article\" \/>\n<meta property=\"og:title\" content=\"Perlitas de Proverbios (Digital) - Biblia para la Vida\" \/>\n<meta property=\"og:description\" content=\"Perlitas de Proverbios es un libro de bolsillo con una selecci\u00f3n de 60 proverbios b\u00edblicos destacados, cada uno acompa\u00f1ado con una breve reflexi\u00f3n b\u00edblica y pr\u00e1ctica.  C\u00f3mpralo aqu\u00ed en digital y l\u00e9elo en nuestra App.  SOLICITA UNA DEMO EN PDF\" \/>\n<meta property=\"og:url\" content=\"https:\/\/www.bibliaparalavida.com\/bo\/prod\/perlitas-de-proverbios\/\" \/>\n<meta property=\"og:site_name\" content=\"Biblia para la Vida\" \/>\n<meta property=\"article:publisher\" content=\"https:\/\/www.facebook.com\/BibliaParaLaVida\" \/>\n<meta property=\"article:modified_time\" content=\"2025-01-20T14:12:49+00:00\" \/>\n<meta property=\"og:image\" content=\"https:\/\/www.bibliaparalavida.com\/bo\/wp-content\/uploads\/2023\/05\/Perlitas-de-Proverbios-tapa.jpg\" \/>\n\t<meta property=\"og:image:width\" content=\"1053\" \/>\n\t<meta property=\"og:image:height\" content=\"1053\" \/>\n\t<meta property=\"og:image:type\" content=\"image\/jpeg\" \/>\n<meta name=\"twitter:card\" content=\"summary_large_image\" \/>\n<meta name=\"twitter:label1\" content=\"Tiempo de lectura\" \/>\n\t<meta name=\"twitter:data1\" content=\"1 minuto\" \/>\n<script type=\"application\/ld+json\" class=\"yoast-schema-graph\">{\"@context\":\"https:\/\/schema.org\",\"@graph\":[{\"@type\":\"WebPage\",\"@id\":\"https:\/\/www.bibliaparalavida.com\/bo\/prod\/perlitas-de-proverbios\/\",\"url\":\"https:\/\/www.bibliaparalavida.com\/bo\/prod\/perlitas-de-proverbios\/\",\"name\":\"Perlitas de Proverbios (Digital) - Biblia para la Vida\",\"isPartOf\":{\"@id\":\"https:\/\/www.bibliaparalavida.com\/bo\/#website\"},\"primaryImageOfPage\":{\"@id\":\"https:\/\/www.bibliaparalavida.com\/bo\/prod\/perlitas-de-proverbios\/#primaryimage\"},\"image\":{\"@id\":\"https:\/\/www.bibliaparalavida.com\/bo\/prod\/perlitas-de-proverbios\/#primaryimage\"},\"thumbnailUrl\":\"https:\/\/www.bibliaparalavida.com\/bo\/wp-content\/uploads\/2023\/05\/Perlitas-de-Proverbios-tapa.jpg\",\"datePublished\":\"2023-05-09T13:10:13+00:00\",\"dateModified\":\"2025-01-20T14:12:49+00:00\",\"breadcrumb\":{\"@id\":\"https:\/\/www.bibliaparalavida.com\/bo\/prod\/perlitas-de-proverbios\/#breadcrumb\"},\"inLanguage\":\"es\",\"potentialAction\":[{\"@type\":\"ReadAction\",\"target\":[\"https:\/\/www.bibliaparalavida.com\/bo\/prod\/perlitas-de-proverbios\/\"]}]},{\"@type\":\"ImageObject\",\"inLanguage\":\"es\",\"@id\":\"https:\/\/www.bibliaparalavida.com\/bo\/prod\/perlitas-de-proverbios\/#primaryimage\",\"url\":\"https:\/\/www.bibliaparalavida.com\/bo\/wp-content\/uploads\/2023\/05\/Perlitas-de-Proverbios-tapa.jpg\",\"contentUrl\":\"https:\/\/www.bibliaparalavida.com\/bo\/wp-content\/uploads\/2023\/05\/Perlitas-de-Proverbios-tapa.jpg\",\"width\":1053,\"height\":1053,\"caption\":\"Perlitas de Proverbios\"},{\"@type\":\"BreadcrumbList\",\"@id\":\"https:\/\/www.bibliaparalavida.com\/bo\/prod\/perlitas-de-proverbios\/#breadcrumb\",\"itemListElement\":[{\"@type\":\"ListItem\",\"position\":1,\"name\":\"Portada\",\"item\":\"https:\/\/www.bibliaparalavida.com\/bo\/\"},{\"@type\":\"ListItem\",\"position\":2,\"name\":\"Manuales\",\"item\":\"https:\/\/www.bibliaparalavida.com\/bo\/manuales\/\"},{\"@type\":\"ListItem\",\"position\":3,\"name\":\"Perlitas de Proverbios (Digital)\"}]},{\"@type\":\"WebSite\",\"@id\":\"https:\/\/www.bibliaparalavida.com\/bo\/#website\",\"url\":\"https:\/\/www.bibliaparalavida.com\/bo\/\",\"name\":\"Biblia para la Vida BOLIVIA\",\"description\":\"Aplica la Biblia a tu vida\",\"publisher\":{\"@id\":\"https:\/\/www.bibliaparalavida.com\/bo\/#organization\"},\"potentialAction\":[{\"@type\":\"SearchAction\",\"target\":{\"@type\":\"EntryPoint\",\"urlTemplate\":\"https:\/\/www.bibliaparalavida.com\/bo\/?s={search_term_string}\"},\"query-input\":\"required name=search_term_string\"}],\"inLanguage\":\"es\"},{\"@type\":\"Organization\",\"@id\":\"https:\/\/www.bibliaparalavida.com\/bo\/#organization\",\"name\":\"Biblia para la Vida BOLIVIA\",\"url\":\"https:\/\/www.bibliaparalavida.com\/bo\/\",\"logo\":{\"@type\":\"ImageObject\",\"inLanguage\":\"es\",\"@id\":\"https:\/\/www.bibliaparalavida.com\/bo\/#\/schema\/logo\/image\/\",\"url\":\"https:\/\/www.bibliaparalavida.com\/bo\/wp-content\/uploads\/2024\/08\/Logo-BPLV-Horiz-320-BO.png\",\"contentUrl\":\"https:\/\/www.bibliaparalavida.com\/bo\/wp-content\/uploads\/2024\/08\/Logo-BPLV-Horiz-320-BO.png\",\"width\":320,\"height\":87,\"caption\":\"Biblia para la Vida BOLIVIA\"},\"image\":{\"@id\":\"https:\/\/www.bibliaparalavida.com\/bo\/#\/schema\/logo\/image\/\"},\"sameAs\":[\"https:\/\/www.facebook.com\/BibliaParaLaVida\",\"https:\/\/www.instagram.com\/bibliaparalavidaig\"]}]}<\/script>\n<!-- \/ Yoast SEO plugin. -->","yoast_head_json":{"title":"Perlitas de Proverbios (Digital) - Biblia para la Vida","robots":{"index":"index","follow":"follow","max-snippet":"max-snippet:-1","max-image-preview":"max-image-preview:large","max-video-preview":"max-video-preview:-1"},"canonical":"https:\/\/www.bibliaparalavida.com\/bo\/prod\/perlitas-de-proverbios\/","og_locale":"es_ES","og_type":"article","og_title":"Perlitas de Proverbios (Digital) - Biblia para la Vida","og_description":"Perlitas de Proverbios es un libro de bolsillo con una selecci\u00f3n de 60 proverbios b\u00edblicos destacados, cada uno acompa\u00f1ado con una breve reflexi\u00f3n b\u00edblica y pr\u00e1ctica.  C\u00f3mpralo aqu\u00ed en digital y l\u00e9elo en nuestra App.  SOLICITA UNA DEMO EN PDF","og_url":"https:\/\/www.bibliaparalavida.com\/bo\/prod\/perlitas-de-proverbios\/","og_site_name":"Biblia para la Vida","article_publisher":"https:\/\/www.facebook.com\/BibliaParaLaVida","article_modified_time":"2025-01-20T14:12:49+00:00","og_image":[{"width":1053,"height":1053,"url":"https:\/\/www.bibliaparalavida.com\/bo\/wp-content\/uploads\/2023\/05\/Perlitas-de-Proverbios-tapa.jpg","type":"image\/jpeg"}],"twitter_card":"summary_large_image","twitter_misc":{"Tiempo de lectura":"1 minuto"},"schema":{"@context":"https:\/\/schema.org","@graph":[{"@type":"WebPage","@id":"https:\/\/www.bibliaparalavida.com\/bo\/prod\/perlitas-de-proverbios\/","url":"https:\/\/www.bibliaparalavida.com\/bo\/prod\/perlitas-de-proverbios\/","name":"Perlitas de Proverbios (Digital) - Biblia para la Vida","isPartOf":{"@id":"https:\/\/www.bibliaparalavida.com\/bo\/#website"},"primaryImageOfPage":{"@id":"https:\/\/www.bibliaparalavida.com\/bo\/prod\/perlitas-de-proverbios\/#primaryimage"},"image":{"@id":"https:\/\/www.bibliaparalavida.com\/bo\/prod\/perlitas-de-proverbios\/#primaryimage"},"thumbnailUrl":"https:\/\/www.bibliaparalavida.com\/bo\/wp-content\/uploads\/2023\/05\/Perlitas-de-Proverbios-tapa.jpg","datePublished":"2023-05-09T13:10:13+00:00","dateModified":"2025-01-20T14:12:49+00:00","breadcrumb":{"@id":"https:\/\/www.bibliaparalavida.com\/bo\/prod\/perlitas-de-proverbios\/#breadcrumb"},"inLanguage":"es","potentialAction":[{"@type":"ReadAction","target":["https:\/\/www.bibliaparalavida.com\/bo\/prod\/perlitas-de-proverbios\/"]}]},{"@type":"ImageObject","inLanguage":"es","@id":"https:\/\/www.bibliaparalavida.com\/bo\/prod\/perlitas-de-proverbios\/#primaryimage","url":"https:\/\/www.bibliaparalavida.com\/bo\/wp-content\/uploads\/2023\/05\/Perlitas-de-Proverbios-tapa.jpg","contentUrl":"https:\/\/www.bibliaparalavida.com\/bo\/wp-content\/uploads\/2023\/05\/Perlitas-de-Proverbios-tapa.jpg","width":1053,"height":1053,"caption":"Perlitas de Proverbios"},{"@type":"BreadcrumbList","@id":"https:\/\/www.bibliaparalavida.com\/bo\/prod\/perlitas-de-proverbios\/#breadcrumb","itemListElement":[{"@type":"ListItem","position":1,"name":"Portada","item":"https:\/\/www.bibliaparalavida.com\/bo\/"},{"@type":"ListItem","position":2,"name":"Manuales","item":"https:\/\/www.bibliaparalavida.com\/bo\/manuales\/"},{"@type":"ListItem","position":3,"name":"Perlitas de Proverbios (Digital)"}]},{"@type":"WebSite","@id":"https:\/\/www.bibliaparalavida.com\/bo\/#website","url":"https:\/\/www.bibliaparalavida.com\/bo\/","name":"Biblia para la Vida BOLIVIA","description":"Aplica la Biblia a tu vida","publisher":{"@id":"https:\/\/www.bibliaparalavida.com\/bo\/#organization"},"potentialAction":[{"@type":"SearchAction","target":{"@type":"EntryPoint","urlTemplate":"https:\/\/www.bibliaparalavida.com\/bo\/?s={search_term_string}"},"query-input":"required name=search_term_string"}],"inLanguage":"es"},{"@type":"Organization","@id":"https:\/\/www.bibliaparalavida.com\/bo\/#organization","name":"Biblia para la Vida BOLIVIA","url":"https:\/\/www.bibliaparalavida.com\/bo\/","logo":{"@type":"ImageObject","inLanguage":"es","@id":"https:\/\/www.bibliaparalavida.com\/bo\/#\/schema\/logo\/image\/","url":"https:\/\/www.bibliaparalavida.com\/bo\/wp-content\/uploads\/2024\/08\/Logo-BPLV-Horiz-320-BO.png","contentUrl":"https:\/\/www.bibliaparalavida.com\/bo\/wp-content\/uploads\/2024\/08\/Logo-BPLV-Horiz-320-BO.png","width":320,"height":87,"caption":"Biblia para la Vida BOLIVIA"},"image":{"@id":"https:\/\/www.bibliaparalavida.com\/bo\/#\/schema\/logo\/image\/"},"sameAs":["https:\/\/www.facebook.com\/BibliaParaLaVida","https:\/\/www.instagram.com\/bibliaparalavidaig"]}]}},"_links":{"self":[{"href":"https:\/\/www.bibliaparalavida.com\/bo\/wp-json\/wp\/v2\/product\/2101"}],"collection":[{"href":"https:\/\/www.bibliaparalavida.com\/bo\/wp-json\/wp\/v2\/product"}],"about":[{"href":"https:\/\/www.bibliaparalavida.com\/bo\/wp-json\/wp\/v2\/types\/product"}],"replies":[{"embeddable":true,"href":"https:\/\/www.bibliaparalavida.com\/bo\/wp-json\/wp\/v2\/comments?post=2101"}],"wp:featuredmedia":[{"embeddable":true,"href":"https:\/\/www.bibliaparalavida.com\/bo\/wp-json\/wp\/v2\/media\/2103"}],"wp:attachment":[{"href":"https:\/\/www.bibliaparalavida.com\/bo\/wp-json\/wp\/v2\/media?parent=2101"}],"wp:term":[{"taxonomy":"product_cat","embeddable":true,"href":"https:\/\/www.bibliaparalavida.com\/bo\/wp-json\/wp\/v2\/product_cat?post=2101"},{"taxonomy":"product_tag","embeddable":true,"href":"https:\/\/www.bibliaparalavida.com\/bo\/wp-json\/wp\/v2\/product_tag?post=2101"}],"curies":[{"name":"wp","href":"https:\/\/api.w.org\/{rel}","templated":true}]}}