{"id":1998,"date":"2022-12-23T16:21:48","date_gmt":"2022-12-23T16:21:48","guid":{"rendered":"https:\/\/www.bibliaparalavida.com\/bo\/?post_type=product&#038;p=1998"},"modified":"2025-01-20T14:08:19","modified_gmt":"2025-01-20T14:08:19","slug":"proverbios","status":"publish","type":"product","link":"https:\/\/www.bibliaparalavida.com\/bo\/prod\/proverbios\/","title":{"rendered":"Proverbios 1 | Maestro (Digital)"},"content":{"rendered":"<p><strong>Estudio inductivo de Proverbios<\/strong> es un manual desarrollado para estudiar el libro de Proverbios de manera din\u00e1mica y pr\u00e1ctica, abordando los diferentes temas tratados a trav\u00e9s de preguntas inductivas y con aplicaci\u00f3n a la vida cristiana y cotidiana.<\/p>\n<p>Para una mayor comprensi\u00f3n de este libro maravilloso, hemos agrupado todos los proverbios en 20 grandes temas y 90 subtemas, para estudiarlos vers\u00edculo por vers\u00edculo. A su vez, debido a la gran cantidad de temas para abordar, hemos dividido el estudio en dos partes.<\/p>\n<p><strong>TEMAS Y SUBTEMAS INCLU\u00cdDOS EN ESTE MANUAL<\/strong><\/p>\n<p>1) Prop\u00f3sito e importancia de los proverbios<\/p>\n<p><strong>SABIDUR\u00cdA Y NECEDAD<\/strong><br \/>\n2) Actitudes hacia la sabidur\u00eda<br \/>\n3) Beneficios de la sabidur\u00eda<br \/>\n4) Personas sabias y entendidas<br \/>\n5) Sabidur\u00eda, inteligencia y prudencia<br \/>\n6) Contraste entre el sabio y el necio<br \/>\n7) Personas ingenuas e ignorantes<br \/>\n8) Personas necias, insensatas y tercas<\/p>\n<p><strong>PALABRAS<\/strong><br \/>\n9) Hablar con sabidur\u00eda<br \/>\n10) Hablar necedades y torpezas<br \/>\n11) Palabras sabias y palabras necias<br \/>\n12) Contraste entre palabras justas y palabras corruptas<br \/>\n13) Palabras amables y de aliento<br \/>\n14) Burla y burlonas<br \/>\n15) Consejo y consejeros.<br \/>\n16) Correcci\u00f3n y cr\u00edtica constructiva<br \/>\n17) Adulaci\u00f3n, lisonja y zalamer\u00eda<br \/>\n18) Mentira y enga\u00f1o.<br \/>\n19) Hablar con la verdad. Veracidad.<br \/>\n20) Contraste entre verdad y mentira<br \/>\n21) Murmuraci\u00f3n, chisme y calumnia<br \/>\n22) Otros proverbios sobre las palabras<\/p>\n<p><strong>ACTITUDES<\/strong><br \/>\n23) Generosidad<br \/>\n24) Humildad<br \/>\n25) Buscar y recibir consejo<br \/>\n26) Motivaciones e intenciones<br \/>\n27) Temor reverente a Dios<br \/>\n28) Avaricia, codicia y ambici\u00f3n<br \/>\n29) Misericordia y bondad<br \/>\n30) Orgullo, soberbia y arrogancia<br \/>\n31) Prudencia y discreci\u00f3n<br \/>\n32) Rebeld\u00eda<\/p>\n<p><strong>DINERO<\/strong><br \/>\n33) Riquezas y ganancias<br \/>\n34) Pobreza y necesidad<br \/>\n35) Contraste entre ricos y pobres<br \/>\n36) Prosperidad por actitudes<br \/>\n37) Prosperidad por esfuerzo<br \/>\n38) Opresi\u00f3n a los pobres<br \/>\n39) Soborno<br \/>\n40) Garant\u00edas, fianzas y pr\u00e9stamos<br \/>\n41) Robo<\/p>\n<p><strong>DIOS Y EL SER HUMANO<\/strong><br \/>\n42) Bendiciones de Dios<br \/>\n43) Cosas que Dios ama y aborrece<br \/>\n44) Mandamientos de Dios<br \/>\n45) Actitudes de Dios hacia el ser humano<br \/>\n46) Actitudes que Dios espera del ser humano<\/p>\n","protected":false},"excerpt":{"rendered":"<p><strong>Estudio inductivo de Proverbios<\/strong> estudia el libro de Proverbios, abordando los diferentes temas tratados a trav\u00e9s de preguntas inductivas y con aplicaci\u00f3n a la vida cristiana y cotidiana. Complementario con el <a href=\"https:\/\/www.bibliaparalavida.com\/bo\/prod\/proverbios-1-alumno\/\">Manual del Alumno<\/a>.<\/p>\n<p><strong>C\u00f3mpralo aqu\u00ed en digital <\/strong>y l\u00e9elo en nuestra <a href=\"https:\/\/bibliaparalavida.com\/la\/app\/\" rel=\"noopener\">App.<\/a><\/p>\n<p><a style=\"padding: 8px; background-color: #0f9d58; font-weight: bold; text-align: center; color: #fff; border-radius: 5px;\" href=\"https:\/\/wa.me\/5493513073050?text=Quisiera%20un%20Demo%20del%20Estudio%20de%20Proverbios.\"><img decoding=\"async\" style=\"float: left, margin-right:10px; margin-bottom: -7px; margin-right: 5px;\" src=\"https:\/\/www.bibliaparalavida.com\/bo\/bo\/wp-content\/uploads\/2020\/12\/WhatsApp-icon.png\" alt=\"WhatsApp\" width=\"24\" height=\"24\" \/>SOLICITA UN DEMO EN PDF<\/a><\/p>\n","protected":false},"featured_media":1997,"comment_status":"closed","ping_status":"closed","template":"","meta":{"_joinchat":[]},"product_cat":[52,78],"product_tag":[],"class_list":{"0":"post-1998","1":"product","2":"type-product","3":"status-publish","4":"has-post-thumbnail","6":"product_cat-biblia-inductiva","7":"product_cat-proverbios","9":"first","10":"instock","11":"shipping-taxable","12":"purchasable","13":"product-type-simple"},"yoast_head":"<!-- This site is optimized with the Yoast SEO plugin v23.1 - https:\/\/yoast.com\/wordpress\/plugins\/seo\/ -->\n<title>Proverbios 1 | Maestro (Digital) - Biblia para la Vida<\/title>\n<meta name=\"robots\" content=\"index, follow, max-snippet:-1, max-image-preview:large, max-video-preview:-1\" \/>\n<link rel=\"canonical\" href=\"https:\/\/www.bibliaparalavida.com\/bo\/prod\/proverbios\/\" \/>\n<meta property=\"og:locale\" content=\"es_ES\" \/>\n<meta property=\"og:type\" content=\"article\" \/>\n<meta property=\"og:title\" content=\"Proverbios 1 | Maestro (Digital) - Biblia para la Vida\" \/>\n<meta property=\"og:description\" content=\"Estudio inductivo de Proverbios estudia el libro de Proverbios, abordando los diferentes temas tratados a trav\u00e9s de preguntas inductivas y con aplicaci\u00f3n a la vida cristiana y cotidiana. Complementario con el Manual del Alumno.  C\u00f3mpralo aqu\u00ed en digital y l\u00e9elo en nuestra App.  SOLICITA UN DEMO EN PDF\" \/>\n<meta property=\"og:url\" content=\"https:\/\/www.bibliaparalavida.com\/bo\/prod\/proverbios\/\" \/>\n<meta property=\"og:site_name\" content=\"Biblia para la Vida\" \/>\n<meta property=\"article:publisher\" content=\"https:\/\/www.facebook.com\/BibliaParaLaVida\" \/>\n<meta property=\"article:modified_time\" content=\"2025-01-20T14:08:19+00:00\" \/>\n<meta property=\"og:image\" content=\"https:\/\/www.bibliaparalavida.com\/bo\/wp-content\/uploads\/2022\/12\/Proverbios-1-Tapa-Maestro.jpg\" \/>\n\t<meta property=\"og:image:width\" content=\"1415\" \/>\n\t<meta property=\"og:image:height\" content=\"1415\" \/>\n\t<meta property=\"og:image:type\" content=\"image\/jpeg\" \/>\n<meta name=\"twitter:card\" content=\"summary_large_image\" \/>\n<meta name=\"twitter:label1\" content=\"Tiempo de lectura\" \/>\n\t<meta name=\"twitter:data1\" content=\"2 minutos\" \/>\n<script type=\"application\/ld+json\" class=\"yoast-schema-graph\">{\"@context\":\"https:\/\/schema.org\",\"@graph\":[{\"@type\":\"WebPage\",\"@id\":\"https:\/\/www.bibliaparalavida.com\/bo\/prod\/proverbios\/\",\"url\":\"https:\/\/www.bibliaparalavida.com\/bo\/prod\/proverbios\/\",\"name\":\"Proverbios 1 | Maestro (Digital) - Biblia para la Vida\",\"isPartOf\":{\"@id\":\"https:\/\/www.bibliaparalavida.com\/bo\/#website\"},\"primaryImageOfPage\":{\"@id\":\"https:\/\/www.bibliaparalavida.com\/bo\/prod\/proverbios\/#primaryimage\"},\"image\":{\"@id\":\"https:\/\/www.bibliaparalavida.com\/bo\/prod\/proverbios\/#primaryimage\"},\"thumbnailUrl\":\"https:\/\/www.bibliaparalavida.com\/bo\/wp-content\/uploads\/2022\/12\/Proverbios-1-Tapa-Maestro.jpg\",\"datePublished\":\"2022-12-23T16:21:48+00:00\",\"dateModified\":\"2025-01-20T14:08:19+00:00\",\"breadcrumb\":{\"@id\":\"https:\/\/www.bibliaparalavida.com\/bo\/prod\/proverbios\/#breadcrumb\"},\"inLanguage\":\"es\",\"potentialAction\":[{\"@type\":\"ReadAction\",\"target\":[\"https:\/\/www.bibliaparalavida.com\/bo\/prod\/proverbios\/\"]}]},{\"@type\":\"ImageObject\",\"inLanguage\":\"es\",\"@id\":\"https:\/\/www.bibliaparalavida.com\/bo\/prod\/proverbios\/#primaryimage\",\"url\":\"https:\/\/www.bibliaparalavida.com\/bo\/wp-content\/uploads\/2022\/12\/Proverbios-1-Tapa-Maestro.jpg\",\"contentUrl\":\"https:\/\/www.bibliaparalavida.com\/bo\/wp-content\/uploads\/2022\/12\/Proverbios-1-Tapa-Maestro.jpg\",\"width\":1415,\"height\":1415,\"caption\":\"Proverbios 1 - Maestro\"},{\"@type\":\"BreadcrumbList\",\"@id\":\"https:\/\/www.bibliaparalavida.com\/bo\/prod\/proverbios\/#breadcrumb\",\"itemListElement\":[{\"@type\":\"ListItem\",\"position\":1,\"name\":\"Portada\",\"item\":\"https:\/\/www.bibliaparalavida.com\/bo\/\"},{\"@type\":\"ListItem\",\"position\":2,\"name\":\"Manuales\",\"item\":\"https:\/\/www.bibliaparalavida.com\/bo\/manuales\/\"},{\"@type\":\"ListItem\",\"position\":3,\"name\":\"Proverbios 1 | Maestro (Digital)\"}]},{\"@type\":\"WebSite\",\"@id\":\"https:\/\/www.bibliaparalavida.com\/bo\/#website\",\"url\":\"https:\/\/www.bibliaparalavida.com\/bo\/\",\"name\":\"Biblia para la Vida BOLIVIA\",\"description\":\"Aplica la Biblia a tu vida\",\"publisher\":{\"@id\":\"https:\/\/www.bibliaparalavida.com\/bo\/#organization\"},\"potentialAction\":[{\"@type\":\"SearchAction\",\"target\":{\"@type\":\"EntryPoint\",\"urlTemplate\":\"https:\/\/www.bibliaparalavida.com\/bo\/?s={search_term_string}\"},\"query-input\":\"required name=search_term_string\"}],\"inLanguage\":\"es\"},{\"@type\":\"Organization\",\"@id\":\"https:\/\/www.bibliaparalavida.com\/bo\/#organization\",\"name\":\"Biblia para la Vida BOLIVIA\",\"url\":\"https:\/\/www.bibliaparalavida.com\/bo\/\",\"logo\":{\"@type\":\"ImageObject\",\"inLanguage\":\"es\",\"@id\":\"https:\/\/www.bibliaparalavida.com\/bo\/#\/schema\/logo\/image\/\",\"url\":\"https:\/\/www.bibliaparalavida.com\/bo\/wp-content\/uploads\/2024\/08\/Logo-BPLV-Horiz-320-BO.png\",\"contentUrl\":\"https:\/\/www.bibliaparalavida.com\/bo\/wp-content\/uploads\/2024\/08\/Logo-BPLV-Horiz-320-BO.png\",\"width\":320,\"height\":87,\"caption\":\"Biblia para la Vida BOLIVIA\"},\"image\":{\"@id\":\"https:\/\/www.bibliaparalavida.com\/bo\/#\/schema\/logo\/image\/\"},\"sameAs\":[\"https:\/\/www.facebook.com\/BibliaParaLaVida\",\"https:\/\/www.instagram.com\/bibliaparalavidaig\"]}]}<\/script>\n<!-- \/ Yoast SEO plugin. -->","yoast_head_json":{"title":"Proverbios 1 | Maestro (Digital) - Biblia para la Vida","robots":{"index":"index","follow":"follow","max-snippet":"max-snippet:-1","max-image-preview":"max-image-preview:large","max-video-preview":"max-video-preview:-1"},"canonical":"https:\/\/www.bibliaparalavida.com\/bo\/prod\/proverbios\/","og_locale":"es_ES","og_type":"article","og_title":"Proverbios 1 | Maestro (Digital) - Biblia para la Vida","og_description":"Estudio inductivo de Proverbios estudia el libro de Proverbios, abordando los diferentes temas tratados a trav\u00e9s de preguntas inductivas y con aplicaci\u00f3n a la vida cristiana y cotidiana. Complementario con el Manual del Alumno.  C\u00f3mpralo aqu\u00ed en digital y l\u00e9elo en nuestra App.  SOLICITA UN DEMO EN PDF","og_url":"https:\/\/www.bibliaparalavida.com\/bo\/prod\/proverbios\/","og_site_name":"Biblia para la Vida","article_publisher":"https:\/\/www.facebook.com\/BibliaParaLaVida","article_modified_time":"2025-01-20T14:08:19+00:00","og_image":[{"width":1415,"height":1415,"url":"https:\/\/www.bibliaparalavida.com\/bo\/wp-content\/uploads\/2022\/12\/Proverbios-1-Tapa-Maestro.jpg","type":"image\/jpeg"}],"twitter_card":"summary_large_image","twitter_misc":{"Tiempo de lectura":"2 minutos"},"schema":{"@context":"https:\/\/schema.org","@graph":[{"@type":"WebPage","@id":"https:\/\/www.bibliaparalavida.com\/bo\/prod\/proverbios\/","url":"https:\/\/www.bibliaparalavida.com\/bo\/prod\/proverbios\/","name":"Proverbios 1 | Maestro (Digital) - Biblia para la Vida","isPartOf":{"@id":"https:\/\/www.bibliaparalavida.com\/bo\/#website"},"primaryImageOfPage":{"@id":"https:\/\/www.bibliaparalavida.com\/bo\/prod\/proverbios\/#primaryimage"},"image":{"@id":"https:\/\/www.bibliaparalavida.com\/bo\/prod\/proverbios\/#primaryimage"},"thumbnailUrl":"https:\/\/www.bibliaparalavida.com\/bo\/wp-content\/uploads\/2022\/12\/Proverbios-1-Tapa-Maestro.jpg","datePublished":"2022-12-23T16:21:48+00:00","dateModified":"2025-01-20T14:08:19+00:00","breadcrumb":{"@id":"https:\/\/www.bibliaparalavida.com\/bo\/prod\/proverbios\/#breadcrumb"},"inLanguage":"es","potentialAction":[{"@type":"ReadAction","target":["https:\/\/www.bibliaparalavida.com\/bo\/prod\/proverbios\/"]}]},{"@type":"ImageObject","inLanguage":"es","@id":"https:\/\/www.bibliaparalavida.com\/bo\/prod\/proverbios\/#primaryimage","url":"https:\/\/www.bibliaparalavida.com\/bo\/wp-content\/uploads\/2022\/12\/Proverbios-1-Tapa-Maestro.jpg","contentUrl":"https:\/\/www.bibliaparalavida.com\/bo\/wp-content\/uploads\/2022\/12\/Proverbios-1-Tapa-Maestro.jpg","width":1415,"height":1415,"caption":"Proverbios 1 - Maestro"},{"@type":"BreadcrumbList","@id":"https:\/\/www.bibliaparalavida.com\/bo\/prod\/proverbios\/#breadcrumb","itemListElement":[{"@type":"ListItem","position":1,"name":"Portada","item":"https:\/\/www.bibliaparalavida.com\/bo\/"},{"@type":"ListItem","position":2,"name":"Manuales","item":"https:\/\/www.bibliaparalavida.com\/bo\/manuales\/"},{"@type":"ListItem","position":3,"name":"Proverbios 1 | Maestro (Digital)"}]},{"@type":"WebSite","@id":"https:\/\/www.bibliaparalavida.com\/bo\/#website","url":"https:\/\/www.bibliaparalavida.com\/bo\/","name":"Biblia para la Vida BOLIVIA","description":"Aplica la Biblia a tu vida","publisher":{"@id":"https:\/\/www.bibliaparalavida.com\/bo\/#organization"},"potentialAction":[{"@type":"SearchAction","target":{"@type":"EntryPoint","urlTemplate":"https:\/\/www.bibliaparalavida.com\/bo\/?s={search_term_string}"},"query-input":"required name=search_term_string"}],"inLanguage":"es"},{"@type":"Organization","@id":"https:\/\/www.bibliaparalavida.com\/bo\/#organization","name":"Biblia para la Vida BOLIVIA","url":"https:\/\/www.bibliaparalavida.com\/bo\/","logo":{"@type":"ImageObject","inLanguage":"es","@id":"https:\/\/www.bibliaparalavida.com\/bo\/#\/schema\/logo\/image\/","url":"https:\/\/www.bibliaparalavida.com\/bo\/wp-content\/uploads\/2024\/08\/Logo-BPLV-Horiz-320-BO.png","contentUrl":"https:\/\/www.bibliaparalavida.com\/bo\/wp-content\/uploads\/2024\/08\/Logo-BPLV-Horiz-320-BO.png","width":320,"height":87,"caption":"Biblia para la Vida BOLIVIA"},"image":{"@id":"https:\/\/www.bibliaparalavida.com\/bo\/#\/schema\/logo\/image\/"},"sameAs":["https:\/\/www.facebook.com\/BibliaParaLaVida","https:\/\/www.instagram.com\/bibliaparalavidaig"]}]}},"_links":{"self":[{"href":"https:\/\/www.bibliaparalavida.com\/bo\/wp-json\/wp\/v2\/product\/1998"}],"collection":[{"href":"https:\/\/www.bibliaparalavida.com\/bo\/wp-json\/wp\/v2\/product"}],"about":[{"href":"https:\/\/www.bibliaparalavida.com\/bo\/wp-json\/wp\/v2\/types\/product"}],"replies":[{"embeddable":true,"href":"https:\/\/www.bibliaparalavida.com\/bo\/wp-json\/wp\/v2\/comments?post=1998"}],"wp:featuredmedia":[{"embeddable":true,"href":"https:\/\/www.bibliaparalavida.com\/bo\/wp-json\/wp\/v2\/media\/1997"}],"wp:attachment":[{"href":"https:\/\/www.bibliaparalavida.com\/bo\/wp-json\/wp\/v2\/media?parent=1998"}],"wp:term":[{"taxonomy":"product_cat","embeddable":true,"href":"https:\/\/www.bibliaparalavida.com\/bo\/wp-json\/wp\/v2\/product_cat?post=1998"},{"taxonomy":"product_tag","embeddable":true,"href":"https:\/\/www.bibliaparalavida.com\/bo\/wp-json\/wp\/v2\/product_tag?post=1998"}],"curies":[{"name":"wp","href":"https:\/\/api.w.org\/{rel}","templated":true}]}}