{"id":17,"date":"2020-12-23T18:21:00","date_gmt":"2020-12-23T18:21:00","guid":{"rendered":"https:\/\/www.bibliaparalavida.com\/bo\/?post_type=product&#038;p=17"},"modified":"2025-01-20T14:10:07","modified_gmt":"2025-01-20T14:10:07","slug":"pentateuco-maestro","status":"publish","type":"product","link":"https:\/\/www.bibliaparalavida.com\/bo\/prod\/pentateuco-maestro\/","title":{"rendered":"Serie Pentateuco | Maestro (Digital)"},"content":{"rendered":"<p>La <strong>Serie Pentateuco<\/strong> es una selecci\u00f3n de las mejores historias de la Biblia registradas en sus primeros cinco libros. Una viaje en el que no s\u00f3lo nos adentraremos en la cultura hebrea, su historia y sus personajes desde los inicios de la humanidad, sino que seremos inspirados, desafiados y confrontados por cada historia, anim\u00e1ndonos a llevar nuestra vida cristiana al siguiente nivel.<\/p>\n<p><strong>Historias B\u00edblicas para la Vida Cristiana<\/strong> promueve la participaci\u00f3n de los estudiantes trav\u00e9s de preguntas inductivas. De esta manera no s\u00f3lo se aprende acerca de la historia de la iglesia primitiva, sino tambi\u00e9n pueden descubrirse las verdades y principios escondidos en la Palabra, que siguen siendo relevantes, y as\u00ed poder aplicarlos a su propia vida.<\/p>\n<h3>HISTORIAS B\u00cdBLICAS INCLUIDAS EN LA SERIE PENTATEUCO<\/h3>\n<ol>\n<li>La Creaci\u00f3n<\/li>\n<li>Ad\u00e1n y Eva<\/li>\n<li>Ca\u00edn y Abel<\/li>\n<li>El Arca de No\u00e9 y el Diluvio<\/li>\n<li>La Torre de Babel<\/li>\n<li>El llamamiento de Abraham<\/li>\n<li>Abraham y Lot se separan<\/li>\n<li>Dios promete a Abraham un hijo<\/li>\n<li>Agar e Ismael<\/li>\n<li>Sodoma y Gomorra<\/li>\n<li>Nacimiento de Isaac. Agar e Ismael expulsados<\/li>\n<li>Dios pide a Abraham que sacrifique a Isaac<\/li>\n<li>Jacob y Esa\u00fa, enemigos desde el vientre<\/li>\n<li>Jacob obtiene la bendici\u00f3n y huye de Esa\u00fa<\/li>\n<li>Jacob sirve a Lab\u00e1n por Raquel y Lea<\/li>\n<li>Reencuentro de Jacob y Esa\u00fa<\/li>\n<li>Jos\u00e9 vendido por sus hermanos<\/li>\n<li>Jos\u00e9 de esclavo a gobernador de Egipto<\/li>\n<li>Jacob y su familia llegan a Egipto<\/li>\n<li>Nacimiento del libertador de Israel<\/li>\n<li>Llamamiento de Mois\u00e9s<\/li>\n<li>Dios env\u00eda las diez plagas a Egipto<\/li>\n<li>Celebraci\u00f3n de la primera Pascua<\/li>\n<li>Cruce del Mar Rojo: inicia el \u00e9xodo<\/li>\n<li>Jetro aconseja a Mois\u00e9s<\/li>\n<li>Los 10 Mandamientos<\/li>\n<li>El becerro de oro<\/li>\n<li>Fuego Extra\u00f1o<\/li>\n<li>Aar\u00f3n y Mar\u00eda murmuran contra Mois\u00e9s<\/li>\n<li>Mois\u00e9s env\u00eda 12 exploradores a Cana\u00e1n<\/li>\n<li>La Rebeli\u00f3n de Cor\u00e9<\/li>\n<li>La Serpiente de Bronce<\/li>\n<li>Balaam, Balac y el asna parlante<\/li>\n<li>Mois\u00e9s ve la Tierra Prometida y muere<\/li>\n<\/ol>\n<h2 id=\"presentacion\">Video presentaci\u00f3n del Manual<\/h2>\n<p><iframe src=\"https:\/\/www.youtube.com\/embed\/QsLXIImzEgA\" width=\"721\" height=\"405\" frameborder=\"0\" allowfullscreen=\"allowfullscreen\"><\/iframe><\/p>\n","protected":false},"excerpt":{"rendered":"<p><strong>PENTATEUCO Maestro<\/strong> incluye 34 lecciones a trav\u00e9s de las cuales se estudian las historias b\u00edblicas a trav\u00e9s de preguntas inductivas y aplicaci\u00f3n a la vida cristiana. Complementario con el <a href=\"https:\/\/www.bibliaparalavida.com\/bo\/prod\/pentateuco-alumno\/\">Manual del Alumno<\/a><\/p>\n<p>Es ideal para Escuela B\u00edblica, Grupos de Discipulado, y para estudiar la Biblia de manera individual.<\/p>\n<p><strong>C\u00f3mpralo aqu\u00ed en digital <\/strong>y l\u00e9elo en nuestra <a href=\"https:\/\/bibliaparalavida.com\/la\/app\/\" rel=\"noopener\">App.<\/a><\/p>\n<p><a style=\"padding: 8px; background-color: #0f9d58; font-weight: bold; text-align: center; color: #fff; border-radius: 5px;\" href=\"https:\/\/wa.me\/5493513073050?text=Quisiera%20un%20Demo%20de%20la%20Serie%20Pentateuco.\"><img decoding=\"async\" style=\"float: left, margin-right:10px; margin-bottom: -7px; margin-right: 5px;\" src=\"https:\/\/www.bibliaparalavida.com\/bo\/bo\/wp-content\/uploads\/2020\/12\/WhatsApp-icon.png\" alt=\"WhatsApp\" width=\"24\" height=\"24\" \/>SOLICITA UN DEMO EN PDF<\/a><\/p>\n<div style=\"clear: both; height: 10px;\"><\/div>\n","protected":false},"featured_media":22,"comment_status":"closed","ping_status":"closed","template":"","meta":{"_joinchat":[]},"product_cat":[19,20],"product_tag":[67],"class_list":{"0":"post-17","1":"product","2":"type-product","3":"status-publish","4":"has-post-thumbnail","6":"product_cat-historias-biblicas","7":"product_cat-pentateuco","8":"product_tag-billy-saint","10":"first","11":"instock","12":"shipping-taxable","13":"purchasable","14":"product-type-simple"},"yoast_head":"<!-- This site is optimized with the Yoast SEO plugin v23.1 - https:\/\/yoast.com\/wordpress\/plugins\/seo\/ -->\n<title>Serie Pentateuco | Maestro (Digital) - Biblia para la Vida<\/title>\n<meta name=\"robots\" content=\"index, follow, max-snippet:-1, max-image-preview:large, max-video-preview:-1\" \/>\n<link rel=\"canonical\" href=\"https:\/\/www.bibliaparalavida.com\/bo\/prod\/pentateuco-maestro\/\" \/>\n<meta property=\"og:locale\" content=\"es_ES\" \/>\n<meta property=\"og:type\" content=\"article\" \/>\n<meta property=\"og:title\" content=\"Serie Pentateuco | Maestro (Digital) - Biblia para la Vida\" \/>\n<meta property=\"og:description\" content=\"PENTATEUCO Maestro incluye 34 lecciones a trav\u00e9s de las cuales se estudian las historias b\u00edblicas a trav\u00e9s de preguntas inductivas y aplicaci\u00f3n a la vida cristiana. Complementario con el Manual del Alumno  Es ideal para Escuela B\u00edblica, Grupos de Discipulado, y para estudiar la Biblia de manera individual.  C\u00f3mpralo aqu\u00ed en digital y l\u00e9elo en nuestra App.  SOLICITA UN DEMO EN PDF\" \/>\n<meta property=\"og:url\" content=\"https:\/\/www.bibliaparalavida.com\/bo\/prod\/pentateuco-maestro\/\" \/>\n<meta property=\"og:site_name\" content=\"Biblia para la Vida\" \/>\n<meta property=\"article:publisher\" content=\"https:\/\/www.facebook.com\/BibliaParaLaVida\" \/>\n<meta property=\"article:modified_time\" content=\"2025-01-20T14:10:07+00:00\" \/>\n<meta property=\"og:image\" content=\"https:\/\/www.bibliaparalavida.com\/bo\/wp-content\/uploads\/2020\/03\/Portada-HBVC-1-Pentateuco-Maestro.jpg\" \/>\n\t<meta property=\"og:image:width\" content=\"1000\" \/>\n\t<meta property=\"og:image:height\" content=\"1000\" \/>\n\t<meta property=\"og:image:type\" content=\"image\/jpeg\" \/>\n<meta name=\"twitter:card\" content=\"summary_large_image\" \/>\n<meta name=\"twitter:label1\" content=\"Tiempo de lectura\" \/>\n\t<meta name=\"twitter:data1\" content=\"2 minutos\" \/>\n<script type=\"application\/ld+json\" class=\"yoast-schema-graph\">{\"@context\":\"https:\/\/schema.org\",\"@graph\":[{\"@type\":\"WebPage\",\"@id\":\"https:\/\/www.bibliaparalavida.com\/bo\/prod\/pentateuco-maestro\/\",\"url\":\"https:\/\/www.bibliaparalavida.com\/bo\/prod\/pentateuco-maestro\/\",\"name\":\"Serie Pentateuco | Maestro (Digital) - Biblia para la Vida\",\"isPartOf\":{\"@id\":\"https:\/\/www.bibliaparalavida.com\/bo\/#website\"},\"primaryImageOfPage\":{\"@id\":\"https:\/\/www.bibliaparalavida.com\/bo\/prod\/pentateuco-maestro\/#primaryimage\"},\"image\":{\"@id\":\"https:\/\/www.bibliaparalavida.com\/bo\/prod\/pentateuco-maestro\/#primaryimage\"},\"thumbnailUrl\":\"https:\/\/www.bibliaparalavida.com\/bo\/wp-content\/uploads\/2020\/03\/Portada-HBVC-1-Pentateuco-Maestro.jpg\",\"datePublished\":\"2020-12-23T18:21:00+00:00\",\"dateModified\":\"2025-01-20T14:10:07+00:00\",\"breadcrumb\":{\"@id\":\"https:\/\/www.bibliaparalavida.com\/bo\/prod\/pentateuco-maestro\/#breadcrumb\"},\"inLanguage\":\"es\",\"potentialAction\":[{\"@type\":\"ReadAction\",\"target\":[\"https:\/\/www.bibliaparalavida.com\/bo\/prod\/pentateuco-maestro\/\"]}]},{\"@type\":\"ImageObject\",\"inLanguage\":\"es\",\"@id\":\"https:\/\/www.bibliaparalavida.com\/bo\/prod\/pentateuco-maestro\/#primaryimage\",\"url\":\"https:\/\/www.bibliaparalavida.com\/bo\/wp-content\/uploads\/2020\/03\/Portada-HBVC-1-Pentateuco-Maestro.jpg\",\"contentUrl\":\"https:\/\/www.bibliaparalavida.com\/bo\/wp-content\/uploads\/2020\/03\/Portada-HBVC-1-Pentateuco-Maestro.jpg\",\"width\":1000,\"height\":1000,\"caption\":\"Serie Pentateuco - Manual del Maestro\"},{\"@type\":\"BreadcrumbList\",\"@id\":\"https:\/\/www.bibliaparalavida.com\/bo\/prod\/pentateuco-maestro\/#breadcrumb\",\"itemListElement\":[{\"@type\":\"ListItem\",\"position\":1,\"name\":\"Portada\",\"item\":\"https:\/\/www.bibliaparalavida.com\/bo\/\"},{\"@type\":\"ListItem\",\"position\":2,\"name\":\"Manuales\",\"item\":\"https:\/\/www.bibliaparalavida.com\/bo\/manuales\/\"},{\"@type\":\"ListItem\",\"position\":3,\"name\":\"Serie Pentateuco | Maestro (Digital)\"}]},{\"@type\":\"WebSite\",\"@id\":\"https:\/\/www.bibliaparalavida.com\/bo\/#website\",\"url\":\"https:\/\/www.bibliaparalavida.com\/bo\/\",\"name\":\"Biblia para la Vida BOLIVIA\",\"description\":\"Aplica la Biblia a tu vida\",\"publisher\":{\"@id\":\"https:\/\/www.bibliaparalavida.com\/bo\/#organization\"},\"potentialAction\":[{\"@type\":\"SearchAction\",\"target\":{\"@type\":\"EntryPoint\",\"urlTemplate\":\"https:\/\/www.bibliaparalavida.com\/bo\/?s={search_term_string}\"},\"query-input\":\"required name=search_term_string\"}],\"inLanguage\":\"es\"},{\"@type\":\"Organization\",\"@id\":\"https:\/\/www.bibliaparalavida.com\/bo\/#organization\",\"name\":\"Biblia para la Vida BOLIVIA\",\"url\":\"https:\/\/www.bibliaparalavida.com\/bo\/\",\"logo\":{\"@type\":\"ImageObject\",\"inLanguage\":\"es\",\"@id\":\"https:\/\/www.bibliaparalavida.com\/bo\/#\/schema\/logo\/image\/\",\"url\":\"https:\/\/www.bibliaparalavida.com\/bo\/wp-content\/uploads\/2024\/08\/Logo-BPLV-Horiz-320-BO.png\",\"contentUrl\":\"https:\/\/www.bibliaparalavida.com\/bo\/wp-content\/uploads\/2024\/08\/Logo-BPLV-Horiz-320-BO.png\",\"width\":320,\"height\":87,\"caption\":\"Biblia para la Vida BOLIVIA\"},\"image\":{\"@id\":\"https:\/\/www.bibliaparalavida.com\/bo\/#\/schema\/logo\/image\/\"},\"sameAs\":[\"https:\/\/www.facebook.com\/BibliaParaLaVida\",\"https:\/\/www.instagram.com\/bibliaparalavidaig\"]}]}<\/script>\n<!-- \/ Yoast SEO plugin. -->","yoast_head_json":{"title":"Serie Pentateuco | Maestro (Digital) - Biblia para la Vida","robots":{"index":"index","follow":"follow","max-snippet":"max-snippet:-1","max-image-preview":"max-image-preview:large","max-video-preview":"max-video-preview:-1"},"canonical":"https:\/\/www.bibliaparalavida.com\/bo\/prod\/pentateuco-maestro\/","og_locale":"es_ES","og_type":"article","og_title":"Serie Pentateuco | Maestro (Digital) - Biblia para la Vida","og_description":"PENTATEUCO Maestro incluye 34 lecciones a trav\u00e9s de las cuales se estudian las historias b\u00edblicas a trav\u00e9s de preguntas inductivas y aplicaci\u00f3n a la vida cristiana. Complementario con el Manual del Alumno  Es ideal para Escuela B\u00edblica, Grupos de Discipulado, y para estudiar la Biblia de manera individual.  C\u00f3mpralo aqu\u00ed en digital y l\u00e9elo en nuestra App.  SOLICITA UN DEMO EN PDF","og_url":"https:\/\/www.bibliaparalavida.com\/bo\/prod\/pentateuco-maestro\/","og_site_name":"Biblia para la Vida","article_publisher":"https:\/\/www.facebook.com\/BibliaParaLaVida","article_modified_time":"2025-01-20T14:10:07+00:00","og_image":[{"width":1000,"height":1000,"url":"https:\/\/www.bibliaparalavida.com\/bo\/wp-content\/uploads\/2020\/03\/Portada-HBVC-1-Pentateuco-Maestro.jpg","type":"image\/jpeg"}],"twitter_card":"summary_large_image","twitter_misc":{"Tiempo de lectura":"2 minutos"},"schema":{"@context":"https:\/\/schema.org","@graph":[{"@type":"WebPage","@id":"https:\/\/www.bibliaparalavida.com\/bo\/prod\/pentateuco-maestro\/","url":"https:\/\/www.bibliaparalavida.com\/bo\/prod\/pentateuco-maestro\/","name":"Serie Pentateuco | Maestro (Digital) - Biblia para la Vida","isPartOf":{"@id":"https:\/\/www.bibliaparalavida.com\/bo\/#website"},"primaryImageOfPage":{"@id":"https:\/\/www.bibliaparalavida.com\/bo\/prod\/pentateuco-maestro\/#primaryimage"},"image":{"@id":"https:\/\/www.bibliaparalavida.com\/bo\/prod\/pentateuco-maestro\/#primaryimage"},"thumbnailUrl":"https:\/\/www.bibliaparalavida.com\/bo\/wp-content\/uploads\/2020\/03\/Portada-HBVC-1-Pentateuco-Maestro.jpg","datePublished":"2020-12-23T18:21:00+00:00","dateModified":"2025-01-20T14:10:07+00:00","breadcrumb":{"@id":"https:\/\/www.bibliaparalavida.com\/bo\/prod\/pentateuco-maestro\/#breadcrumb"},"inLanguage":"es","potentialAction":[{"@type":"ReadAction","target":["https:\/\/www.bibliaparalavida.com\/bo\/prod\/pentateuco-maestro\/"]}]},{"@type":"ImageObject","inLanguage":"es","@id":"https:\/\/www.bibliaparalavida.com\/bo\/prod\/pentateuco-maestro\/#primaryimage","url":"https:\/\/www.bibliaparalavida.com\/bo\/wp-content\/uploads\/2020\/03\/Portada-HBVC-1-Pentateuco-Maestro.jpg","contentUrl":"https:\/\/www.bibliaparalavida.com\/bo\/wp-content\/uploads\/2020\/03\/Portada-HBVC-1-Pentateuco-Maestro.jpg","width":1000,"height":1000,"caption":"Serie Pentateuco - Manual del Maestro"},{"@type":"BreadcrumbList","@id":"https:\/\/www.bibliaparalavida.com\/bo\/prod\/pentateuco-maestro\/#breadcrumb","itemListElement":[{"@type":"ListItem","position":1,"name":"Portada","item":"https:\/\/www.bibliaparalavida.com\/bo\/"},{"@type":"ListItem","position":2,"name":"Manuales","item":"https:\/\/www.bibliaparalavida.com\/bo\/manuales\/"},{"@type":"ListItem","position":3,"name":"Serie Pentateuco | Maestro (Digital)"}]},{"@type":"WebSite","@id":"https:\/\/www.bibliaparalavida.com\/bo\/#website","url":"https:\/\/www.bibliaparalavida.com\/bo\/","name":"Biblia para la Vida BOLIVIA","description":"Aplica la Biblia a tu vida","publisher":{"@id":"https:\/\/www.bibliaparalavida.com\/bo\/#organization"},"potentialAction":[{"@type":"SearchAction","target":{"@type":"EntryPoint","urlTemplate":"https:\/\/www.bibliaparalavida.com\/bo\/?s={search_term_string}"},"query-input":"required name=search_term_string"}],"inLanguage":"es"},{"@type":"Organization","@id":"https:\/\/www.bibliaparalavida.com\/bo\/#organization","name":"Biblia para la Vida BOLIVIA","url":"https:\/\/www.bibliaparalavida.com\/bo\/","logo":{"@type":"ImageObject","inLanguage":"es","@id":"https:\/\/www.bibliaparalavida.com\/bo\/#\/schema\/logo\/image\/","url":"https:\/\/www.bibliaparalavida.com\/bo\/wp-content\/uploads\/2024\/08\/Logo-BPLV-Horiz-320-BO.png","contentUrl":"https:\/\/www.bibliaparalavida.com\/bo\/wp-content\/uploads\/2024\/08\/Logo-BPLV-Horiz-320-BO.png","width":320,"height":87,"caption":"Biblia para la Vida BOLIVIA"},"image":{"@id":"https:\/\/www.bibliaparalavida.com\/bo\/#\/schema\/logo\/image\/"},"sameAs":["https:\/\/www.facebook.com\/BibliaParaLaVida","https:\/\/www.instagram.com\/bibliaparalavidaig"]}]}},"_links":{"self":[{"href":"https:\/\/www.bibliaparalavida.com\/bo\/wp-json\/wp\/v2\/product\/17"}],"collection":[{"href":"https:\/\/www.bibliaparalavida.com\/bo\/wp-json\/wp\/v2\/product"}],"about":[{"href":"https:\/\/www.bibliaparalavida.com\/bo\/wp-json\/wp\/v2\/types\/product"}],"replies":[{"embeddable":true,"href":"https:\/\/www.bibliaparalavida.com\/bo\/wp-json\/wp\/v2\/comments?post=17"}],"wp:featuredmedia":[{"embeddable":true,"href":"https:\/\/www.bibliaparalavida.com\/bo\/wp-json\/wp\/v2\/media\/22"}],"wp:attachment":[{"href":"https:\/\/www.bibliaparalavida.com\/bo\/wp-json\/wp\/v2\/media?parent=17"}],"wp:term":[{"taxonomy":"product_cat","embeddable":true,"href":"https:\/\/www.bibliaparalavida.com\/bo\/wp-json\/wp\/v2\/product_cat?post=17"},{"taxonomy":"product_tag","embeddable":true,"href":"https:\/\/www.bibliaparalavida.com\/bo\/wp-json\/wp\/v2\/product_tag?post=17"}],"curies":[{"name":"wp","href":"https:\/\/api.w.org\/{rel}","templated":true}]}}