{"id":1628,"date":"2022-06-04T18:17:41","date_gmt":"2022-06-04T18:17:41","guid":{"rendered":"https:\/\/www.bibliaparalavida.com\/bo\/?post_type=product&#038;p=1628"},"modified":"2025-01-20T14:12:59","modified_gmt":"2025-01-20T14:12:59","slug":"reflexiones-biblicas","status":"publish","type":"product","link":"https:\/\/www.bibliaparalavida.com\/bo\/prod\/reflexiones-biblicas\/","title":{"rendered":"Reflexiones b\u00edblicas de la vida diaria (Digital)"},"content":{"rendered":"<p>La Biblia es un regalo de Dios para la humanidad, para quienes transitamos la vida d\u00eda tras d\u00eda, de tal manera que podamos vivirla de la mejor manera posible y disfrutar de la vida abundante que Jes\u00fas gan\u00f3 para nosotros.<\/p>\n<p>Me gusta decir que La Biblia es una especie de \u201cManual de instrucciones\u201d, en donde Dios nos gu\u00eda y orienta para vivir la vida en plenitud, y nos advierte de posibles errores que tienen el potencial de quitarnos la paz, el gozo y la salvaci\u00f3n misma; con el fin de que los evitemos.<\/p>\n<p>La Palabra de Dios tiene mucho que ver con la vida diaria; sin embargo, he notado que a muchas personas, incluso a creyentes de muchos a\u00f1os, les cuesta relacionar su diario vivir con lo que Dios ha expresado en las Escrituras respecto a su voluntad para nosotros.<\/p>\n<p>Jes\u00fas mismo, durante su ministerio, ense\u00f1aba a la gente profundas verdades espirituales, vali\u00e9ndose de elementos y situaciones muy cotidianas para sus oyentes: un pastor buscando a una oveja perdida, un comerciante asaltado, un granjero sembrando trigo, un ama de casa que perdi\u00f3 una moneda, los labradores de una vi\u00f1a, una masa con un poco de levadura, y tantas otras par\u00e1bolas m\u00e1s. \u00bfPuedes ver c\u00f3mo el Maestro se enfoc\u00f3 en lo cotidiano? Es que \u00e9se es el fin de los mandamientos de Dios y de la Biblia misma.<\/p>\n<p>Este humilde libro tiene como fin ayudar a las personas a conectar su vida cotidiana con la Palabra de Dios, a trav\u00e9s de 30 reflexiones breves y sencillas, pero a la vez muy profundas y reales, tomadas de situaciones con las que cualquiera puede identificarse; con el fin de que juntos podamos valorar a\u00fan m\u00e1s La Biblia, y aplicarla de manera a\u00fan m\u00e1s intencional a nuestras vidas.<\/p>\n<p>Es mi deseo que seas inspirado, animado, consolado y edificado por Dios y por su Palabra mientras lees cada una de las reflexiones incluidas en este libro.<\/p>\n<p><a href=\"https:\/\/www.bibliaparalavida.com\/bo\/acerca-del-autor\/\">Billy Saint<\/a><\/p>\n<p><a style=\"padding: 8px; background-color: #0f9d58; font-weight: bold; text-align: center; color: #fff; border-radius: 5px;\" href=\"https:\/\/wa.me\/5493513073050?text=Quisiera%20una%20Demo%20del%20libro%20Reflexiones%20b\u00edblicas%20de%20la%20vida%20diaria.\"><img decoding=\"async\" style=\"float: left, margin-right:10px; margin-bottom: -7px; margin-right: 5px;\" src=\"https:\/\/www.bibliaparalavida.com\/bo\/bo\/wp-content\/uploads\/2020\/12\/WhatsApp-icon.png\" alt=\"WhatsApp\" width=\"24\" height=\"24\" \/>SOLICITA UNA DEMO EN PDF<\/a><\/p>\n<p><a style=\"padding: 4px 8px; background-color: #F90; font-weight: bold; text-align: center; color: #fff; border-radius: 5px;\" href=\"https:\/\/www.bibliaparalavida.com\/bo\/app\/prod\/reflexiones-biblicas\/\" target=\"_blank\" rel=\"noopener\">\u00bfPREFER\u00cdS DIGITAL?<\/a> Cuesta menos y te ahorr\u00e1s el env\u00edo.<\/p>\n<div style=\"clear: both; height: 10px;\"><\/div>\n","protected":false},"excerpt":{"rendered":"<p><em><strong>Reflexiones b\u00edblicas para la vida diaria<\/strong><\/em> tiene como fin ayudar a las personas a conectar su vida cotidiana con la Palabra de Dios, a trav\u00e9s de <strong>30 reflexiones<\/strong> breves y sencillas, pero a la vez muy profundas y reales, tomadas de situaciones con las que cualquiera puede identificarse; con el fin de valorar a\u00fan m\u00e1s La Biblia, y aplicarla de manera a\u00fan m\u00e1s intencional a nuestras vidas.<\/p>\n<p>Puedes conseguirlo con un 10% de descuento en la <a href=\"https:\/\/www.bibliaparalavida.com\/bo\/prod\/promo-devocional\/\">Promo Devocional<\/a>.<\/p>\n<p><a style=\"padding: 8px; background-color: #0f9d58; font-weight: bold; text-align: center; color: #fff; border-radius: 5px;\" href=\"https:\/\/wa.me\/5493513073050?text=Quisiera%20una%20Demo%20del%20libro%20Reflexiones%20b\u00edblicas%20de%20la%20vida%20diaria.\"><img decoding=\"async\" style=\"float: left, margin-right:10px; margin-bottom: -7px; margin-right: 5px;\" src=\"https:\/\/www.bibliaparalavida.com\/bo\/bo\/wp-content\/uploads\/2020\/12\/WhatsApp-icon.png\" alt=\"WhatsApp\" width=\"24\" height=\"24\" \/>SOLICITA UNA DEMO EN PDF<\/a><\/p>\n<p><a style=\"padding: 8px; background-color: #F90; font-weight: bold; text-align: center; color: #fff; border-radius: 5px;\" href=\"https:\/\/www.bibliaparalavida.com\/bo\/app\/prod\/reflexiones-biblicas\/\" target=\"_blank\" rel=\"noopener\">\u00bfPREFER\u00cdS DIGITAL?<\/a> Cuesta menos y te ahorr\u00e1s el env\u00edo.<\/p>\n<div style=\"clear: both; height: 10px;\"><\/div>\n","protected":false},"featured_media":1630,"comment_status":"closed","ping_status":"closed","template":"","meta":{"_joinchat":[]},"product_cat":[63],"product_tag":[67],"class_list":{"0":"post-1628","1":"product","2":"type-product","3":"status-publish","4":"has-post-thumbnail","6":"product_cat-libros","7":"product_tag-billy-saint","9":"first","10":"instock","11":"shipping-taxable","12":"purchasable","13":"product-type-simple"},"yoast_head":"<!-- This site is optimized with the Yoast SEO plugin v23.1 - https:\/\/yoast.com\/wordpress\/plugins\/seo\/ -->\n<title>Reflexiones b\u00edblicas de la vida diaria (Digital) - Biblia para la Vida<\/title>\n<meta name=\"robots\" content=\"index, follow, max-snippet:-1, max-image-preview:large, max-video-preview:-1\" \/>\n<link rel=\"canonical\" href=\"https:\/\/www.bibliaparalavida.com\/bo\/prod\/reflexiones-biblicas\/\" \/>\n<meta property=\"og:locale\" content=\"es_ES\" \/>\n<meta property=\"og:type\" content=\"article\" \/>\n<meta property=\"og:title\" content=\"Reflexiones b\u00edblicas de la vida diaria (Digital) - Biblia para la Vida\" \/>\n<meta property=\"og:description\" content=\"Reflexiones b\u00edblicas para la vida diaria tiene como fin ayudar a las personas a conectar su vida cotidiana con la Palabra de Dios, a trav\u00e9s de 30 reflexiones breves y sencillas, pero a la vez muy profundas y reales, tomadas de situaciones con las que cualquiera puede identificarse; con el fin de valorar a\u00fan m\u00e1s La Biblia, y aplicarla de manera a\u00fan m\u00e1s intencional a nuestras vidas.  Puedes conseguirlo con un 10% de descuento en la Promo Devocional.  SOLICITA UNA DEMO EN PDF  \u00bfPREFER\u00cdS DIGITAL? Cuesta menos y te ahorr\u00e1s el env\u00edo.\" \/>\n<meta property=\"og:url\" content=\"https:\/\/www.bibliaparalavida.com\/bo\/prod\/reflexiones-biblicas\/\" \/>\n<meta property=\"og:site_name\" content=\"Biblia para la Vida\" \/>\n<meta property=\"article:publisher\" content=\"https:\/\/www.facebook.com\/BibliaParaLaVida\" \/>\n<meta property=\"article:modified_time\" content=\"2025-01-20T14:12:59+00:00\" \/>\n<meta property=\"og:image\" content=\"https:\/\/www.bibliaparalavida.com\/bo\/wp-content\/uploads\/2022\/05\/Reflexiones-Tapa.jpg\" \/>\n\t<meta property=\"og:image:width\" content=\"1000\" \/>\n\t<meta property=\"og:image:height\" content=\"1000\" \/>\n\t<meta property=\"og:image:type\" content=\"image\/jpeg\" \/>\n<meta name=\"twitter:card\" content=\"summary_large_image\" \/>\n<meta name=\"twitter:label1\" content=\"Tiempo de lectura\" \/>\n\t<meta name=\"twitter:data1\" content=\"2 minutos\" \/>\n<script type=\"application\/ld+json\" class=\"yoast-schema-graph\">{\"@context\":\"https:\/\/schema.org\",\"@graph\":[{\"@type\":\"WebPage\",\"@id\":\"https:\/\/www.bibliaparalavida.com\/bo\/prod\/reflexiones-biblicas\/\",\"url\":\"https:\/\/www.bibliaparalavida.com\/bo\/prod\/reflexiones-biblicas\/\",\"name\":\"Reflexiones b\u00edblicas de la vida diaria (Digital) - Biblia para la Vida\",\"isPartOf\":{\"@id\":\"https:\/\/www.bibliaparalavida.com\/bo\/#website\"},\"primaryImageOfPage\":{\"@id\":\"https:\/\/www.bibliaparalavida.com\/bo\/prod\/reflexiones-biblicas\/#primaryimage\"},\"image\":{\"@id\":\"https:\/\/www.bibliaparalavida.com\/bo\/prod\/reflexiones-biblicas\/#primaryimage\"},\"thumbnailUrl\":\"https:\/\/www.bibliaparalavida.com\/bo\/wp-content\/uploads\/2022\/05\/Reflexiones-Tapa.jpg\",\"datePublished\":\"2022-06-04T18:17:41+00:00\",\"dateModified\":\"2025-01-20T14:12:59+00:00\",\"breadcrumb\":{\"@id\":\"https:\/\/www.bibliaparalavida.com\/bo\/prod\/reflexiones-biblicas\/#breadcrumb\"},\"inLanguage\":\"es\",\"potentialAction\":[{\"@type\":\"ReadAction\",\"target\":[\"https:\/\/www.bibliaparalavida.com\/bo\/prod\/reflexiones-biblicas\/\"]}]},{\"@type\":\"ImageObject\",\"inLanguage\":\"es\",\"@id\":\"https:\/\/www.bibliaparalavida.com\/bo\/prod\/reflexiones-biblicas\/#primaryimage\",\"url\":\"https:\/\/www.bibliaparalavida.com\/bo\/wp-content\/uploads\/2022\/05\/Reflexiones-Tapa.jpg\",\"contentUrl\":\"https:\/\/www.bibliaparalavida.com\/bo\/wp-content\/uploads\/2022\/05\/Reflexiones-Tapa.jpg\",\"width\":1000,\"height\":1000,\"caption\":\"Reflexiones b\u00edblicas de la vida diaria\"},{\"@type\":\"BreadcrumbList\",\"@id\":\"https:\/\/www.bibliaparalavida.com\/bo\/prod\/reflexiones-biblicas\/#breadcrumb\",\"itemListElement\":[{\"@type\":\"ListItem\",\"position\":1,\"name\":\"Portada\",\"item\":\"https:\/\/www.bibliaparalavida.com\/bo\/\"},{\"@type\":\"ListItem\",\"position\":2,\"name\":\"Manuales\",\"item\":\"https:\/\/www.bibliaparalavida.com\/bo\/manuales\/\"},{\"@type\":\"ListItem\",\"position\":3,\"name\":\"Reflexiones b\u00edblicas de la vida diaria (Digital)\"}]},{\"@type\":\"WebSite\",\"@id\":\"https:\/\/www.bibliaparalavida.com\/bo\/#website\",\"url\":\"https:\/\/www.bibliaparalavida.com\/bo\/\",\"name\":\"Biblia para la Vida BOLIVIA\",\"description\":\"Aplica la Biblia a tu vida\",\"publisher\":{\"@id\":\"https:\/\/www.bibliaparalavida.com\/bo\/#organization\"},\"potentialAction\":[{\"@type\":\"SearchAction\",\"target\":{\"@type\":\"EntryPoint\",\"urlTemplate\":\"https:\/\/www.bibliaparalavida.com\/bo\/?s={search_term_string}\"},\"query-input\":\"required name=search_term_string\"}],\"inLanguage\":\"es\"},{\"@type\":\"Organization\",\"@id\":\"https:\/\/www.bibliaparalavida.com\/bo\/#organization\",\"name\":\"Biblia para la Vida BOLIVIA\",\"url\":\"https:\/\/www.bibliaparalavida.com\/bo\/\",\"logo\":{\"@type\":\"ImageObject\",\"inLanguage\":\"es\",\"@id\":\"https:\/\/www.bibliaparalavida.com\/bo\/#\/schema\/logo\/image\/\",\"url\":\"https:\/\/www.bibliaparalavida.com\/bo\/wp-content\/uploads\/2024\/08\/Logo-BPLV-Horiz-320-BO.png\",\"contentUrl\":\"https:\/\/www.bibliaparalavida.com\/bo\/wp-content\/uploads\/2024\/08\/Logo-BPLV-Horiz-320-BO.png\",\"width\":320,\"height\":87,\"caption\":\"Biblia para la Vida BOLIVIA\"},\"image\":{\"@id\":\"https:\/\/www.bibliaparalavida.com\/bo\/#\/schema\/logo\/image\/\"},\"sameAs\":[\"https:\/\/www.facebook.com\/BibliaParaLaVida\",\"https:\/\/www.instagram.com\/bibliaparalavidaig\"]}]}<\/script>\n<!-- \/ Yoast SEO plugin. -->","yoast_head_json":{"title":"Reflexiones b\u00edblicas de la vida diaria (Digital) - Biblia para la Vida","robots":{"index":"index","follow":"follow","max-snippet":"max-snippet:-1","max-image-preview":"max-image-preview:large","max-video-preview":"max-video-preview:-1"},"canonical":"https:\/\/www.bibliaparalavida.com\/bo\/prod\/reflexiones-biblicas\/","og_locale":"es_ES","og_type":"article","og_title":"Reflexiones b\u00edblicas de la vida diaria (Digital) - Biblia para la Vida","og_description":"Reflexiones b\u00edblicas para la vida diaria tiene como fin ayudar a las personas a conectar su vida cotidiana con la Palabra de Dios, a trav\u00e9s de 30 reflexiones breves y sencillas, pero a la vez muy profundas y reales, tomadas de situaciones con las que cualquiera puede identificarse; con el fin de valorar a\u00fan m\u00e1s La Biblia, y aplicarla de manera a\u00fan m\u00e1s intencional a nuestras vidas.  Puedes conseguirlo con un 10% de descuento en la Promo Devocional.  SOLICITA UNA DEMO EN PDF  \u00bfPREFER\u00cdS DIGITAL? Cuesta menos y te ahorr\u00e1s el env\u00edo.","og_url":"https:\/\/www.bibliaparalavida.com\/bo\/prod\/reflexiones-biblicas\/","og_site_name":"Biblia para la Vida","article_publisher":"https:\/\/www.facebook.com\/BibliaParaLaVida","article_modified_time":"2025-01-20T14:12:59+00:00","og_image":[{"width":1000,"height":1000,"url":"https:\/\/www.bibliaparalavida.com\/bo\/wp-content\/uploads\/2022\/05\/Reflexiones-Tapa.jpg","type":"image\/jpeg"}],"twitter_card":"summary_large_image","twitter_misc":{"Tiempo de lectura":"2 minutos"},"schema":{"@context":"https:\/\/schema.org","@graph":[{"@type":"WebPage","@id":"https:\/\/www.bibliaparalavida.com\/bo\/prod\/reflexiones-biblicas\/","url":"https:\/\/www.bibliaparalavida.com\/bo\/prod\/reflexiones-biblicas\/","name":"Reflexiones b\u00edblicas de la vida diaria (Digital) - Biblia para la Vida","isPartOf":{"@id":"https:\/\/www.bibliaparalavida.com\/bo\/#website"},"primaryImageOfPage":{"@id":"https:\/\/www.bibliaparalavida.com\/bo\/prod\/reflexiones-biblicas\/#primaryimage"},"image":{"@id":"https:\/\/www.bibliaparalavida.com\/bo\/prod\/reflexiones-biblicas\/#primaryimage"},"thumbnailUrl":"https:\/\/www.bibliaparalavida.com\/bo\/wp-content\/uploads\/2022\/05\/Reflexiones-Tapa.jpg","datePublished":"2022-06-04T18:17:41+00:00","dateModified":"2025-01-20T14:12:59+00:00","breadcrumb":{"@id":"https:\/\/www.bibliaparalavida.com\/bo\/prod\/reflexiones-biblicas\/#breadcrumb"},"inLanguage":"es","potentialAction":[{"@type":"ReadAction","target":["https:\/\/www.bibliaparalavida.com\/bo\/prod\/reflexiones-biblicas\/"]}]},{"@type":"ImageObject","inLanguage":"es","@id":"https:\/\/www.bibliaparalavida.com\/bo\/prod\/reflexiones-biblicas\/#primaryimage","url":"https:\/\/www.bibliaparalavida.com\/bo\/wp-content\/uploads\/2022\/05\/Reflexiones-Tapa.jpg","contentUrl":"https:\/\/www.bibliaparalavida.com\/bo\/wp-content\/uploads\/2022\/05\/Reflexiones-Tapa.jpg","width":1000,"height":1000,"caption":"Reflexiones b\u00edblicas de la vida diaria"},{"@type":"BreadcrumbList","@id":"https:\/\/www.bibliaparalavida.com\/bo\/prod\/reflexiones-biblicas\/#breadcrumb","itemListElement":[{"@type":"ListItem","position":1,"name":"Portada","item":"https:\/\/www.bibliaparalavida.com\/bo\/"},{"@type":"ListItem","position":2,"name":"Manuales","item":"https:\/\/www.bibliaparalavida.com\/bo\/manuales\/"},{"@type":"ListItem","position":3,"name":"Reflexiones b\u00edblicas de la vida diaria (Digital)"}]},{"@type":"WebSite","@id":"https:\/\/www.bibliaparalavida.com\/bo\/#website","url":"https:\/\/www.bibliaparalavida.com\/bo\/","name":"Biblia para la Vida BOLIVIA","description":"Aplica la Biblia a tu vida","publisher":{"@id":"https:\/\/www.bibliaparalavida.com\/bo\/#organization"},"potentialAction":[{"@type":"SearchAction","target":{"@type":"EntryPoint","urlTemplate":"https:\/\/www.bibliaparalavida.com\/bo\/?s={search_term_string}"},"query-input":"required name=search_term_string"}],"inLanguage":"es"},{"@type":"Organization","@id":"https:\/\/www.bibliaparalavida.com\/bo\/#organization","name":"Biblia para la Vida BOLIVIA","url":"https:\/\/www.bibliaparalavida.com\/bo\/","logo":{"@type":"ImageObject","inLanguage":"es","@id":"https:\/\/www.bibliaparalavida.com\/bo\/#\/schema\/logo\/image\/","url":"https:\/\/www.bibliaparalavida.com\/bo\/wp-content\/uploads\/2024\/08\/Logo-BPLV-Horiz-320-BO.png","contentUrl":"https:\/\/www.bibliaparalavida.com\/bo\/wp-content\/uploads\/2024\/08\/Logo-BPLV-Horiz-320-BO.png","width":320,"height":87,"caption":"Biblia para la Vida BOLIVIA"},"image":{"@id":"https:\/\/www.bibliaparalavida.com\/bo\/#\/schema\/logo\/image\/"},"sameAs":["https:\/\/www.facebook.com\/BibliaParaLaVida","https:\/\/www.instagram.com\/bibliaparalavidaig"]}]}},"_links":{"self":[{"href":"https:\/\/www.bibliaparalavida.com\/bo\/wp-json\/wp\/v2\/product\/1628"}],"collection":[{"href":"https:\/\/www.bibliaparalavida.com\/bo\/wp-json\/wp\/v2\/product"}],"about":[{"href":"https:\/\/www.bibliaparalavida.com\/bo\/wp-json\/wp\/v2\/types\/product"}],"replies":[{"embeddable":true,"href":"https:\/\/www.bibliaparalavida.com\/bo\/wp-json\/wp\/v2\/comments?post=1628"}],"wp:featuredmedia":[{"embeddable":true,"href":"https:\/\/www.bibliaparalavida.com\/bo\/wp-json\/wp\/v2\/media\/1630"}],"wp:attachment":[{"href":"https:\/\/www.bibliaparalavida.com\/bo\/wp-json\/wp\/v2\/media?parent=1628"}],"wp:term":[{"taxonomy":"product_cat","embeddable":true,"href":"https:\/\/www.bibliaparalavida.com\/bo\/wp-json\/wp\/v2\/product_cat?post=1628"},{"taxonomy":"product_tag","embeddable":true,"href":"https:\/\/www.bibliaparalavida.com\/bo\/wp-json\/wp\/v2\/product_tag?post=1628"}],"curies":[{"name":"wp","href":"https:\/\/api.w.org\/{rel}","templated":true}]}}