{"id":156,"date":"2020-07-23T18:55:22","date_gmt":"2020-07-23T18:55:22","guid":{"rendered":"https:\/\/www.bibliaparalavida.com\/bo\/?post_type=product&#038;p=156"},"modified":"2025-01-20T14:11:24","modified_gmt":"2025-01-20T14:11:24","slug":"sermon-del-monte-maestro","status":"publish","type":"product","link":"https:\/\/www.bibliaparalavida.com\/bo\/prod\/sermon-del-monte-maestro\/","title":{"rendered":"Serie Serm\u00f3n del Monte | Maestro (Digital)"},"content":{"rendered":"<p>La <strong>Serie Serm\u00f3n del Monte<\/strong> incluye <strong>21 lecciones de teolog\u00eda pr\u00e1ctica para la vida diaria<\/strong> a partir de las ense\u00f1anzas de Jes\u00fas compartidas en este maravilloso serm\u00f3n, abordadas a trav\u00e9s de preguntas inductivas y con aplicaci\u00f3n a la vida cristiana.<\/p>\n<p>El Serm\u00f3n del Monte es una exposici\u00f3n clara, poderosa y directa de la conducta que el Se\u00f1or Jes\u00fas espera de sus disc\u00edpulos. Si nos examinamos a nosotros mismos y a nuestro alrededor, notaremos la gran necesidad que tenemos del mensaje poderoso del Serm\u00f3n del Monte. Estos \u00faltimos tiempos se caracterizan por la superficialidad en el compromiso con Cristo. La tendencia es seguir a Cristo por las bendiciones que recibimos y no porque \u00c9l es Dios y Se\u00f1or de nuestra vida. Hoy m\u00e1s que nunca es imperativo escuchar, entender, vivir y predicar el Serm\u00f3n del Monte.<\/p>\n<p><strong>Historias B\u00edblicas para la Vida Cristiana<\/strong>\u00a0promueve la participaci\u00f3n de los estudiantes trav\u00e9s de preguntas inductivas. De esta manera no s\u00f3lo se aprende acerca de la historia de la iglesia primitiva, sino tambi\u00e9n pueden descubrirse las verdades y principios escondidos en la Palabra, que siguen siendo relevantes, y as\u00ed poder aplicarlos a su propia vida.<\/p>\n<h3>ENSE\u00d1ANZAS INCLU\u00cdDAS EN LA SERIE SERM\u00d3N DEL MONTE<\/h3>\n<ol>\n<li>Las Bienaventuranzas<\/li>\n<li>Sal de la tierra y luz del mundo<\/li>\n<li>Ense\u00f1anza acerca de la ley<\/li>\n<li>Ense\u00f1anza sobre el enojo<\/li>\n<li>Ense\u00f1anza sobre el adulterio y el divorcio<\/li>\n<li>Ense\u00f1anza sobre el hablar siempre la verdad<\/li>\n<li>Ense\u00f1anza acerca de la venganza<\/li>\n<li>Ense\u00f1anza sobre el amar a los enemigos<\/li>\n<li>Ense\u00f1anza sobre dar a los necesitados<\/li>\n<li>Ense\u00f1anza sobre la oraci\u00f3n<\/li>\n<li>Ense\u00f1anza sobre el ayuno<\/li>\n<li>Ense\u00f1anza sobre los tesoros en el cielo<\/li>\n<li>Ense\u00f1anza sobre la pureza<\/li>\n<li>Ense\u00f1anza sobre el dinero y los bienes<\/li>\n<li>Ense\u00f1anza sobre la ansiedad<\/li>\n<li>Ense\u00f1anza acerca de juzgar a los dem\u00e1s<\/li>\n<li>La oraci\u00f3n y la regla de oro<\/li>\n<li>Ense\u00f1anza sobre la puerta angosta<\/li>\n<li>Ense\u00f1anza sobre los falsos profetas<\/li>\n<li>Ense\u00f1anza sobre los falsos cristianos<\/li>\n<li>Ense\u00f1anza sobre los dos cimientos<\/li>\n<\/ol>\n<h2>Video presentaci\u00f3n del Manual<\/h2>\n<p><iframe src=\"https:\/\/www.youtube.com\/embed\/dkJSyRRxG2w\" width=\"721\" height=\"405\" frameborder=\"0\" allowfullscreen=\"allowfullscreen\"><\/iframe><\/p>\n","protected":false},"excerpt":{"rendered":"<p><strong>SERM\u00d3N DEL MONTE Maestro<\/strong> estudia la teolog\u00eda pr\u00e1ctica para la vida diaria ense\u00f1ada por Jes\u00fas en este maravilloso serm\u00f3n. Complementario con el <a href=\"https:\/\/www.bibliaparalavida.com\/bo\/prod\/sermon-del-monte-alumno\/\">Manual del Alumno<\/a>.<\/p>\n<p>Es ideal para Escuela B\u00edblica, Grupos de Discipulado, y para estudiar la Biblia de manera individual.<\/p>\n<p><strong>C\u00f3mpralo aqu\u00ed en digital <\/strong>y l\u00e9elo en nuestra <a href=\"https:\/\/bibliaparalavida.com\/la\/app\/\" rel=\"noopener\">App.<\/a><\/p>\n<p><a style=\"padding: 8px; background-color: #0f9d58; font-weight: bold; text-align: center; color: #fff; border-radius: 5px;\" href=\"https:\/\/wa.me\/5493513073050?text=Quisiera%20un%20Demo%20de%20la%20Serie%20Serm\u00f3n%20del%20Monte.\"><img decoding=\"async\" style=\"float: left, margin-right:10px; margin-bottom: -7px; margin-right: 5px;\" src=\"https:\/\/www.bibliaparalavida.com\/bo\/bo\/wp-content\/uploads\/2020\/12\/WhatsApp-icon.png\" alt=\"WhatsApp\" width=\"24\" height=\"24\" \/>SOLICITA UN DEMO EN PDF<\/a><\/p>\n<div style=\"clear: both; height: 10px;\"><\/div>\n","protected":false},"featured_media":153,"comment_status":"closed","ping_status":"closed","template":"","meta":{"_joinchat":[]},"product_cat":[19,32],"product_tag":[67],"class_list":{"0":"post-156","1":"product","2":"type-product","3":"status-publish","4":"has-post-thumbnail","6":"product_cat-historias-biblicas","7":"product_cat-sermon-del-monte","8":"product_tag-billy-saint","10":"first","11":"instock","12":"shipping-taxable","13":"purchasable","14":"product-type-simple"},"yoast_head":"<!-- This site is optimized with the Yoast SEO plugin v23.1 - https:\/\/yoast.com\/wordpress\/plugins\/seo\/ -->\n<title>Serie Serm\u00f3n del Monte | Maestro (Digital) - Biblia para la Vida<\/title>\n<meta name=\"robots\" content=\"index, follow, max-snippet:-1, max-image-preview:large, max-video-preview:-1\" \/>\n<link rel=\"canonical\" href=\"https:\/\/www.bibliaparalavida.com\/bo\/prod\/sermon-del-monte-maestro\/\" \/>\n<meta property=\"og:locale\" content=\"es_ES\" \/>\n<meta property=\"og:type\" content=\"article\" \/>\n<meta property=\"og:title\" content=\"Serie Serm\u00f3n del Monte | Maestro (Digital) - Biblia para la Vida\" \/>\n<meta property=\"og:description\" content=\"SERM\u00d3N DEL MONTE Maestro estudia la teolog\u00eda pr\u00e1ctica para la vida diaria ense\u00f1ada por Jes\u00fas en este maravilloso serm\u00f3n. Complementario con el Manual del Alumno.  Es ideal para Escuela B\u00edblica, Grupos de Discipulado, y para estudiar la Biblia de manera individual.  C\u00f3mpralo aqu\u00ed en digital y l\u00e9elo en nuestra App.  SOLICITA UN DEMO EN PDF\" \/>\n<meta property=\"og:url\" content=\"https:\/\/www.bibliaparalavida.com\/bo\/prod\/sermon-del-monte-maestro\/\" \/>\n<meta property=\"og:site_name\" content=\"Biblia para la Vida\" \/>\n<meta property=\"article:publisher\" content=\"https:\/\/www.facebook.com\/BibliaParaLaVida\" \/>\n<meta property=\"article:modified_time\" content=\"2025-01-20T14:11:24+00:00\" \/>\n<meta property=\"og:image\" content=\"https:\/\/www.bibliaparalavida.com\/bo\/wp-content\/uploads\/2020\/03\/Serie-Sermon-del-Monte-Maestro.jpg\" \/>\n\t<meta property=\"og:image:width\" content=\"842\" \/>\n\t<meta property=\"og:image:height\" content=\"842\" \/>\n\t<meta property=\"og:image:type\" content=\"image\/jpeg\" \/>\n<meta name=\"twitter:card\" content=\"summary_large_image\" \/>\n<meta name=\"twitter:label1\" content=\"Tiempo de lectura\" \/>\n\t<meta name=\"twitter:data1\" content=\"2 minutos\" \/>\n<script type=\"application\/ld+json\" class=\"yoast-schema-graph\">{\"@context\":\"https:\/\/schema.org\",\"@graph\":[{\"@type\":\"WebPage\",\"@id\":\"https:\/\/www.bibliaparalavida.com\/bo\/prod\/sermon-del-monte-maestro\/\",\"url\":\"https:\/\/www.bibliaparalavida.com\/bo\/prod\/sermon-del-monte-maestro\/\",\"name\":\"Serie Serm\u00f3n del Monte | Maestro (Digital) - Biblia para la Vida\",\"isPartOf\":{\"@id\":\"https:\/\/www.bibliaparalavida.com\/bo\/#website\"},\"primaryImageOfPage\":{\"@id\":\"https:\/\/www.bibliaparalavida.com\/bo\/prod\/sermon-del-monte-maestro\/#primaryimage\"},\"image\":{\"@id\":\"https:\/\/www.bibliaparalavida.com\/bo\/prod\/sermon-del-monte-maestro\/#primaryimage\"},\"thumbnailUrl\":\"https:\/\/www.bibliaparalavida.com\/bo\/wp-content\/uploads\/2020\/03\/Serie-Sermon-del-Monte-Maestro.jpg\",\"datePublished\":\"2020-07-23T18:55:22+00:00\",\"dateModified\":\"2025-01-20T14:11:24+00:00\",\"breadcrumb\":{\"@id\":\"https:\/\/www.bibliaparalavida.com\/bo\/prod\/sermon-del-monte-maestro\/#breadcrumb\"},\"inLanguage\":\"es\",\"potentialAction\":[{\"@type\":\"ReadAction\",\"target\":[\"https:\/\/www.bibliaparalavida.com\/bo\/prod\/sermon-del-monte-maestro\/\"]}]},{\"@type\":\"ImageObject\",\"inLanguage\":\"es\",\"@id\":\"https:\/\/www.bibliaparalavida.com\/bo\/prod\/sermon-del-monte-maestro\/#primaryimage\",\"url\":\"https:\/\/www.bibliaparalavida.com\/bo\/wp-content\/uploads\/2020\/03\/Serie-Sermon-del-Monte-Maestro.jpg\",\"contentUrl\":\"https:\/\/www.bibliaparalavida.com\/bo\/wp-content\/uploads\/2020\/03\/Serie-Sermon-del-Monte-Maestro.jpg\",\"width\":842,\"height\":842,\"caption\":\"Serie Serm\u00f3n del Monte - Manual del Maestro\"},{\"@type\":\"BreadcrumbList\",\"@id\":\"https:\/\/www.bibliaparalavida.com\/bo\/prod\/sermon-del-monte-maestro\/#breadcrumb\",\"itemListElement\":[{\"@type\":\"ListItem\",\"position\":1,\"name\":\"Portada\",\"item\":\"https:\/\/www.bibliaparalavida.com\/bo\/\"},{\"@type\":\"ListItem\",\"position\":2,\"name\":\"Manuales\",\"item\":\"https:\/\/www.bibliaparalavida.com\/bo\/manuales\/\"},{\"@type\":\"ListItem\",\"position\":3,\"name\":\"Serie Serm\u00f3n del Monte | Maestro (Digital)\"}]},{\"@type\":\"WebSite\",\"@id\":\"https:\/\/www.bibliaparalavida.com\/bo\/#website\",\"url\":\"https:\/\/www.bibliaparalavida.com\/bo\/\",\"name\":\"Biblia para la Vida BOLIVIA\",\"description\":\"Aplica la Biblia a tu vida\",\"publisher\":{\"@id\":\"https:\/\/www.bibliaparalavida.com\/bo\/#organization\"},\"potentialAction\":[{\"@type\":\"SearchAction\",\"target\":{\"@type\":\"EntryPoint\",\"urlTemplate\":\"https:\/\/www.bibliaparalavida.com\/bo\/?s={search_term_string}\"},\"query-input\":\"required name=search_term_string\"}],\"inLanguage\":\"es\"},{\"@type\":\"Organization\",\"@id\":\"https:\/\/www.bibliaparalavida.com\/bo\/#organization\",\"name\":\"Biblia para la Vida BOLIVIA\",\"url\":\"https:\/\/www.bibliaparalavida.com\/bo\/\",\"logo\":{\"@type\":\"ImageObject\",\"inLanguage\":\"es\",\"@id\":\"https:\/\/www.bibliaparalavida.com\/bo\/#\/schema\/logo\/image\/\",\"url\":\"https:\/\/www.bibliaparalavida.com\/bo\/wp-content\/uploads\/2024\/08\/Logo-BPLV-Horiz-320-BO.png\",\"contentUrl\":\"https:\/\/www.bibliaparalavida.com\/bo\/wp-content\/uploads\/2024\/08\/Logo-BPLV-Horiz-320-BO.png\",\"width\":320,\"height\":87,\"caption\":\"Biblia para la Vida BOLIVIA\"},\"image\":{\"@id\":\"https:\/\/www.bibliaparalavida.com\/bo\/#\/schema\/logo\/image\/\"},\"sameAs\":[\"https:\/\/www.facebook.com\/BibliaParaLaVida\",\"https:\/\/www.instagram.com\/bibliaparalavidaig\"]}]}<\/script>\n<!-- \/ Yoast SEO plugin. -->","yoast_head_json":{"title":"Serie Serm\u00f3n del Monte | Maestro (Digital) - Biblia para la Vida","robots":{"index":"index","follow":"follow","max-snippet":"max-snippet:-1","max-image-preview":"max-image-preview:large","max-video-preview":"max-video-preview:-1"},"canonical":"https:\/\/www.bibliaparalavida.com\/bo\/prod\/sermon-del-monte-maestro\/","og_locale":"es_ES","og_type":"article","og_title":"Serie Serm\u00f3n del Monte | Maestro (Digital) - Biblia para la Vida","og_description":"SERM\u00d3N DEL MONTE Maestro estudia la teolog\u00eda pr\u00e1ctica para la vida diaria ense\u00f1ada por Jes\u00fas en este maravilloso serm\u00f3n. Complementario con el Manual del Alumno.  Es ideal para Escuela B\u00edblica, Grupos de Discipulado, y para estudiar la Biblia de manera individual.  C\u00f3mpralo aqu\u00ed en digital y l\u00e9elo en nuestra App.  SOLICITA UN DEMO EN PDF","og_url":"https:\/\/www.bibliaparalavida.com\/bo\/prod\/sermon-del-monte-maestro\/","og_site_name":"Biblia para la Vida","article_publisher":"https:\/\/www.facebook.com\/BibliaParaLaVida","article_modified_time":"2025-01-20T14:11:24+00:00","og_image":[{"width":842,"height":842,"url":"https:\/\/www.bibliaparalavida.com\/bo\/wp-content\/uploads\/2020\/03\/Serie-Sermon-del-Monte-Maestro.jpg","type":"image\/jpeg"}],"twitter_card":"summary_large_image","twitter_misc":{"Tiempo de lectura":"2 minutos"},"schema":{"@context":"https:\/\/schema.org","@graph":[{"@type":"WebPage","@id":"https:\/\/www.bibliaparalavida.com\/bo\/prod\/sermon-del-monte-maestro\/","url":"https:\/\/www.bibliaparalavida.com\/bo\/prod\/sermon-del-monte-maestro\/","name":"Serie Serm\u00f3n del Monte | Maestro (Digital) - Biblia para la Vida","isPartOf":{"@id":"https:\/\/www.bibliaparalavida.com\/bo\/#website"},"primaryImageOfPage":{"@id":"https:\/\/www.bibliaparalavida.com\/bo\/prod\/sermon-del-monte-maestro\/#primaryimage"},"image":{"@id":"https:\/\/www.bibliaparalavida.com\/bo\/prod\/sermon-del-monte-maestro\/#primaryimage"},"thumbnailUrl":"https:\/\/www.bibliaparalavida.com\/bo\/wp-content\/uploads\/2020\/03\/Serie-Sermon-del-Monte-Maestro.jpg","datePublished":"2020-07-23T18:55:22+00:00","dateModified":"2025-01-20T14:11:24+00:00","breadcrumb":{"@id":"https:\/\/www.bibliaparalavida.com\/bo\/prod\/sermon-del-monte-maestro\/#breadcrumb"},"inLanguage":"es","potentialAction":[{"@type":"ReadAction","target":["https:\/\/www.bibliaparalavida.com\/bo\/prod\/sermon-del-monte-maestro\/"]}]},{"@type":"ImageObject","inLanguage":"es","@id":"https:\/\/www.bibliaparalavida.com\/bo\/prod\/sermon-del-monte-maestro\/#primaryimage","url":"https:\/\/www.bibliaparalavida.com\/bo\/wp-content\/uploads\/2020\/03\/Serie-Sermon-del-Monte-Maestro.jpg","contentUrl":"https:\/\/www.bibliaparalavida.com\/bo\/wp-content\/uploads\/2020\/03\/Serie-Sermon-del-Monte-Maestro.jpg","width":842,"height":842,"caption":"Serie Serm\u00f3n del Monte - Manual del Maestro"},{"@type":"BreadcrumbList","@id":"https:\/\/www.bibliaparalavida.com\/bo\/prod\/sermon-del-monte-maestro\/#breadcrumb","itemListElement":[{"@type":"ListItem","position":1,"name":"Portada","item":"https:\/\/www.bibliaparalavida.com\/bo\/"},{"@type":"ListItem","position":2,"name":"Manuales","item":"https:\/\/www.bibliaparalavida.com\/bo\/manuales\/"},{"@type":"ListItem","position":3,"name":"Serie Serm\u00f3n del Monte | Maestro (Digital)"}]},{"@type":"WebSite","@id":"https:\/\/www.bibliaparalavida.com\/bo\/#website","url":"https:\/\/www.bibliaparalavida.com\/bo\/","name":"Biblia para la Vida BOLIVIA","description":"Aplica la Biblia a tu vida","publisher":{"@id":"https:\/\/www.bibliaparalavida.com\/bo\/#organization"},"potentialAction":[{"@type":"SearchAction","target":{"@type":"EntryPoint","urlTemplate":"https:\/\/www.bibliaparalavida.com\/bo\/?s={search_term_string}"},"query-input":"required name=search_term_string"}],"inLanguage":"es"},{"@type":"Organization","@id":"https:\/\/www.bibliaparalavida.com\/bo\/#organization","name":"Biblia para la Vida BOLIVIA","url":"https:\/\/www.bibliaparalavida.com\/bo\/","logo":{"@type":"ImageObject","inLanguage":"es","@id":"https:\/\/www.bibliaparalavida.com\/bo\/#\/schema\/logo\/image\/","url":"https:\/\/www.bibliaparalavida.com\/bo\/wp-content\/uploads\/2024\/08\/Logo-BPLV-Horiz-320-BO.png","contentUrl":"https:\/\/www.bibliaparalavida.com\/bo\/wp-content\/uploads\/2024\/08\/Logo-BPLV-Horiz-320-BO.png","width":320,"height":87,"caption":"Biblia para la Vida BOLIVIA"},"image":{"@id":"https:\/\/www.bibliaparalavida.com\/bo\/#\/schema\/logo\/image\/"},"sameAs":["https:\/\/www.facebook.com\/BibliaParaLaVida","https:\/\/www.instagram.com\/bibliaparalavidaig"]}]}},"_links":{"self":[{"href":"https:\/\/www.bibliaparalavida.com\/bo\/wp-json\/wp\/v2\/product\/156"}],"collection":[{"href":"https:\/\/www.bibliaparalavida.com\/bo\/wp-json\/wp\/v2\/product"}],"about":[{"href":"https:\/\/www.bibliaparalavida.com\/bo\/wp-json\/wp\/v2\/types\/product"}],"replies":[{"embeddable":true,"href":"https:\/\/www.bibliaparalavida.com\/bo\/wp-json\/wp\/v2\/comments?post=156"}],"wp:featuredmedia":[{"embeddable":true,"href":"https:\/\/www.bibliaparalavida.com\/bo\/wp-json\/wp\/v2\/media\/153"}],"wp:attachment":[{"href":"https:\/\/www.bibliaparalavida.com\/bo\/wp-json\/wp\/v2\/media?parent=156"}],"wp:term":[{"taxonomy":"product_cat","embeddable":true,"href":"https:\/\/www.bibliaparalavida.com\/bo\/wp-json\/wp\/v2\/product_cat?post=156"},{"taxonomy":"product_tag","embeddable":true,"href":"https:\/\/www.bibliaparalavida.com\/bo\/wp-json\/wp\/v2\/product_tag?post=156"}],"curies":[{"name":"wp","href":"https:\/\/api.w.org\/{rel}","templated":true}]}}