{"id":146,"date":"2020-11-24T18:33:01","date_gmt":"2020-11-24T18:33:01","guid":{"rendered":"https:\/\/www.bibliaparalavida.com\/bo\/?post_type=product&#038;p=146"},"modified":"2025-01-20T14:10:21","modified_gmt":"2025-01-20T14:10:21","slug":"historicos-maestro","status":"publish","type":"product","link":"https:\/\/www.bibliaparalavida.com\/bo\/prod\/historicos-maestro\/","title":{"rendered":"Serie Libros Hist\u00f3ricos | Maestro (Digital)"},"content":{"rendered":"<p><strong>Libros Hist\u00f3ricos<\/strong> es una de las secciones m\u00e1s apasionantes de la Biblia, en la que nos encontraremos con decenas de historias protagonizadas por personas como vos y como yo, con nuestras mismas debilidades y temores, y que atravesaron circunstancias muy similares a las nuestras. Algunos, decidieron seguir fieles a Dios y el resultado fue que Dios los protegi\u00f3 y les provey\u00f3. Otros decidieron abandonar a Dios e ir tras sus propios intereses, y les fue muy mal. Todas estas historias han sido registradas en la Biblia para que nosotros hoy podamos leer y tomar nota de aquello que nos conviene y lo que no.<\/p>\n<p><strong>Historias B\u00edblicas para la Vida Cristiana<\/strong> promueve la participaci\u00f3n de los estudiantes trav\u00e9s de preguntas inductivas. De esta manera no s\u00f3lo se aprende acerca de la historia de la iglesia primitiva, sino tambi\u00e9n pueden descubrirse las verdades y principios escondidos en la Palabra, que siguen siendo relevantes, y as\u00ed poder aplicarlos a su propia vida.<\/p>\n<h3>Lecciones incluidas en la Serie Libros Hist\u00f3ricos<\/h3>\n<ol>\n<li>Cruce del Jord\u00e1n y conquista de Jeric\u00f3<\/li>\n<li>Ac\u00e1n toma del anatema<\/li>\n<li>Caleb reclama y conquista Hebr\u00f3n<\/li>\n<li>Llamamiento de Gede\u00f3n<\/li>\n<li>Sans\u00f3n, un libertador muy particular<\/li>\n<li>Rut, una mujer para imitar<\/li>\n<li>Nacimiento de Samuel<\/li>\n<li>Dios llama a Samuel<\/li>\n<li>Sa\u00fal es elegido rey y luego desechado<\/li>\n<li>David es ungido Rey de Israel<\/li>\n<li>David vence a Goliat<\/li>\n<li>David perdona la vida a Sa\u00fal dos veces<\/li>\n<li>Sa\u00fal consulta a la adivina de Endor<\/li>\n<li>David derrota a los amalecitas<\/li>\n<li>Muerte de Sa\u00fal y David ungido rey<\/li>\n<li>David lleva el arca a Jerusal\u00e9n<\/li>\n<li>Bondad de David hacia Mefiboset<\/li>\n<li>David adultera con Betsab\u00e9<\/li>\n<li>Amn\u00f3n abusa de Tamar<\/li>\n<li>Absal\u00f3n se subleva contra David<\/li>\n<li>David censa al pueblo de Israel<\/li>\n<li>Adon\u00edas usurpa el trono. David proclama rey a Salom\u00f3n<\/li>\n<li>Salom\u00f3n sucede a David en el trono<\/li>\n<li>Salom\u00f3n pide sabidur\u00eda a Dios<\/li>\n<li>Dedicaci\u00f3n del Templo<\/li>\n<li>Roboam divide el reino de Israel<\/li>\n<li>El\u00edas predice la sequ\u00eda en Israel<\/li>\n<li>El\u00edas y los profetas de Baal y Asera<\/li>\n<li>El\u00edas huye a Horeb<\/li>\n<li>El\u00edas es arrebatado y Eliseo recibe la unci\u00f3n<\/li>\n<li>Eliseo y Naam\u00e1n sanado de lepra<\/li>\n<li>Eliseo y su criado rodeado por los sirios<\/li>\n<li>Eliseo y el sitio en Samaria<\/li>\n<li>Reinado y enfermedad del rey Ezequ\u00edas<\/li>\n<li>Nehem\u00edas reedifica el muro de Jerusal\u00e9n<\/li>\n<li>Ester, una joven bella y valiente<\/li>\n<li>Job conoce a Dios a trav\u00e9s del dolor<\/li>\n<\/ol>\n<h2 id=\"presentacion\">Video presentaci\u00f3n del Manual<\/h2>\n<p><iframe width=\"721\" height=\"405\" src=\"https:\/\/www.youtube.com\/embed\/nhC357Aywis\" frameborder=\"0\" allow=\"accelerometer; autoplay; clipboard-write; encrypted-media; gyroscope; picture-in-picture\" allowfullscreen><\/iframe><\/p>\n","protected":false},"excerpt":{"rendered":"<p>La <strong>HIST\u00d3RICOS Maestro<\/strong> incluye 37 lecciones a partir de las historias m\u00e1s interesantes de los libros hist\u00f3ricos de la Biblia, las cuales tienen como protagonistas a reyes, jueces y profetas. Complementario con el\u00a0<a href=\"https:\/\/www.bibliaparalavida.com\/bo\/prod\/historicos-alumno\/\">Manual del Alumno<\/a>.<\/p>\n<p>Es ideal para Escuela B\u00edblica, Grupos de Discipulado, y para estudiar la Biblia de manera individual.<\/p>\n<p><a style=\"padding: 8px; background-color: #0f9d58; font-weight: bold; text-align: center; color: #fff; border-radius: 5px;\" href=\"https:\/\/wa.me\/5493513073050?text=Quisiera%20un%20Demo%20de%20la%20Serie%20Libros%20Hist\u00f3ricos.\"><img decoding=\"async\" style=\"float: left, margin-right:10px; margin-bottom: -7px; margin-right: 5px;\" src=\"https:\/\/www.bibliaparalavida.com\/bo\/bo\/wp-content\/uploads\/2020\/12\/WhatsApp-icon.png\" alt=\"WhatsApp\" width=\"24\" height=\"24\" \/>SOLICITA UN DEMO EN PDF<\/a><\/p>\n<p><a style=\"padding: 4px 8px; background-color: #F90; font-weight: bold; text-align: center; color: #fff; border-radius: 5px;\" href=\"https:\/\/www.bibliaparalavida.com\/bo\/app\/prod\/historicos-maestro\/\" target=\"_blank\" rel=\"noopener\">\u00bfPREFER\u00cdS DIGITAL?<\/a> Cuesta menos y te ahorr\u00e1s el env\u00edo.<\/p>\n<div style=\"clear: both; height: 10px;\"><\/div>\n<p><a href=\"https:\/\/wa.me\/5493513073050?text=Quisiera%20consultar%20por%20descuentos%20en%20los%20Manuales.\" style=\"padding:8px; background-color:#0f9d58; font-weight:bold; text-align:center; color:#FFF; border-radius:5px\"><img decoding=\"async\" style=\"float: left, margin-right:10px; margin-bottom:-7px; margin-right:5px\" src=\"https:\/\/www.bibliaparalavida.com\/bo\/bo\/wp-content\/uploads\/2020\/12\/WhatsApp-icon.png\" alt=\"WhatsApp\" width=\"24\" height=\"24\"\/>CONS\u00daLTANOS POR DESCUENTOS<\/a><\/p>\n<div style=\"margin-top:15px; font-size:80%\"><a href=\"https:\/\/wa.me\/5493513073050?text=Quisiera%20un%20Demo%20de%20la%20Serie%20Libros%20Hist\u00f3ricos.\"><img decoding=\"async\" style=\"float: left, margin-right:10px; margin-bottom:-3px\" src=\"https:\/\/www.bibliaparalavida.com\/bo\/archivos\/PDF-icon.png\" alt=\"Demo en PDF\" \/> Solicita Demo en PDF<\/a> | <a href=\"#presentacion\"><img decoding=\"async\" style=\"float: left, margin-right:10px; margin-bottom:-3px\" src=\"https:\/\/www.bibliaparalavida.com\/bo\/archivos\/Youtube-icon-16px.png\" alt=\"Youtube\" \/> Mira el video de Presentaci\u00f3n<\/a><\/div>\n<div style=\"clear:both; height:10px\"><\/div>\n","protected":false},"featured_media":147,"comment_status":"closed","ping_status":"closed","template":"","meta":{"_joinchat":[]},"product_cat":[19,30],"product_tag":[67],"class_list":{"0":"post-146","1":"product","2":"type-product","3":"status-publish","4":"has-post-thumbnail","6":"product_cat-historias-biblicas","7":"product_cat-libros-historicos","8":"product_tag-billy-saint","10":"first","11":"instock","12":"shipping-taxable","13":"purchasable","14":"product-type-simple"},"yoast_head":"<!-- This site is optimized with the Yoast SEO plugin v23.1 - https:\/\/yoast.com\/wordpress\/plugins\/seo\/ -->\n<title>Serie Libros Hist\u00f3ricos | Maestro (Digital) - Biblia para la Vida<\/title>\n<meta name=\"robots\" content=\"index, follow, max-snippet:-1, max-image-preview:large, max-video-preview:-1\" \/>\n<link rel=\"canonical\" href=\"https:\/\/www.bibliaparalavida.com\/bo\/prod\/historicos-maestro\/\" \/>\n<meta property=\"og:locale\" content=\"es_ES\" \/>\n<meta property=\"og:type\" content=\"article\" \/>\n<meta property=\"og:title\" content=\"Serie Libros Hist\u00f3ricos | Maestro (Digital) - Biblia para la Vida\" \/>\n<meta property=\"og:description\" content=\"La HIST\u00d3RICOS Maestro incluye 37 lecciones a partir de las historias m\u00e1s interesantes de los libros hist\u00f3ricos de la Biblia, las cuales tienen como protagonistas a reyes, jueces y profetas. Complementario con el\u00a0Manual del Alumno.  Es ideal para Escuela B\u00edblica, Grupos de Discipulado, y para estudiar la Biblia de manera individual.  SOLICITA UN DEMO EN PDF  \u00bfPREFER\u00cdS DIGITAL? Cuesta menos y te ahorr\u00e1s el env\u00edo.   CONS\u00daLTANOS POR DESCUENTOS  Solicita Demo en PDF | Mira el video de Presentaci\u00f3n\" \/>\n<meta property=\"og:url\" content=\"https:\/\/www.bibliaparalavida.com\/bo\/prod\/historicos-maestro\/\" \/>\n<meta property=\"og:site_name\" content=\"Biblia para la Vida\" \/>\n<meta property=\"article:publisher\" content=\"https:\/\/www.facebook.com\/BibliaParaLaVida\" \/>\n<meta property=\"article:modified_time\" content=\"2025-01-20T14:10:21+00:00\" \/>\n<meta property=\"og:image\" content=\"https:\/\/www.bibliaparalavida.com\/bo\/wp-content\/uploads\/2020\/03\/Serie-Historicos-Maestro.jpg\" \/>\n\t<meta property=\"og:image:width\" content=\"1000\" \/>\n\t<meta property=\"og:image:height\" content=\"1000\" \/>\n\t<meta property=\"og:image:type\" content=\"image\/jpeg\" \/>\n<meta name=\"twitter:card\" content=\"summary_large_image\" \/>\n<meta name=\"twitter:label1\" content=\"Tiempo de lectura\" \/>\n\t<meta name=\"twitter:data1\" content=\"2 minutos\" \/>\n<script type=\"application\/ld+json\" class=\"yoast-schema-graph\">{\"@context\":\"https:\/\/schema.org\",\"@graph\":[{\"@type\":\"WebPage\",\"@id\":\"https:\/\/www.bibliaparalavida.com\/bo\/prod\/historicos-maestro\/\",\"url\":\"https:\/\/www.bibliaparalavida.com\/bo\/prod\/historicos-maestro\/\",\"name\":\"Serie Libros Hist\u00f3ricos | Maestro (Digital) - Biblia para la Vida\",\"isPartOf\":{\"@id\":\"https:\/\/www.bibliaparalavida.com\/bo\/#website\"},\"primaryImageOfPage\":{\"@id\":\"https:\/\/www.bibliaparalavida.com\/bo\/prod\/historicos-maestro\/#primaryimage\"},\"image\":{\"@id\":\"https:\/\/www.bibliaparalavida.com\/bo\/prod\/historicos-maestro\/#primaryimage\"},\"thumbnailUrl\":\"https:\/\/www.bibliaparalavida.com\/bo\/wp-content\/uploads\/2020\/03\/Serie-Historicos-Maestro.jpg\",\"datePublished\":\"2020-11-24T18:33:01+00:00\",\"dateModified\":\"2025-01-20T14:10:21+00:00\",\"breadcrumb\":{\"@id\":\"https:\/\/www.bibliaparalavida.com\/bo\/prod\/historicos-maestro\/#breadcrumb\"},\"inLanguage\":\"es\",\"potentialAction\":[{\"@type\":\"ReadAction\",\"target\":[\"https:\/\/www.bibliaparalavida.com\/bo\/prod\/historicos-maestro\/\"]}]},{\"@type\":\"ImageObject\",\"inLanguage\":\"es\",\"@id\":\"https:\/\/www.bibliaparalavida.com\/bo\/prod\/historicos-maestro\/#primaryimage\",\"url\":\"https:\/\/www.bibliaparalavida.com\/bo\/wp-content\/uploads\/2020\/03\/Serie-Historicos-Maestro.jpg\",\"contentUrl\":\"https:\/\/www.bibliaparalavida.com\/bo\/wp-content\/uploads\/2020\/03\/Serie-Historicos-Maestro.jpg\",\"width\":1000,\"height\":1000,\"caption\":\"Serie Libros Hist\u00f3ricos - Manual del Maestro\"},{\"@type\":\"BreadcrumbList\",\"@id\":\"https:\/\/www.bibliaparalavida.com\/bo\/prod\/historicos-maestro\/#breadcrumb\",\"itemListElement\":[{\"@type\":\"ListItem\",\"position\":1,\"name\":\"Portada\",\"item\":\"https:\/\/www.bibliaparalavida.com\/bo\/\"},{\"@type\":\"ListItem\",\"position\":2,\"name\":\"Manuales\",\"item\":\"https:\/\/www.bibliaparalavida.com\/bo\/manuales\/\"},{\"@type\":\"ListItem\",\"position\":3,\"name\":\"Serie Libros Hist\u00f3ricos | Maestro (Digital)\"}]},{\"@type\":\"WebSite\",\"@id\":\"https:\/\/www.bibliaparalavida.com\/bo\/#website\",\"url\":\"https:\/\/www.bibliaparalavida.com\/bo\/\",\"name\":\"Biblia para la Vida BOLIVIA\",\"description\":\"Aplica la Biblia a tu vida\",\"publisher\":{\"@id\":\"https:\/\/www.bibliaparalavida.com\/bo\/#organization\"},\"potentialAction\":[{\"@type\":\"SearchAction\",\"target\":{\"@type\":\"EntryPoint\",\"urlTemplate\":\"https:\/\/www.bibliaparalavida.com\/bo\/?s={search_term_string}\"},\"query-input\":\"required name=search_term_string\"}],\"inLanguage\":\"es\"},{\"@type\":\"Organization\",\"@id\":\"https:\/\/www.bibliaparalavida.com\/bo\/#organization\",\"name\":\"Biblia para la Vida BOLIVIA\",\"url\":\"https:\/\/www.bibliaparalavida.com\/bo\/\",\"logo\":{\"@type\":\"ImageObject\",\"inLanguage\":\"es\",\"@id\":\"https:\/\/www.bibliaparalavida.com\/bo\/#\/schema\/logo\/image\/\",\"url\":\"https:\/\/www.bibliaparalavida.com\/bo\/wp-content\/uploads\/2024\/08\/Logo-BPLV-Horiz-320-BO.png\",\"contentUrl\":\"https:\/\/www.bibliaparalavida.com\/bo\/wp-content\/uploads\/2024\/08\/Logo-BPLV-Horiz-320-BO.png\",\"width\":320,\"height\":87,\"caption\":\"Biblia para la Vida BOLIVIA\"},\"image\":{\"@id\":\"https:\/\/www.bibliaparalavida.com\/bo\/#\/schema\/logo\/image\/\"},\"sameAs\":[\"https:\/\/www.facebook.com\/BibliaParaLaVida\",\"https:\/\/www.instagram.com\/bibliaparalavidaig\"]}]}<\/script>\n<!-- \/ Yoast SEO plugin. -->","yoast_head_json":{"title":"Serie Libros Hist\u00f3ricos | Maestro (Digital) - Biblia para la Vida","robots":{"index":"index","follow":"follow","max-snippet":"max-snippet:-1","max-image-preview":"max-image-preview:large","max-video-preview":"max-video-preview:-1"},"canonical":"https:\/\/www.bibliaparalavida.com\/bo\/prod\/historicos-maestro\/","og_locale":"es_ES","og_type":"article","og_title":"Serie Libros Hist\u00f3ricos | Maestro (Digital) - Biblia para la Vida","og_description":"La HIST\u00d3RICOS Maestro incluye 37 lecciones a partir de las historias m\u00e1s interesantes de los libros hist\u00f3ricos de la Biblia, las cuales tienen como protagonistas a reyes, jueces y profetas. Complementario con el\u00a0Manual del Alumno.  Es ideal para Escuela B\u00edblica, Grupos de Discipulado, y para estudiar la Biblia de manera individual.  SOLICITA UN DEMO EN PDF  \u00bfPREFER\u00cdS DIGITAL? Cuesta menos y te ahorr\u00e1s el env\u00edo.   CONS\u00daLTANOS POR DESCUENTOS  Solicita Demo en PDF | Mira el video de Presentaci\u00f3n","og_url":"https:\/\/www.bibliaparalavida.com\/bo\/prod\/historicos-maestro\/","og_site_name":"Biblia para la Vida","article_publisher":"https:\/\/www.facebook.com\/BibliaParaLaVida","article_modified_time":"2025-01-20T14:10:21+00:00","og_image":[{"width":1000,"height":1000,"url":"https:\/\/www.bibliaparalavida.com\/bo\/wp-content\/uploads\/2020\/03\/Serie-Historicos-Maestro.jpg","type":"image\/jpeg"}],"twitter_card":"summary_large_image","twitter_misc":{"Tiempo de lectura":"2 minutos"},"schema":{"@context":"https:\/\/schema.org","@graph":[{"@type":"WebPage","@id":"https:\/\/www.bibliaparalavida.com\/bo\/prod\/historicos-maestro\/","url":"https:\/\/www.bibliaparalavida.com\/bo\/prod\/historicos-maestro\/","name":"Serie Libros Hist\u00f3ricos | Maestro (Digital) - Biblia para la Vida","isPartOf":{"@id":"https:\/\/www.bibliaparalavida.com\/bo\/#website"},"primaryImageOfPage":{"@id":"https:\/\/www.bibliaparalavida.com\/bo\/prod\/historicos-maestro\/#primaryimage"},"image":{"@id":"https:\/\/www.bibliaparalavida.com\/bo\/prod\/historicos-maestro\/#primaryimage"},"thumbnailUrl":"https:\/\/www.bibliaparalavida.com\/bo\/wp-content\/uploads\/2020\/03\/Serie-Historicos-Maestro.jpg","datePublished":"2020-11-24T18:33:01+00:00","dateModified":"2025-01-20T14:10:21+00:00","breadcrumb":{"@id":"https:\/\/www.bibliaparalavida.com\/bo\/prod\/historicos-maestro\/#breadcrumb"},"inLanguage":"es","potentialAction":[{"@type":"ReadAction","target":["https:\/\/www.bibliaparalavida.com\/bo\/prod\/historicos-maestro\/"]}]},{"@type":"ImageObject","inLanguage":"es","@id":"https:\/\/www.bibliaparalavida.com\/bo\/prod\/historicos-maestro\/#primaryimage","url":"https:\/\/www.bibliaparalavida.com\/bo\/wp-content\/uploads\/2020\/03\/Serie-Historicos-Maestro.jpg","contentUrl":"https:\/\/www.bibliaparalavida.com\/bo\/wp-content\/uploads\/2020\/03\/Serie-Historicos-Maestro.jpg","width":1000,"height":1000,"caption":"Serie Libros Hist\u00f3ricos - Manual del Maestro"},{"@type":"BreadcrumbList","@id":"https:\/\/www.bibliaparalavida.com\/bo\/prod\/historicos-maestro\/#breadcrumb","itemListElement":[{"@type":"ListItem","position":1,"name":"Portada","item":"https:\/\/www.bibliaparalavida.com\/bo\/"},{"@type":"ListItem","position":2,"name":"Manuales","item":"https:\/\/www.bibliaparalavida.com\/bo\/manuales\/"},{"@type":"ListItem","position":3,"name":"Serie Libros Hist\u00f3ricos | Maestro (Digital)"}]},{"@type":"WebSite","@id":"https:\/\/www.bibliaparalavida.com\/bo\/#website","url":"https:\/\/www.bibliaparalavida.com\/bo\/","name":"Biblia para la Vida BOLIVIA","description":"Aplica la Biblia a tu vida","publisher":{"@id":"https:\/\/www.bibliaparalavida.com\/bo\/#organization"},"potentialAction":[{"@type":"SearchAction","target":{"@type":"EntryPoint","urlTemplate":"https:\/\/www.bibliaparalavida.com\/bo\/?s={search_term_string}"},"query-input":"required name=search_term_string"}],"inLanguage":"es"},{"@type":"Organization","@id":"https:\/\/www.bibliaparalavida.com\/bo\/#organization","name":"Biblia para la Vida BOLIVIA","url":"https:\/\/www.bibliaparalavida.com\/bo\/","logo":{"@type":"ImageObject","inLanguage":"es","@id":"https:\/\/www.bibliaparalavida.com\/bo\/#\/schema\/logo\/image\/","url":"https:\/\/www.bibliaparalavida.com\/bo\/wp-content\/uploads\/2024\/08\/Logo-BPLV-Horiz-320-BO.png","contentUrl":"https:\/\/www.bibliaparalavida.com\/bo\/wp-content\/uploads\/2024\/08\/Logo-BPLV-Horiz-320-BO.png","width":320,"height":87,"caption":"Biblia para la Vida BOLIVIA"},"image":{"@id":"https:\/\/www.bibliaparalavida.com\/bo\/#\/schema\/logo\/image\/"},"sameAs":["https:\/\/www.facebook.com\/BibliaParaLaVida","https:\/\/www.instagram.com\/bibliaparalavidaig"]}]}},"_links":{"self":[{"href":"https:\/\/www.bibliaparalavida.com\/bo\/wp-json\/wp\/v2\/product\/146"}],"collection":[{"href":"https:\/\/www.bibliaparalavida.com\/bo\/wp-json\/wp\/v2\/product"}],"about":[{"href":"https:\/\/www.bibliaparalavida.com\/bo\/wp-json\/wp\/v2\/types\/product"}],"replies":[{"embeddable":true,"href":"https:\/\/www.bibliaparalavida.com\/bo\/wp-json\/wp\/v2\/comments?post=146"}],"wp:featuredmedia":[{"embeddable":true,"href":"https:\/\/www.bibliaparalavida.com\/bo\/wp-json\/wp\/v2\/media\/147"}],"wp:attachment":[{"href":"https:\/\/www.bibliaparalavida.com\/bo\/wp-json\/wp\/v2\/media?parent=146"}],"wp:term":[{"taxonomy":"product_cat","embeddable":true,"href":"https:\/\/www.bibliaparalavida.com\/bo\/wp-json\/wp\/v2\/product_cat?post=146"},{"taxonomy":"product_tag","embeddable":true,"href":"https:\/\/www.bibliaparalavida.com\/bo\/wp-json\/wp\/v2\/product_tag?post=146"}],"curies":[{"name":"wp","href":"https:\/\/api.w.org\/{rel}","templated":true}]}}