{"id":128,"date":"2020-09-24T16:39:03","date_gmt":"2020-09-24T16:39:03","guid":{"rendered":"https:\/\/www.bibliaparalavida.com\/bo\/?post_type=product&#038;p=128"},"modified":"2025-01-20T14:10:47","modified_gmt":"2025-01-20T14:10:47","slug":"evangelios-1-alumno","status":"publish","type":"product","link":"https:\/\/www.bibliaparalavida.com\/bo\/prod\/evangelios-1-alumno\/","title":{"rendered":"Serie Evangelios 1 | Alumno (Digital)"},"content":{"rendered":"<p>Los cuatro Evangelios son b\u00e1sicamente una biograf\u00eda de Jes\u00fas vista desde cuatro perspectivas diferentes.\u00a0Dios permiti\u00f3 que estas cuatro biograf\u00edas de Jes\u00fas queden registradas no s\u00f3lo como un testimonio, sino tambi\u00e9n para podamos ver en Jes\u00fas un modelo de la vida que Dios espera de cada uno de sus hijos. Hay historias que son relatadas por los cuatro autores, con detalles complementarios, por eso es interesante estudiarlos en concordancia.<\/p>\n<p><strong>Historias B\u00edblicas para la Vida Cristiana<\/strong> promueve la participaci\u00f3n de los estudiantes trav\u00e9s de preguntas inductivas. De esta manera no s\u00f3lo se aprende acerca de la historia de la iglesia primitiva, sino tambi\u00e9n pueden descubrirse las verdades y principios escondidos en la Palabra, que siguen siendo relevantes, y as\u00ed poder aplicarlos a su propia vida.<\/p>\n<h3>HISTORIAS INCLUIDAS EN LA SERIE EVANGELIOS &#8211; Parte 1<\/h3>\n<ol>\n<li>Anuncio y nacimiento de Juan el Bautista<\/li>\n<li>Anuncio del nacimiento de Jes\u00fas<\/li>\n<li>El Nacimiento de Jes\u00fas<\/li>\n<li>Visita de los magos y huida a Egipto<\/li>\n<li>Presentaci\u00f3n de Jes\u00fas en el Templo<\/li>\n<li>El ni\u00f1o Jes\u00fas entre los maestros de la ley<\/li>\n<li>Ministerio y predicaci\u00f3n de Juan el Bautista<\/li>\n<li>Bautismo y Tentaci\u00f3n de Jes\u00fas<\/li>\n<li>Jes\u00fas es rechazado en Nazaret<\/li>\n<li>Elecci\u00f3n de los Doce<\/li>\n<li>Misi\u00f3n de los Doce<\/li>\n<li>Jes\u00fas convierte el agua en vino<\/li>\n<li>Jes\u00fas y Nicodemo<\/li>\n<li>Jes\u00fas y la mujer samaritana<\/li>\n<li>La pesca milagrosa<\/li>\n<li>Jes\u00fas sana un leproso<\/li>\n<li>Jes\u00fas sana a un paral\u00edtico<\/li>\n<li>Jes\u00fas sana al siervo del centuri\u00f3n<\/li>\n<li>Jes\u00fas resucita al hijo de la viuda de Nain<\/li>\n<li>Liberaci\u00f3n del endemoniado gadareno<\/li>\n<li>Jes\u00fas sana a la mujer con flujo y resucita hija de Jairo<\/li>\n<li>Alimentaci\u00f3n de los cinco mil<\/li>\n<li>Pedro confiesa a Jes\u00fas como el Cristo<\/li>\n<li>La transfiguraci\u00f3n de Jes\u00fas<\/li>\n<li>Jes\u00fas libera a un muchacho endemoniado<\/li>\n<li>Petici\u00f3n de Santiago y Juan<\/li>\n<li>Misi\u00f3n de los 70 disc\u00edpulos<\/li>\n<li>Jes\u00fas visita a Marta y Mar\u00eda<\/li>\n<li>Jes\u00fas ense\u00f1a a sus disc\u00edpulos a orar<\/li>\n<li>Jes\u00fas sana a una mujer encorvada en d\u00eda de reposo<\/li>\n<\/ol>\n<h2 id=\"presentacion\">Video presentaci\u00f3n del Manual<\/h2>\n<p><iframe src=\"https:\/\/www.youtube.com\/embed\/l-8dQk4fYuU\" width=\"721\" height=\"405\" frameborder=\"0\" allowfullscreen=\"allowfullscreen\"><\/iframe><\/p>\n","protected":false},"excerpt":{"rendered":"<p><strong>EVANGELIOS Alumno Parte 1<\/strong> incluye <strong>30 lecciones<\/strong> que profundizan en 30 diferentes historias de Jes\u00fas y los Doce a trav\u00e9s de preguntas inductivas y aplicaci\u00f3n a la vida cristiana.\u00a0Complementario con el <a href=\"https:\/\/www.bibliaparalavida.com\/bo\/prod\/evangelios-1-maestro\/\">Manual del Maestro<\/a>.<\/p>\n<p>Es ideal para Escuela B\u00edblica, Grupos de Discipulado, y para estudiar la Biblia de manera individual.<\/p>\n<p><strong>C\u00f3mpralo aqu\u00ed en digital <\/strong>y l\u00e9elo en nuestra <a href=\"https:\/\/bibliaparalavida.com\/la\/app\/\" rel=\"noopener\">App.<\/a><\/p>\n<p><a style=\"padding: 8px; background-color: #0f9d58; font-weight: bold; text-align: center; color: #fff; border-radius: 5px;\" href=\"https:\/\/wa.me\/5493513073050?text=Quisiera%20un%20Demo%20de%20la%20Serie%20Evangelios%201.\"><img decoding=\"async\" style=\"float: left, margin-right:10px; margin-bottom: -7px; margin-right: 5px;\" src=\"https:\/\/www.bibliaparalavida.com\/bo\/bo\/wp-content\/uploads\/2020\/12\/WhatsApp-icon.png\" alt=\"WhatsApp\" width=\"24\" height=\"24\" \/>SOLICITA UN DEMO EN PDF<\/a><\/p>\n<div style=\"clear: both; height: 10px;\"><\/div>\n","protected":false},"featured_media":553,"comment_status":"closed","ping_status":"closed","template":"","meta":{"_joinchat":[]},"product_cat":[29,19],"product_tag":[67],"class_list":{"0":"post-128","1":"product","2":"type-product","3":"status-publish","4":"has-post-thumbnail","6":"product_cat-evangelios","7":"product_cat-historias-biblicas","8":"product_tag-billy-saint","10":"first","11":"instock","12":"shipping-taxable","13":"purchasable","14":"product-type-simple"},"yoast_head":"<!-- This site is optimized with the Yoast SEO plugin v23.1 - https:\/\/yoast.com\/wordpress\/plugins\/seo\/ -->\n<title>Serie Evangelios 1 | Alumno (Digital) - Biblia para la Vida<\/title>\n<meta name=\"robots\" content=\"index, follow, max-snippet:-1, max-image-preview:large, max-video-preview:-1\" \/>\n<link rel=\"canonical\" href=\"https:\/\/www.bibliaparalavida.com\/bo\/prod\/evangelios-1-alumno\/\" \/>\n<meta property=\"og:locale\" content=\"es_ES\" \/>\n<meta property=\"og:type\" content=\"article\" \/>\n<meta property=\"og:title\" content=\"Serie Evangelios 1 | Alumno (Digital) - Biblia para la Vida\" \/>\n<meta property=\"og:description\" content=\"EVANGELIOS Alumno Parte 1 incluye 30 lecciones que profundizan en 30 diferentes historias de Jes\u00fas y los Doce a trav\u00e9s de preguntas inductivas y aplicaci\u00f3n a la vida cristiana.\u00a0Complementario con el Manual del Maestro.  Es ideal para Escuela B\u00edblica, Grupos de Discipulado, y para estudiar la Biblia de manera individual.  C\u00f3mpralo aqu\u00ed en digital y l\u00e9elo en nuestra App.  SOLICITA UN DEMO EN PDF\" \/>\n<meta property=\"og:url\" content=\"https:\/\/www.bibliaparalavida.com\/bo\/prod\/evangelios-1-alumno\/\" \/>\n<meta property=\"og:site_name\" content=\"Biblia para la Vida\" \/>\n<meta property=\"article:publisher\" content=\"https:\/\/www.facebook.com\/BibliaParaLaVida\" \/>\n<meta property=\"article:modified_time\" content=\"2025-01-20T14:10:47+00:00\" \/>\n<meta property=\"og:image\" content=\"https:\/\/www.bibliaparalavida.com\/bo\/wp-content\/uploads\/2020\/03\/Serie-Evangelios-Parte-1-Alumno.jpg\" \/>\n\t<meta property=\"og:image:width\" content=\"1263\" \/>\n\t<meta property=\"og:image:height\" content=\"1263\" \/>\n\t<meta property=\"og:image:type\" content=\"image\/jpeg\" \/>\n<meta name=\"twitter:card\" content=\"summary_large_image\" \/>\n<meta name=\"twitter:label1\" content=\"Tiempo de lectura\" \/>\n\t<meta name=\"twitter:data1\" content=\"2 minutos\" \/>\n<script type=\"application\/ld+json\" class=\"yoast-schema-graph\">{\"@context\":\"https:\/\/schema.org\",\"@graph\":[{\"@type\":\"WebPage\",\"@id\":\"https:\/\/www.bibliaparalavida.com\/bo\/prod\/evangelios-1-alumno\/\",\"url\":\"https:\/\/www.bibliaparalavida.com\/bo\/prod\/evangelios-1-alumno\/\",\"name\":\"Serie Evangelios 1 | Alumno (Digital) - Biblia para la Vida\",\"isPartOf\":{\"@id\":\"https:\/\/www.bibliaparalavida.com\/bo\/#website\"},\"primaryImageOfPage\":{\"@id\":\"https:\/\/www.bibliaparalavida.com\/bo\/prod\/evangelios-1-alumno\/#primaryimage\"},\"image\":{\"@id\":\"https:\/\/www.bibliaparalavida.com\/bo\/prod\/evangelios-1-alumno\/#primaryimage\"},\"thumbnailUrl\":\"https:\/\/www.bibliaparalavida.com\/bo\/wp-content\/uploads\/2020\/03\/Serie-Evangelios-Parte-1-Alumno.jpg\",\"datePublished\":\"2020-09-24T16:39:03+00:00\",\"dateModified\":\"2025-01-20T14:10:47+00:00\",\"breadcrumb\":{\"@id\":\"https:\/\/www.bibliaparalavida.com\/bo\/prod\/evangelios-1-alumno\/#breadcrumb\"},\"inLanguage\":\"es\",\"potentialAction\":[{\"@type\":\"ReadAction\",\"target\":[\"https:\/\/www.bibliaparalavida.com\/bo\/prod\/evangelios-1-alumno\/\"]}]},{\"@type\":\"ImageObject\",\"inLanguage\":\"es\",\"@id\":\"https:\/\/www.bibliaparalavida.com\/bo\/prod\/evangelios-1-alumno\/#primaryimage\",\"url\":\"https:\/\/www.bibliaparalavida.com\/bo\/wp-content\/uploads\/2020\/03\/Serie-Evangelios-Parte-1-Alumno.jpg\",\"contentUrl\":\"https:\/\/www.bibliaparalavida.com\/bo\/wp-content\/uploads\/2020\/03\/Serie-Evangelios-Parte-1-Alumno.jpg\",\"width\":1263,\"height\":1263,\"caption\":\"Serie Evangelios Parte 1 - Alumno\"},{\"@type\":\"BreadcrumbList\",\"@id\":\"https:\/\/www.bibliaparalavida.com\/bo\/prod\/evangelios-1-alumno\/#breadcrumb\",\"itemListElement\":[{\"@type\":\"ListItem\",\"position\":1,\"name\":\"Portada\",\"item\":\"https:\/\/www.bibliaparalavida.com\/bo\/\"},{\"@type\":\"ListItem\",\"position\":2,\"name\":\"Manuales\",\"item\":\"https:\/\/www.bibliaparalavida.com\/bo\/manuales\/\"},{\"@type\":\"ListItem\",\"position\":3,\"name\":\"Serie Evangelios 1 | Alumno (Digital)\"}]},{\"@type\":\"WebSite\",\"@id\":\"https:\/\/www.bibliaparalavida.com\/bo\/#website\",\"url\":\"https:\/\/www.bibliaparalavida.com\/bo\/\",\"name\":\"Biblia para la Vida BOLIVIA\",\"description\":\"Aplica la Biblia a tu vida\",\"publisher\":{\"@id\":\"https:\/\/www.bibliaparalavida.com\/bo\/#organization\"},\"potentialAction\":[{\"@type\":\"SearchAction\",\"target\":{\"@type\":\"EntryPoint\",\"urlTemplate\":\"https:\/\/www.bibliaparalavida.com\/bo\/?s={search_term_string}\"},\"query-input\":\"required name=search_term_string\"}],\"inLanguage\":\"es\"},{\"@type\":\"Organization\",\"@id\":\"https:\/\/www.bibliaparalavida.com\/bo\/#organization\",\"name\":\"Biblia para la Vida BOLIVIA\",\"url\":\"https:\/\/www.bibliaparalavida.com\/bo\/\",\"logo\":{\"@type\":\"ImageObject\",\"inLanguage\":\"es\",\"@id\":\"https:\/\/www.bibliaparalavida.com\/bo\/#\/schema\/logo\/image\/\",\"url\":\"https:\/\/www.bibliaparalavida.com\/bo\/wp-content\/uploads\/2024\/08\/Logo-BPLV-Horiz-320-BO.png\",\"contentUrl\":\"https:\/\/www.bibliaparalavida.com\/bo\/wp-content\/uploads\/2024\/08\/Logo-BPLV-Horiz-320-BO.png\",\"width\":320,\"height\":87,\"caption\":\"Biblia para la Vida BOLIVIA\"},\"image\":{\"@id\":\"https:\/\/www.bibliaparalavida.com\/bo\/#\/schema\/logo\/image\/\"},\"sameAs\":[\"https:\/\/www.facebook.com\/BibliaParaLaVida\",\"https:\/\/www.instagram.com\/bibliaparalavidaig\"]}]}<\/script>\n<!-- \/ Yoast SEO plugin. -->","yoast_head_json":{"title":"Serie Evangelios 1 | Alumno (Digital) - Biblia para la Vida","robots":{"index":"index","follow":"follow","max-snippet":"max-snippet:-1","max-image-preview":"max-image-preview:large","max-video-preview":"max-video-preview:-1"},"canonical":"https:\/\/www.bibliaparalavida.com\/bo\/prod\/evangelios-1-alumno\/","og_locale":"es_ES","og_type":"article","og_title":"Serie Evangelios 1 | Alumno (Digital) - Biblia para la Vida","og_description":"EVANGELIOS Alumno Parte 1 incluye 30 lecciones que profundizan en 30 diferentes historias de Jes\u00fas y los Doce a trav\u00e9s de preguntas inductivas y aplicaci\u00f3n a la vida cristiana.\u00a0Complementario con el Manual del Maestro.  Es ideal para Escuela B\u00edblica, Grupos de Discipulado, y para estudiar la Biblia de manera individual.  C\u00f3mpralo aqu\u00ed en digital y l\u00e9elo en nuestra App.  SOLICITA UN DEMO EN PDF","og_url":"https:\/\/www.bibliaparalavida.com\/bo\/prod\/evangelios-1-alumno\/","og_site_name":"Biblia para la Vida","article_publisher":"https:\/\/www.facebook.com\/BibliaParaLaVida","article_modified_time":"2025-01-20T14:10:47+00:00","og_image":[{"width":1263,"height":1263,"url":"https:\/\/www.bibliaparalavida.com\/bo\/wp-content\/uploads\/2020\/03\/Serie-Evangelios-Parte-1-Alumno.jpg","type":"image\/jpeg"}],"twitter_card":"summary_large_image","twitter_misc":{"Tiempo de lectura":"2 minutos"},"schema":{"@context":"https:\/\/schema.org","@graph":[{"@type":"WebPage","@id":"https:\/\/www.bibliaparalavida.com\/bo\/prod\/evangelios-1-alumno\/","url":"https:\/\/www.bibliaparalavida.com\/bo\/prod\/evangelios-1-alumno\/","name":"Serie Evangelios 1 | Alumno (Digital) - Biblia para la Vida","isPartOf":{"@id":"https:\/\/www.bibliaparalavida.com\/bo\/#website"},"primaryImageOfPage":{"@id":"https:\/\/www.bibliaparalavida.com\/bo\/prod\/evangelios-1-alumno\/#primaryimage"},"image":{"@id":"https:\/\/www.bibliaparalavida.com\/bo\/prod\/evangelios-1-alumno\/#primaryimage"},"thumbnailUrl":"https:\/\/www.bibliaparalavida.com\/bo\/wp-content\/uploads\/2020\/03\/Serie-Evangelios-Parte-1-Alumno.jpg","datePublished":"2020-09-24T16:39:03+00:00","dateModified":"2025-01-20T14:10:47+00:00","breadcrumb":{"@id":"https:\/\/www.bibliaparalavida.com\/bo\/prod\/evangelios-1-alumno\/#breadcrumb"},"inLanguage":"es","potentialAction":[{"@type":"ReadAction","target":["https:\/\/www.bibliaparalavida.com\/bo\/prod\/evangelios-1-alumno\/"]}]},{"@type":"ImageObject","inLanguage":"es","@id":"https:\/\/www.bibliaparalavida.com\/bo\/prod\/evangelios-1-alumno\/#primaryimage","url":"https:\/\/www.bibliaparalavida.com\/bo\/wp-content\/uploads\/2020\/03\/Serie-Evangelios-Parte-1-Alumno.jpg","contentUrl":"https:\/\/www.bibliaparalavida.com\/bo\/wp-content\/uploads\/2020\/03\/Serie-Evangelios-Parte-1-Alumno.jpg","width":1263,"height":1263,"caption":"Serie Evangelios Parte 1 - Alumno"},{"@type":"BreadcrumbList","@id":"https:\/\/www.bibliaparalavida.com\/bo\/prod\/evangelios-1-alumno\/#breadcrumb","itemListElement":[{"@type":"ListItem","position":1,"name":"Portada","item":"https:\/\/www.bibliaparalavida.com\/bo\/"},{"@type":"ListItem","position":2,"name":"Manuales","item":"https:\/\/www.bibliaparalavida.com\/bo\/manuales\/"},{"@type":"ListItem","position":3,"name":"Serie Evangelios 1 | Alumno (Digital)"}]},{"@type":"WebSite","@id":"https:\/\/www.bibliaparalavida.com\/bo\/#website","url":"https:\/\/www.bibliaparalavida.com\/bo\/","name":"Biblia para la Vida BOLIVIA","description":"Aplica la Biblia a tu vida","publisher":{"@id":"https:\/\/www.bibliaparalavida.com\/bo\/#organization"},"potentialAction":[{"@type":"SearchAction","target":{"@type":"EntryPoint","urlTemplate":"https:\/\/www.bibliaparalavida.com\/bo\/?s={search_term_string}"},"query-input":"required name=search_term_string"}],"inLanguage":"es"},{"@type":"Organization","@id":"https:\/\/www.bibliaparalavida.com\/bo\/#organization","name":"Biblia para la Vida BOLIVIA","url":"https:\/\/www.bibliaparalavida.com\/bo\/","logo":{"@type":"ImageObject","inLanguage":"es","@id":"https:\/\/www.bibliaparalavida.com\/bo\/#\/schema\/logo\/image\/","url":"https:\/\/www.bibliaparalavida.com\/bo\/wp-content\/uploads\/2024\/08\/Logo-BPLV-Horiz-320-BO.png","contentUrl":"https:\/\/www.bibliaparalavida.com\/bo\/wp-content\/uploads\/2024\/08\/Logo-BPLV-Horiz-320-BO.png","width":320,"height":87,"caption":"Biblia para la Vida BOLIVIA"},"image":{"@id":"https:\/\/www.bibliaparalavida.com\/bo\/#\/schema\/logo\/image\/"},"sameAs":["https:\/\/www.facebook.com\/BibliaParaLaVida","https:\/\/www.instagram.com\/bibliaparalavidaig"]}]}},"_links":{"self":[{"href":"https:\/\/www.bibliaparalavida.com\/bo\/wp-json\/wp\/v2\/product\/128"}],"collection":[{"href":"https:\/\/www.bibliaparalavida.com\/bo\/wp-json\/wp\/v2\/product"}],"about":[{"href":"https:\/\/www.bibliaparalavida.com\/bo\/wp-json\/wp\/v2\/types\/product"}],"replies":[{"embeddable":true,"href":"https:\/\/www.bibliaparalavida.com\/bo\/wp-json\/wp\/v2\/comments?post=128"}],"wp:featuredmedia":[{"embeddable":true,"href":"https:\/\/www.bibliaparalavida.com\/bo\/wp-json\/wp\/v2\/media\/553"}],"wp:attachment":[{"href":"https:\/\/www.bibliaparalavida.com\/bo\/wp-json\/wp\/v2\/media?parent=128"}],"wp:term":[{"taxonomy":"product_cat","embeddable":true,"href":"https:\/\/www.bibliaparalavida.com\/bo\/wp-json\/wp\/v2\/product_cat?post=128"},{"taxonomy":"product_tag","embeddable":true,"href":"https:\/\/www.bibliaparalavida.com\/bo\/wp-json\/wp\/v2\/product_tag?post=128"}],"curies":[{"name":"wp","href":"https:\/\/api.w.org\/{rel}","templated":true}]}}