{"id":1187,"date":"2025-05-19T13:28:42","date_gmt":"2025-05-19T13:28:42","guid":{"rendered":"https:\/\/www.bibliaparalavida.com\/bo\/?post_type=product&#038;p=1187"},"modified":"2026-02-25T15:29:39","modified_gmt":"2026-02-25T15:29:39","slug":"mentoreo-de-pastores-jovenes","status":"publish","type":"product","link":"https:\/\/www.bibliaparalavida.com\/bo\/prod\/mentoreo-de-pastores-jovenes\/","title":{"rendered":"Mentoreo de Pastores J\u00f3venes (Digital)"},"content":{"rendered":"<p><a name=\"contenido\"><\/a><\/p>\n<ul>\n<li>Introducci\u00f3n al mentoreo<\/li>\n<li>Perspectiva b\u00edblica<\/li>\n<li>Perspectiva de los pastores<\/li>\n<li>Perspectiva de los l\u00edderes juveniles<\/li>\n<li>Perspectiva de los estudiantes de institutos b\u00edblicos<\/li>\n<li>Perspectiva de pastores formadores y enviadores<\/li>\n<li>Perspectiva de actuales pastores j\u00f3venes<\/li>\n<li>La Postmodernidad\n<ul>\n<li>La Postmodernidad y su incidencia en la Iglesia<\/li>\n<li>La Postmodernidad y la nueva generaci\u00f3n de ministros<\/li>\n<\/ul>\n<\/li>\n<li>Mentoreo\n<ul>\n<li>Introducci\u00f3n<\/li>\n<li>Definiciones de mentoreo<\/li>\n<li>Modelos b\u00edblicos de mentoreo<\/li>\n<li>El modelo de mentoreo de Jes\u00fas<\/li>\n<li>El modelo de mentoreo del ap\u00f3stol Pablo<\/li>\n<li>Otros modelos b\u00edblicos de mentoreo<\/li>\n<li>Actores del mentoreo<\/li>\n<li>El mentor<\/li>\n<li>El mentoreado<\/li>\n<li>Importancia del mentoreo<\/li>\n<li>El proceso de mentoreo<\/li>\n<li>La relaci\u00f3n mentoreal<\/li>\n<li>Qu\u00e9 hacer y qu\u00e9 no hacer en el mentoreo<\/li>\n<\/ul>\n<\/li>\n<li>Conclusiones con respecto\u2026\n<ul>\n<li>A los potenciales pastores j\u00f3venes<\/li>\n<li>A las ventajas y obst\u00e1culos de los ministros j\u00f3venes<\/li>\n<li>Al proceso de mentoreo en las iglesias<\/li>\n<li>A los tiempos postmodernos<\/li>\n<li>A los pastores actuales como mentores<\/li>\n<li>A los j\u00f3venes como mentoreados<\/li>\n<\/ul>\n<\/li>\n<li>Conclusiones finales<\/li>\n<li>Sugerencias surgidas de la investigaci\u00f3n<\/li>\n<\/ul>\n<p><a style=\"padding: 8px; background-color: #0f9d58; font-weight: bold; text-align: center; color: #fff; border-radius: 5px;\" href=\"https:\/\/wa.me\/5493513073050?text=Quisiera%20una%20Demo%20del%20libro%20de%20Mentoreo%20de%20Pastores.\"><img decoding=\"async\" style=\"float: left, margin-right:10px; margin-bottom: -7px; margin-right: 5px;\" src=\"https:\/\/www.bibliaparalavida.com\/bo\/bo\/wp-content\/uploads\/2020\/12\/WhatsApp-icon.png\" alt=\"WhatsApp\" width=\"24\" height=\"24\" \/>SOLICITA UNA DEMO EN PDF<\/a><\/p>\n<div style=\"clear: both; height: 10px;\"><\/div>\n","protected":false},"excerpt":{"rendered":"<p>Este libro es el resultado de una investigaci\u00f3n realizada por el autor ante su preocupaci\u00f3n al ver tan pocos pastores j\u00f3venes. Se entrevistaron a m\u00e1s de 100 pastores y ministros j\u00f3venes, adem\u00e1s de estudiar y analizar bibliograf\u00eda al respecto, con el objetivo de averiguar las causas y brindar posibles soluciones para que surja una nueva generaci\u00f3n de pastores.<\/p>\n<p><a style=\"padding: 8px; background-color: #0f9d58; font-weight: bold; text-align: center; color: #fff; border-radius: 5px;\" href=\"https:\/\/wa.me\/5493513073050?text=Quisiera%20un%20Demo%20del%20Libro%20Mentoreo%20de%20Pastores%20J\u00f3venes.\"><img decoding=\"async\" style=\"float: left, margin-right:10px; margin-bottom: -7px; margin-right: 5px;\" src=\"https:\/\/www.bibliaparalavida.com\/bo\/bo\/wp-content\/uploads\/2020\/12\/WhatsApp-icon.png\" alt=\"WhatsApp\" width=\"24\" height=\"24\" \/>SOLICITA UN DEMO EN PDF<\/a><\/p>\n<p><a style=\"padding: 4px 8px; background-color: #F90; font-weight: bold; text-align: center; color: #fff; border-radius: 5px;\" href=\"https:\/\/www.bibliaparalavida.com\/bo\/app\/prod\/mentoreo-de-pastores-jovenes\/\" target=\"_blank\" rel=\"noopener\">\u00bfPREFER\u00cdS DIGITAL?<\/a> Cuesta menos y te ahorr\u00e1s el env\u00edo.<\/p>\n<div style=\"clear: both; height: 10px;\"><\/div>\n","protected":false},"featured_media":1188,"comment_status":"closed","ping_status":"closed","template":"","meta":{"_joinchat":[]},"product_cat":[63,51],"product_tag":[67],"class_list":{"0":"post-1187","1":"product","2":"type-product","3":"status-publish","4":"has-post-thumbnail","6":"product_cat-libros","7":"product_cat-mentoreo-biblico","8":"product_tag-billy-saint","10":"first","11":"instock","12":"shipping-taxable","13":"purchasable","14":"product-type-simple"},"yoast_head":"<!-- This site is optimized with the Yoast SEO plugin v23.1 - https:\/\/yoast.com\/wordpress\/plugins\/seo\/ -->\n<title>Mentoreo de Pastores J\u00f3venes (Digital) - Biblia para la Vida<\/title>\n<meta name=\"robots\" content=\"index, follow, max-snippet:-1, max-image-preview:large, max-video-preview:-1\" \/>\n<link rel=\"canonical\" href=\"https:\/\/www.bibliaparalavida.com\/bo\/prod\/mentoreo-de-pastores-jovenes\/\" \/>\n<meta property=\"og:locale\" content=\"es_ES\" \/>\n<meta property=\"og:type\" content=\"article\" \/>\n<meta property=\"og:title\" content=\"Mentoreo de Pastores J\u00f3venes (Digital) - Biblia para la Vida\" \/>\n<meta property=\"og:description\" content=\"Este libro es el resultado de una investigaci\u00f3n realizada por el autor ante su preocupaci\u00f3n al ver tan pocos pastores j\u00f3venes. Se entrevistaron a m\u00e1s de 100 pastores y ministros j\u00f3venes, adem\u00e1s de estudiar y analizar bibliograf\u00eda al respecto, con el objetivo de averiguar las causas y brindar posibles soluciones para que surja una nueva generaci\u00f3n de pastores.  SOLICITA UN DEMO EN PDF  \u00bfPREFER\u00cdS DIGITAL? Cuesta menos y te ahorr\u00e1s el env\u00edo.\" \/>\n<meta property=\"og:url\" content=\"https:\/\/www.bibliaparalavida.com\/bo\/prod\/mentoreo-de-pastores-jovenes\/\" \/>\n<meta property=\"og:site_name\" content=\"Biblia para la Vida\" \/>\n<meta property=\"article:publisher\" content=\"https:\/\/www.facebook.com\/BibliaParaLaVida\" \/>\n<meta property=\"article:modified_time\" content=\"2026-02-25T15:29:39+00:00\" \/>\n<meta property=\"og:image\" content=\"https:\/\/www.bibliaparalavida.com\/bo\/wp-content\/uploads\/2021\/11\/Mentoreo-de-Pastores-Jovenes-Tapa.jpg\" \/>\n\t<meta property=\"og:image:width\" content=\"1000\" \/>\n\t<meta property=\"og:image:height\" content=\"1000\" \/>\n\t<meta property=\"og:image:type\" content=\"image\/jpeg\" \/>\n<meta name=\"twitter:card\" content=\"summary_large_image\" \/>\n<meta name=\"twitter:label1\" content=\"Tiempo de lectura\" \/>\n\t<meta name=\"twitter:data1\" content=\"1 minuto\" \/>\n<script type=\"application\/ld+json\" class=\"yoast-schema-graph\">{\"@context\":\"https:\/\/schema.org\",\"@graph\":[{\"@type\":\"WebPage\",\"@id\":\"https:\/\/www.bibliaparalavida.com\/bo\/prod\/mentoreo-de-pastores-jovenes\/\",\"url\":\"https:\/\/www.bibliaparalavida.com\/bo\/prod\/mentoreo-de-pastores-jovenes\/\",\"name\":\"Mentoreo de Pastores J\u00f3venes (Digital) - Biblia para la Vida\",\"isPartOf\":{\"@id\":\"https:\/\/www.bibliaparalavida.com\/bo\/#website\"},\"primaryImageOfPage\":{\"@id\":\"https:\/\/www.bibliaparalavida.com\/bo\/prod\/mentoreo-de-pastores-jovenes\/#primaryimage\"},\"image\":{\"@id\":\"https:\/\/www.bibliaparalavida.com\/bo\/prod\/mentoreo-de-pastores-jovenes\/#primaryimage\"},\"thumbnailUrl\":\"https:\/\/www.bibliaparalavida.com\/bo\/wp-content\/uploads\/2021\/11\/Mentoreo-de-Pastores-Jovenes-Tapa.jpg\",\"datePublished\":\"2025-05-19T13:28:42+00:00\",\"dateModified\":\"2026-02-25T15:29:39+00:00\",\"breadcrumb\":{\"@id\":\"https:\/\/www.bibliaparalavida.com\/bo\/prod\/mentoreo-de-pastores-jovenes\/#breadcrumb\"},\"inLanguage\":\"es\",\"potentialAction\":[{\"@type\":\"ReadAction\",\"target\":[\"https:\/\/www.bibliaparalavida.com\/bo\/prod\/mentoreo-de-pastores-jovenes\/\"]}]},{\"@type\":\"ImageObject\",\"inLanguage\":\"es\",\"@id\":\"https:\/\/www.bibliaparalavida.com\/bo\/prod\/mentoreo-de-pastores-jovenes\/#primaryimage\",\"url\":\"https:\/\/www.bibliaparalavida.com\/bo\/wp-content\/uploads\/2021\/11\/Mentoreo-de-Pastores-Jovenes-Tapa.jpg\",\"contentUrl\":\"https:\/\/www.bibliaparalavida.com\/bo\/wp-content\/uploads\/2021\/11\/Mentoreo-de-Pastores-Jovenes-Tapa.jpg\",\"width\":1000,\"height\":1000,\"caption\":\"Mentoreo de Pastores J\u00f3venes\"},{\"@type\":\"BreadcrumbList\",\"@id\":\"https:\/\/www.bibliaparalavida.com\/bo\/prod\/mentoreo-de-pastores-jovenes\/#breadcrumb\",\"itemListElement\":[{\"@type\":\"ListItem\",\"position\":1,\"name\":\"Portada\",\"item\":\"https:\/\/www.bibliaparalavida.com\/bo\/\"},{\"@type\":\"ListItem\",\"position\":2,\"name\":\"Manuales\",\"item\":\"https:\/\/www.bibliaparalavida.com\/bo\/manuales\/\"},{\"@type\":\"ListItem\",\"position\":3,\"name\":\"Mentoreo de Pastores J\u00f3venes (Digital)\"}]},{\"@type\":\"WebSite\",\"@id\":\"https:\/\/www.bibliaparalavida.com\/bo\/#website\",\"url\":\"https:\/\/www.bibliaparalavida.com\/bo\/\",\"name\":\"Biblia para la Vida BOLIVIA\",\"description\":\"Aplica la Biblia a tu vida\",\"publisher\":{\"@id\":\"https:\/\/www.bibliaparalavida.com\/bo\/#organization\"},\"potentialAction\":[{\"@type\":\"SearchAction\",\"target\":{\"@type\":\"EntryPoint\",\"urlTemplate\":\"https:\/\/www.bibliaparalavida.com\/bo\/?s={search_term_string}\"},\"query-input\":\"required name=search_term_string\"}],\"inLanguage\":\"es\"},{\"@type\":\"Organization\",\"@id\":\"https:\/\/www.bibliaparalavida.com\/bo\/#organization\",\"name\":\"Biblia para la Vida BOLIVIA\",\"url\":\"https:\/\/www.bibliaparalavida.com\/bo\/\",\"logo\":{\"@type\":\"ImageObject\",\"inLanguage\":\"es\",\"@id\":\"https:\/\/www.bibliaparalavida.com\/bo\/#\/schema\/logo\/image\/\",\"url\":\"https:\/\/www.bibliaparalavida.com\/bo\/wp-content\/uploads\/2024\/08\/Logo-BPLV-Horiz-320-BO.png\",\"contentUrl\":\"https:\/\/www.bibliaparalavida.com\/bo\/wp-content\/uploads\/2024\/08\/Logo-BPLV-Horiz-320-BO.png\",\"width\":320,\"height\":87,\"caption\":\"Biblia para la Vida BOLIVIA\"},\"image\":{\"@id\":\"https:\/\/www.bibliaparalavida.com\/bo\/#\/schema\/logo\/image\/\"},\"sameAs\":[\"https:\/\/www.facebook.com\/BibliaParaLaVida\",\"https:\/\/www.instagram.com\/bibliaparalavidaig\"]}]}<\/script>\n<!-- \/ Yoast SEO plugin. -->","yoast_head_json":{"title":"Mentoreo de Pastores J\u00f3venes (Digital) - Biblia para la Vida","robots":{"index":"index","follow":"follow","max-snippet":"max-snippet:-1","max-image-preview":"max-image-preview:large","max-video-preview":"max-video-preview:-1"},"canonical":"https:\/\/www.bibliaparalavida.com\/bo\/prod\/mentoreo-de-pastores-jovenes\/","og_locale":"es_ES","og_type":"article","og_title":"Mentoreo de Pastores J\u00f3venes (Digital) - Biblia para la Vida","og_description":"Este libro es el resultado de una investigaci\u00f3n realizada por el autor ante su preocupaci\u00f3n al ver tan pocos pastores j\u00f3venes. Se entrevistaron a m\u00e1s de 100 pastores y ministros j\u00f3venes, adem\u00e1s de estudiar y analizar bibliograf\u00eda al respecto, con el objetivo de averiguar las causas y brindar posibles soluciones para que surja una nueva generaci\u00f3n de pastores.  SOLICITA UN DEMO EN PDF  \u00bfPREFER\u00cdS DIGITAL? Cuesta menos y te ahorr\u00e1s el env\u00edo.","og_url":"https:\/\/www.bibliaparalavida.com\/bo\/prod\/mentoreo-de-pastores-jovenes\/","og_site_name":"Biblia para la Vida","article_publisher":"https:\/\/www.facebook.com\/BibliaParaLaVida","article_modified_time":"2026-02-25T15:29:39+00:00","og_image":[{"width":1000,"height":1000,"url":"https:\/\/www.bibliaparalavida.com\/bo\/wp-content\/uploads\/2021\/11\/Mentoreo-de-Pastores-Jovenes-Tapa.jpg","type":"image\/jpeg"}],"twitter_card":"summary_large_image","twitter_misc":{"Tiempo de lectura":"1 minuto"},"schema":{"@context":"https:\/\/schema.org","@graph":[{"@type":"WebPage","@id":"https:\/\/www.bibliaparalavida.com\/bo\/prod\/mentoreo-de-pastores-jovenes\/","url":"https:\/\/www.bibliaparalavida.com\/bo\/prod\/mentoreo-de-pastores-jovenes\/","name":"Mentoreo de Pastores J\u00f3venes (Digital) - Biblia para la Vida","isPartOf":{"@id":"https:\/\/www.bibliaparalavida.com\/bo\/#website"},"primaryImageOfPage":{"@id":"https:\/\/www.bibliaparalavida.com\/bo\/prod\/mentoreo-de-pastores-jovenes\/#primaryimage"},"image":{"@id":"https:\/\/www.bibliaparalavida.com\/bo\/prod\/mentoreo-de-pastores-jovenes\/#primaryimage"},"thumbnailUrl":"https:\/\/www.bibliaparalavida.com\/bo\/wp-content\/uploads\/2021\/11\/Mentoreo-de-Pastores-Jovenes-Tapa.jpg","datePublished":"2025-05-19T13:28:42+00:00","dateModified":"2026-02-25T15:29:39+00:00","breadcrumb":{"@id":"https:\/\/www.bibliaparalavida.com\/bo\/prod\/mentoreo-de-pastores-jovenes\/#breadcrumb"},"inLanguage":"es","potentialAction":[{"@type":"ReadAction","target":["https:\/\/www.bibliaparalavida.com\/bo\/prod\/mentoreo-de-pastores-jovenes\/"]}]},{"@type":"ImageObject","inLanguage":"es","@id":"https:\/\/www.bibliaparalavida.com\/bo\/prod\/mentoreo-de-pastores-jovenes\/#primaryimage","url":"https:\/\/www.bibliaparalavida.com\/bo\/wp-content\/uploads\/2021\/11\/Mentoreo-de-Pastores-Jovenes-Tapa.jpg","contentUrl":"https:\/\/www.bibliaparalavida.com\/bo\/wp-content\/uploads\/2021\/11\/Mentoreo-de-Pastores-Jovenes-Tapa.jpg","width":1000,"height":1000,"caption":"Mentoreo de Pastores J\u00f3venes"},{"@type":"BreadcrumbList","@id":"https:\/\/www.bibliaparalavida.com\/bo\/prod\/mentoreo-de-pastores-jovenes\/#breadcrumb","itemListElement":[{"@type":"ListItem","position":1,"name":"Portada","item":"https:\/\/www.bibliaparalavida.com\/bo\/"},{"@type":"ListItem","position":2,"name":"Manuales","item":"https:\/\/www.bibliaparalavida.com\/bo\/manuales\/"},{"@type":"ListItem","position":3,"name":"Mentoreo de Pastores J\u00f3venes (Digital)"}]},{"@type":"WebSite","@id":"https:\/\/www.bibliaparalavida.com\/bo\/#website","url":"https:\/\/www.bibliaparalavida.com\/bo\/","name":"Biblia para la Vida BOLIVIA","description":"Aplica la Biblia a tu vida","publisher":{"@id":"https:\/\/www.bibliaparalavida.com\/bo\/#organization"},"potentialAction":[{"@type":"SearchAction","target":{"@type":"EntryPoint","urlTemplate":"https:\/\/www.bibliaparalavida.com\/bo\/?s={search_term_string}"},"query-input":"required name=search_term_string"}],"inLanguage":"es"},{"@type":"Organization","@id":"https:\/\/www.bibliaparalavida.com\/bo\/#organization","name":"Biblia para la Vida BOLIVIA","url":"https:\/\/www.bibliaparalavida.com\/bo\/","logo":{"@type":"ImageObject","inLanguage":"es","@id":"https:\/\/www.bibliaparalavida.com\/bo\/#\/schema\/logo\/image\/","url":"https:\/\/www.bibliaparalavida.com\/bo\/wp-content\/uploads\/2024\/08\/Logo-BPLV-Horiz-320-BO.png","contentUrl":"https:\/\/www.bibliaparalavida.com\/bo\/wp-content\/uploads\/2024\/08\/Logo-BPLV-Horiz-320-BO.png","width":320,"height":87,"caption":"Biblia para la Vida BOLIVIA"},"image":{"@id":"https:\/\/www.bibliaparalavida.com\/bo\/#\/schema\/logo\/image\/"},"sameAs":["https:\/\/www.facebook.com\/BibliaParaLaVida","https:\/\/www.instagram.com\/bibliaparalavidaig"]}]}},"_links":{"self":[{"href":"https:\/\/www.bibliaparalavida.com\/bo\/wp-json\/wp\/v2\/product\/1187"}],"collection":[{"href":"https:\/\/www.bibliaparalavida.com\/bo\/wp-json\/wp\/v2\/product"}],"about":[{"href":"https:\/\/www.bibliaparalavida.com\/bo\/wp-json\/wp\/v2\/types\/product"}],"replies":[{"embeddable":true,"href":"https:\/\/www.bibliaparalavida.com\/bo\/wp-json\/wp\/v2\/comments?post=1187"}],"wp:featuredmedia":[{"embeddable":true,"href":"https:\/\/www.bibliaparalavida.com\/bo\/wp-json\/wp\/v2\/media\/1188"}],"wp:attachment":[{"href":"https:\/\/www.bibliaparalavida.com\/bo\/wp-json\/wp\/v2\/media?parent=1187"}],"wp:term":[{"taxonomy":"product_cat","embeddable":true,"href":"https:\/\/www.bibliaparalavida.com\/bo\/wp-json\/wp\/v2\/product_cat?post=1187"},{"taxonomy":"product_tag","embeddable":true,"href":"https:\/\/www.bibliaparalavida.com\/bo\/wp-json\/wp\/v2\/product_tag?post=1187"}],"curies":[{"name":"wp","href":"https:\/\/api.w.org\/{rel}","templated":true}]}}