{"id":1180,"date":"2021-11-22T13:09:14","date_gmt":"2021-11-22T13:09:14","guid":{"rendered":"https:\/\/www.bibliaparalavida.com\/bo\/?post_type=product&#038;p=1180"},"modified":"2025-01-20T14:05:04","modified_gmt":"2025-01-20T14:05:04","slug":"liderazgo-juvenil","status":"publish","type":"product","link":"https:\/\/www.bibliaparalavida.com\/bo\/prod\/liderazgo-juvenil\/","title":{"rendered":"Manual de Liderazgo Juvenil (Digital)"},"content":{"rendered":"<p>Presenta, a la luz de La Biblia, aquellas cualidades que Dios espera y demanda de los l\u00edderes cristianos. Los j\u00f3venes y adolescentes de esta generaci\u00f3n viven con grandes conflictos emocionales y espirituales, por lo que se requiere que los l\u00edderes juveniles est\u00e9n a la altura de las circunstancias, a fin de poder hacerle frente a los desaf\u00edos propios de pastorear a esta generaci\u00f3n.<\/p>\n<h2>Contenido del Manual B\u00edblico de Liderazgo Juvenil<\/h2>\n<p><strong>M\u00f3dulo 1: Juventud postmoderna<\/strong><br \/>\n1. Dios y las diferentes generaciones<br \/>\n2. Juventud postmoderna<br \/>\n3. Cambios, desaf\u00edos en la adolescencia<br \/>\n4. Necesidades de los adolescentes<\/p>\n<p><strong>M\u00f3dulo 2: Car\u00e1cter del l\u00edder juvenil<\/strong><br \/>\n5. Pastores de jean y zapatillas: C\u00f3mo pastorear a la juventud de hoy<br \/>\n6. Valores de un buen l\u00edder cristiano<br \/>\n7. Actitudes de un buen l\u00edder cristiano<br \/>\n8. Siempre listos: la importancia de la sanidad emocional y espiritual<br \/>\n9. La importancia y el poder del llamado<br \/>\n10. Liderazgo: c\u00f3mo influir en los dem\u00e1s<br \/>\n11. Liderazgo pastoral<br \/>\n12. C\u00f3mo es un buen pastor, seg\u00fan Jes\u00fas<br \/>\n13. La autoridad en el liderazgo<\/p>\n<p><strong>M\u00f3dulo 3: Funciones de l\u00edder juvenil<\/strong><br \/>\n14. Liderazgo equilibrado<br \/>\n15. Reuniones juveniles exitosas<br \/>\n16. Como preparar una buena pr\u00e9dica<br \/>\n17. \u00c9nfasis indispensables: experiencias que nuestros j\u00f3venes deben tener<br \/>\n18. Persona y ministerio del Esp\u00edritu Santo<br \/>\n19. Consejer\u00eda cristiana pr\u00e1ctica<br \/>\n20. Importancia y proceso del discipulado<br \/>\n21. C\u00f3mo formar l\u00edderes cristianos<br \/>\n22. Mentoreo: desarrollo de la pr\u00f3xima generaci\u00f3n de l\u00edderes<\/p>\n","protected":false},"excerpt":{"rendered":"<p>El <strong>Manual B\u00edblico de Liderazgo Juvenil<\/strong> tiene como fin brindar a los l\u00edderes juveniles herramientas pr\u00e1cticas para ejercer un liderazgo m\u00e1s relevante, como resultado de 25 a\u00f1os de estudio y experiencia del autor.<\/p>\n<p><strong>C\u00f3mpralo aqu\u00ed en digital <\/strong>y l\u00e9elo en nuestra <a href=\"https:\/\/bibliaparalavida.com\/la\/app\/\" rel=\"noopener\">App.<\/a><\/p>\n<p><a style=\"padding: 8px; background-color: #0f9d58; font-weight: bold; text-align: center; color: #fff; border-radius: 5px;\" href=\"https:\/\/wa.me\/5493513073050?text=Quisiera%20un%20Demo%20del%20Manual%20de%20Liderazgo%20Juvenil.\"><img decoding=\"async\" style=\"float: left, margin-right:10px; margin-bottom: -7px; margin-right: 5px;\" src=\"https:\/\/www.bibliaparalavida.com\/bo\/bo\/wp-content\/uploads\/2020\/12\/WhatsApp-icon.png\" alt=\"WhatsApp\" width=\"24\" height=\"24\" \/>SOLICITA UN DEMO EN PDF<\/a><\/p>\n<div style=\"clear: both; height: 10px;\"><\/div>\n","protected":false},"featured_media":1181,"comment_status":"closed","ping_status":"closed","template":"","meta":{"_joinchat":[]},"product_cat":[51],"product_tag":[67],"class_list":{"0":"post-1180","1":"product","2":"type-product","3":"status-publish","4":"has-post-thumbnail","6":"product_cat-mentoreo-biblico","7":"product_tag-billy-saint","9":"first","10":"instock","11":"shipping-taxable","12":"purchasable","13":"product-type-simple"},"yoast_head":"<!-- This site is optimized with the Yoast SEO plugin v23.1 - https:\/\/yoast.com\/wordpress\/plugins\/seo\/ -->\n<title>Manual de Liderazgo Juvenil (Digital) - Biblia para la Vida<\/title>\n<meta name=\"robots\" content=\"index, follow, max-snippet:-1, max-image-preview:large, max-video-preview:-1\" \/>\n<link rel=\"canonical\" href=\"https:\/\/www.bibliaparalavida.com\/bo\/prod\/liderazgo-juvenil\/\" \/>\n<meta property=\"og:locale\" content=\"es_ES\" \/>\n<meta property=\"og:type\" content=\"article\" \/>\n<meta property=\"og:title\" content=\"Manual de Liderazgo Juvenil (Digital) - Biblia para la Vida\" \/>\n<meta property=\"og:description\" content=\"El Manual B\u00edblico de Liderazgo Juvenil tiene como fin brindar a los l\u00edderes juveniles herramientas pr\u00e1cticas para ejercer un liderazgo m\u00e1s relevante, como resultado de 25 a\u00f1os de estudio y experiencia del autor.  C\u00f3mpralo aqu\u00ed en digital y l\u00e9elo en nuestra App.  SOLICITA UN DEMO EN PDF\" \/>\n<meta property=\"og:url\" content=\"https:\/\/www.bibliaparalavida.com\/bo\/prod\/liderazgo-juvenil\/\" \/>\n<meta property=\"og:site_name\" content=\"Biblia para la Vida\" \/>\n<meta property=\"article:publisher\" content=\"https:\/\/www.facebook.com\/BibliaParaLaVida\" \/>\n<meta property=\"article:modified_time\" content=\"2025-01-20T14:05:04+00:00\" \/>\n<meta property=\"og:image\" content=\"https:\/\/www.bibliaparalavida.com\/bo\/wp-content\/uploads\/2021\/11\/Liderazgo-Juvenil-tapa1.jpg\" \/>\n\t<meta property=\"og:image:width\" content=\"1263\" \/>\n\t<meta property=\"og:image:height\" content=\"1263\" \/>\n\t<meta property=\"og:image:type\" content=\"image\/jpeg\" \/>\n<meta name=\"twitter:card\" content=\"summary_large_image\" \/>\n<meta name=\"twitter:label1\" content=\"Tiempo de lectura\" \/>\n\t<meta name=\"twitter:data1\" content=\"2 minutos\" \/>\n<script type=\"application\/ld+json\" class=\"yoast-schema-graph\">{\"@context\":\"https:\/\/schema.org\",\"@graph\":[{\"@type\":\"WebPage\",\"@id\":\"https:\/\/www.bibliaparalavida.com\/bo\/prod\/liderazgo-juvenil\/\",\"url\":\"https:\/\/www.bibliaparalavida.com\/bo\/prod\/liderazgo-juvenil\/\",\"name\":\"Manual de Liderazgo Juvenil (Digital) - Biblia para la Vida\",\"isPartOf\":{\"@id\":\"https:\/\/www.bibliaparalavida.com\/bo\/#website\"},\"primaryImageOfPage\":{\"@id\":\"https:\/\/www.bibliaparalavida.com\/bo\/prod\/liderazgo-juvenil\/#primaryimage\"},\"image\":{\"@id\":\"https:\/\/www.bibliaparalavida.com\/bo\/prod\/liderazgo-juvenil\/#primaryimage\"},\"thumbnailUrl\":\"https:\/\/www.bibliaparalavida.com\/bo\/wp-content\/uploads\/2021\/11\/Liderazgo-Juvenil-tapa1.jpg\",\"datePublished\":\"2021-11-22T13:09:14+00:00\",\"dateModified\":\"2025-01-20T14:05:04+00:00\",\"breadcrumb\":{\"@id\":\"https:\/\/www.bibliaparalavida.com\/bo\/prod\/liderazgo-juvenil\/#breadcrumb\"},\"inLanguage\":\"es\",\"potentialAction\":[{\"@type\":\"ReadAction\",\"target\":[\"https:\/\/www.bibliaparalavida.com\/bo\/prod\/liderazgo-juvenil\/\"]}]},{\"@type\":\"ImageObject\",\"inLanguage\":\"es\",\"@id\":\"https:\/\/www.bibliaparalavida.com\/bo\/prod\/liderazgo-juvenil\/#primaryimage\",\"url\":\"https:\/\/www.bibliaparalavida.com\/bo\/wp-content\/uploads\/2021\/11\/Liderazgo-Juvenil-tapa1.jpg\",\"contentUrl\":\"https:\/\/www.bibliaparalavida.com\/bo\/wp-content\/uploads\/2021\/11\/Liderazgo-Juvenil-tapa1.jpg\",\"width\":1263,\"height\":1263,\"caption\":\"Manual B\u00edblico de Liderazgo Juvenil\"},{\"@type\":\"BreadcrumbList\",\"@id\":\"https:\/\/www.bibliaparalavida.com\/bo\/prod\/liderazgo-juvenil\/#breadcrumb\",\"itemListElement\":[{\"@type\":\"ListItem\",\"position\":1,\"name\":\"Portada\",\"item\":\"https:\/\/www.bibliaparalavida.com\/bo\/\"},{\"@type\":\"ListItem\",\"position\":2,\"name\":\"Manuales\",\"item\":\"https:\/\/www.bibliaparalavida.com\/bo\/manuales\/\"},{\"@type\":\"ListItem\",\"position\":3,\"name\":\"Manual de Liderazgo Juvenil (Digital)\"}]},{\"@type\":\"WebSite\",\"@id\":\"https:\/\/www.bibliaparalavida.com\/bo\/#website\",\"url\":\"https:\/\/www.bibliaparalavida.com\/bo\/\",\"name\":\"Biblia para la Vida BOLIVIA\",\"description\":\"Aplica la Biblia a tu vida\",\"publisher\":{\"@id\":\"https:\/\/www.bibliaparalavida.com\/bo\/#organization\"},\"potentialAction\":[{\"@type\":\"SearchAction\",\"target\":{\"@type\":\"EntryPoint\",\"urlTemplate\":\"https:\/\/www.bibliaparalavida.com\/bo\/?s={search_term_string}\"},\"query-input\":\"required name=search_term_string\"}],\"inLanguage\":\"es\"},{\"@type\":\"Organization\",\"@id\":\"https:\/\/www.bibliaparalavida.com\/bo\/#organization\",\"name\":\"Biblia para la Vida BOLIVIA\",\"url\":\"https:\/\/www.bibliaparalavida.com\/bo\/\",\"logo\":{\"@type\":\"ImageObject\",\"inLanguage\":\"es\",\"@id\":\"https:\/\/www.bibliaparalavida.com\/bo\/#\/schema\/logo\/image\/\",\"url\":\"https:\/\/www.bibliaparalavida.com\/bo\/wp-content\/uploads\/2024\/08\/Logo-BPLV-Horiz-320-BO.png\",\"contentUrl\":\"https:\/\/www.bibliaparalavida.com\/bo\/wp-content\/uploads\/2024\/08\/Logo-BPLV-Horiz-320-BO.png\",\"width\":320,\"height\":87,\"caption\":\"Biblia para la Vida BOLIVIA\"},\"image\":{\"@id\":\"https:\/\/www.bibliaparalavida.com\/bo\/#\/schema\/logo\/image\/\"},\"sameAs\":[\"https:\/\/www.facebook.com\/BibliaParaLaVida\",\"https:\/\/www.instagram.com\/bibliaparalavidaig\"]}]}<\/script>\n<!-- \/ Yoast SEO plugin. -->","yoast_head_json":{"title":"Manual de Liderazgo Juvenil (Digital) - Biblia para la Vida","robots":{"index":"index","follow":"follow","max-snippet":"max-snippet:-1","max-image-preview":"max-image-preview:large","max-video-preview":"max-video-preview:-1"},"canonical":"https:\/\/www.bibliaparalavida.com\/bo\/prod\/liderazgo-juvenil\/","og_locale":"es_ES","og_type":"article","og_title":"Manual de Liderazgo Juvenil (Digital) - Biblia para la Vida","og_description":"El Manual B\u00edblico de Liderazgo Juvenil tiene como fin brindar a los l\u00edderes juveniles herramientas pr\u00e1cticas para ejercer un liderazgo m\u00e1s relevante, como resultado de 25 a\u00f1os de estudio y experiencia del autor.  C\u00f3mpralo aqu\u00ed en digital y l\u00e9elo en nuestra App.  SOLICITA UN DEMO EN PDF","og_url":"https:\/\/www.bibliaparalavida.com\/bo\/prod\/liderazgo-juvenil\/","og_site_name":"Biblia para la Vida","article_publisher":"https:\/\/www.facebook.com\/BibliaParaLaVida","article_modified_time":"2025-01-20T14:05:04+00:00","og_image":[{"width":1263,"height":1263,"url":"https:\/\/www.bibliaparalavida.com\/bo\/wp-content\/uploads\/2021\/11\/Liderazgo-Juvenil-tapa1.jpg","type":"image\/jpeg"}],"twitter_card":"summary_large_image","twitter_misc":{"Tiempo de lectura":"2 minutos"},"schema":{"@context":"https:\/\/schema.org","@graph":[{"@type":"WebPage","@id":"https:\/\/www.bibliaparalavida.com\/bo\/prod\/liderazgo-juvenil\/","url":"https:\/\/www.bibliaparalavida.com\/bo\/prod\/liderazgo-juvenil\/","name":"Manual de Liderazgo Juvenil (Digital) - Biblia para la Vida","isPartOf":{"@id":"https:\/\/www.bibliaparalavida.com\/bo\/#website"},"primaryImageOfPage":{"@id":"https:\/\/www.bibliaparalavida.com\/bo\/prod\/liderazgo-juvenil\/#primaryimage"},"image":{"@id":"https:\/\/www.bibliaparalavida.com\/bo\/prod\/liderazgo-juvenil\/#primaryimage"},"thumbnailUrl":"https:\/\/www.bibliaparalavida.com\/bo\/wp-content\/uploads\/2021\/11\/Liderazgo-Juvenil-tapa1.jpg","datePublished":"2021-11-22T13:09:14+00:00","dateModified":"2025-01-20T14:05:04+00:00","breadcrumb":{"@id":"https:\/\/www.bibliaparalavida.com\/bo\/prod\/liderazgo-juvenil\/#breadcrumb"},"inLanguage":"es","potentialAction":[{"@type":"ReadAction","target":["https:\/\/www.bibliaparalavida.com\/bo\/prod\/liderazgo-juvenil\/"]}]},{"@type":"ImageObject","inLanguage":"es","@id":"https:\/\/www.bibliaparalavida.com\/bo\/prod\/liderazgo-juvenil\/#primaryimage","url":"https:\/\/www.bibliaparalavida.com\/bo\/wp-content\/uploads\/2021\/11\/Liderazgo-Juvenil-tapa1.jpg","contentUrl":"https:\/\/www.bibliaparalavida.com\/bo\/wp-content\/uploads\/2021\/11\/Liderazgo-Juvenil-tapa1.jpg","width":1263,"height":1263,"caption":"Manual B\u00edblico de Liderazgo Juvenil"},{"@type":"BreadcrumbList","@id":"https:\/\/www.bibliaparalavida.com\/bo\/prod\/liderazgo-juvenil\/#breadcrumb","itemListElement":[{"@type":"ListItem","position":1,"name":"Portada","item":"https:\/\/www.bibliaparalavida.com\/bo\/"},{"@type":"ListItem","position":2,"name":"Manuales","item":"https:\/\/www.bibliaparalavida.com\/bo\/manuales\/"},{"@type":"ListItem","position":3,"name":"Manual de Liderazgo Juvenil (Digital)"}]},{"@type":"WebSite","@id":"https:\/\/www.bibliaparalavida.com\/bo\/#website","url":"https:\/\/www.bibliaparalavida.com\/bo\/","name":"Biblia para la Vida BOLIVIA","description":"Aplica la Biblia a tu vida","publisher":{"@id":"https:\/\/www.bibliaparalavida.com\/bo\/#organization"},"potentialAction":[{"@type":"SearchAction","target":{"@type":"EntryPoint","urlTemplate":"https:\/\/www.bibliaparalavida.com\/bo\/?s={search_term_string}"},"query-input":"required name=search_term_string"}],"inLanguage":"es"},{"@type":"Organization","@id":"https:\/\/www.bibliaparalavida.com\/bo\/#organization","name":"Biblia para la Vida BOLIVIA","url":"https:\/\/www.bibliaparalavida.com\/bo\/","logo":{"@type":"ImageObject","inLanguage":"es","@id":"https:\/\/www.bibliaparalavida.com\/bo\/#\/schema\/logo\/image\/","url":"https:\/\/www.bibliaparalavida.com\/bo\/wp-content\/uploads\/2024\/08\/Logo-BPLV-Horiz-320-BO.png","contentUrl":"https:\/\/www.bibliaparalavida.com\/bo\/wp-content\/uploads\/2024\/08\/Logo-BPLV-Horiz-320-BO.png","width":320,"height":87,"caption":"Biblia para la Vida BOLIVIA"},"image":{"@id":"https:\/\/www.bibliaparalavida.com\/bo\/#\/schema\/logo\/image\/"},"sameAs":["https:\/\/www.facebook.com\/BibliaParaLaVida","https:\/\/www.instagram.com\/bibliaparalavidaig"]}]}},"_links":{"self":[{"href":"https:\/\/www.bibliaparalavida.com\/bo\/wp-json\/wp\/v2\/product\/1180"}],"collection":[{"href":"https:\/\/www.bibliaparalavida.com\/bo\/wp-json\/wp\/v2\/product"}],"about":[{"href":"https:\/\/www.bibliaparalavida.com\/bo\/wp-json\/wp\/v2\/types\/product"}],"replies":[{"embeddable":true,"href":"https:\/\/www.bibliaparalavida.com\/bo\/wp-json\/wp\/v2\/comments?post=1180"}],"wp:featuredmedia":[{"embeddable":true,"href":"https:\/\/www.bibliaparalavida.com\/bo\/wp-json\/wp\/v2\/media\/1181"}],"wp:attachment":[{"href":"https:\/\/www.bibliaparalavida.com\/bo\/wp-json\/wp\/v2\/media?parent=1180"}],"wp:term":[{"taxonomy":"product_cat","embeddable":true,"href":"https:\/\/www.bibliaparalavida.com\/bo\/wp-json\/wp\/v2\/product_cat?post=1180"},{"taxonomy":"product_tag","embeddable":true,"href":"https:\/\/www.bibliaparalavida.com\/bo\/wp-json\/wp\/v2\/product_tag?post=1180"}],"curies":[{"name":"wp","href":"https:\/\/api.w.org\/{rel}","templated":true}]}}