{"id":1177,"date":"2021-11-23T13:03:16","date_gmt":"2021-11-23T13:03:16","guid":{"rendered":"https:\/\/www.bibliaparalavida.com\/bo\/?post_type=product&#038;p=1177"},"modified":"2025-01-20T14:04:48","modified_gmt":"2025-01-20T14:04:48","slug":"liderazgo-cristiano","status":"publish","type":"product","link":"https:\/\/www.bibliaparalavida.com\/bo\/prod\/liderazgo-cristiano\/","title":{"rendered":"Manual de Liderazgo Cristiano (Digital)"},"content":{"rendered":"<p>El manual utiliza La Biblia como \u00fanica referencia, y est\u00e1 despojado de interpretaciones o doctrinas particulares.<\/p>\n<p>Adem\u00e1s se brindar\u00e1n herramientas para optimizar su influencia y se identificar\u00e1n tentaciones y los problemas a evitar o resolver; enfatizando la importancia de la sanidad emocional y el amor genuino a Dios y a las personas.<\/p>\n<p>El manual tiene 18 clases en total, agrupadas en 3 m\u00f3dulos, y sirve tanto para el maestro como para el alumno, ya que cada lecci\u00f3n tiene preguntas para afianzar conceptos clave.<\/p>\n<h2>Contenido del Manual B\u00edblico de Liderazgo Cristiano<\/h2>\n<p><strong>M\u00f3dulo 1: Introducci\u00f3n al Liderazgo<\/strong><br \/>\n1. Introducci\u00f3n al liderazgo<br \/>\n2. Liderazgo pastoral<br \/>\n3. Liderazgo b\u00edblico seg\u00fan Juan 10<\/p>\n<p><strong>M\u00f3dulo 2: Caracter\u00edsticas del L\u00edder Cristiano<\/strong><br \/>\n4. La importancia y el poder del llamado<br \/>\n5. Actitudes de un buen l\u00edder cristiano \u2013 Parte 1<br \/>\n6. Actitudes de un buen l\u00edder cristiano \u2013 Parte 2<br \/>\n7. Tentaciones y problemas en el liderazgo \u2013 Parte 1<br \/>\n8. Tentaciones y problemas en el liderazgo \u2013 Parte 2<br \/>\n9. La autoridad en el liderazgo<\/p>\n<p><strong>M\u00f3dulo 3: Funciones del L\u00edder Cristiano<\/strong><br \/>\n10. Consejer\u00eda cristiana pr\u00e1ctica<br \/>\n11. Homil\u00e9tica pr\u00e1ctica<br \/>\n12. Introducci\u00f3n al ministerio juvenil<br \/>\n13. Liderazgo equilibrado<br \/>\n14. \u00c9nfasis indispensables<br \/>\n15. C\u00f3mo formar un equipo de trabajo<br \/>\n16. Mentoreo: desarrollo de l\u00edderes<br \/>\n17. Administraci\u00f3n de las finanzas en la iglesia<br \/>\n18. Planificaci\u00f3n de un proyectos de liderazgo<\/p>\n","protected":false},"excerpt":{"rendered":"<p>El <strong>Manual B\u00edblico de Liderazgo Cristiano<\/strong> tiene objetivo guiar a los l\u00edderes de la iglesia local a desarrollar su potencial de liderazgo de manera integral, sana, madura y efectiva.<\/p>\n<p><strong>C\u00f3mpralo aqu\u00ed en digital <\/strong>y l\u00e9elo en nuestra <a href=\"https:\/\/bibliaparalavida.com\/la\/app\/\" rel=\"noopener\">App.<\/a><\/p>\n<p><a style=\"padding: 8px; background-color: #0f9d58; font-weight: bold; text-align: center; color: #fff; border-radius: 5px;\" href=\"https:\/\/wa.me\/5493513073050?text=Quisiera%20un%20Demo%20del%20Manual%20de%20Liderazgo%20Cristiano.\"><img decoding=\"async\" style=\"float: left, margin-right:10px; margin-bottom: -7px; margin-right: 5px;\" src=\"https:\/\/www.bibliaparalavida.com\/bo\/bo\/wp-content\/uploads\/2020\/12\/WhatsApp-icon.png\" alt=\"WhatsApp\" width=\"24\" height=\"24\" \/>SOLICITA UN DEMO EN PDF<\/a><\/p>\n<div style=\"clear: both; height: 10px;\"><\/div>\n","protected":false},"featured_media":1178,"comment_status":"closed","ping_status":"closed","template":"","meta":{"_joinchat":[]},"product_cat":[51],"product_tag":[67],"class_list":{"0":"post-1177","1":"product","2":"type-product","3":"status-publish","4":"has-post-thumbnail","6":"product_cat-mentoreo-biblico","7":"product_tag-billy-saint","9":"first","10":"instock","11":"shipping-taxable","12":"purchasable","13":"product-type-simple"},"yoast_head":"<!-- This site is optimized with the Yoast SEO plugin v23.1 - https:\/\/yoast.com\/wordpress\/plugins\/seo\/ -->\n<title>Manual de Liderazgo Cristiano (Digital) - Biblia para la Vida<\/title>\n<meta name=\"robots\" content=\"index, follow, max-snippet:-1, max-image-preview:large, max-video-preview:-1\" \/>\n<link rel=\"canonical\" href=\"https:\/\/www.bibliaparalavida.com\/bo\/prod\/liderazgo-cristiano\/\" \/>\n<meta property=\"og:locale\" content=\"es_ES\" \/>\n<meta property=\"og:type\" content=\"article\" \/>\n<meta property=\"og:title\" content=\"Manual de Liderazgo Cristiano (Digital) - Biblia para la Vida\" \/>\n<meta property=\"og:description\" content=\"El Manual B\u00edblico de Liderazgo Cristiano tiene objetivo guiar a los l\u00edderes de la iglesia local a desarrollar su potencial de liderazgo de manera integral, sana, madura y efectiva.  C\u00f3mpralo aqu\u00ed en digital y l\u00e9elo en nuestra App.  SOLICITA UN DEMO EN PDF\" \/>\n<meta property=\"og:url\" content=\"https:\/\/www.bibliaparalavida.com\/bo\/prod\/liderazgo-cristiano\/\" \/>\n<meta property=\"og:site_name\" content=\"Biblia para la Vida\" \/>\n<meta property=\"article:publisher\" content=\"https:\/\/www.facebook.com\/BibliaParaLaVida\" \/>\n<meta property=\"article:modified_time\" content=\"2025-01-20T14:04:48+00:00\" \/>\n<meta property=\"og:image\" content=\"https:\/\/www.bibliaparalavida.com\/bo\/wp-content\/uploads\/2021\/11\/Liderazgo-Cristiano-tapa1.jpg\" \/>\n\t<meta property=\"og:image:width\" content=\"1000\" \/>\n\t<meta property=\"og:image:height\" content=\"1000\" \/>\n\t<meta property=\"og:image:type\" content=\"image\/jpeg\" \/>\n<meta name=\"twitter:card\" content=\"summary_large_image\" \/>\n<meta name=\"twitter:label1\" content=\"Tiempo de lectura\" \/>\n\t<meta name=\"twitter:data1\" content=\"2 minutos\" \/>\n<script type=\"application\/ld+json\" class=\"yoast-schema-graph\">{\"@context\":\"https:\/\/schema.org\",\"@graph\":[{\"@type\":\"WebPage\",\"@id\":\"https:\/\/www.bibliaparalavida.com\/bo\/prod\/liderazgo-cristiano\/\",\"url\":\"https:\/\/www.bibliaparalavida.com\/bo\/prod\/liderazgo-cristiano\/\",\"name\":\"Manual de Liderazgo Cristiano (Digital) - Biblia para la Vida\",\"isPartOf\":{\"@id\":\"https:\/\/www.bibliaparalavida.com\/bo\/#website\"},\"primaryImageOfPage\":{\"@id\":\"https:\/\/www.bibliaparalavida.com\/bo\/prod\/liderazgo-cristiano\/#primaryimage\"},\"image\":{\"@id\":\"https:\/\/www.bibliaparalavida.com\/bo\/prod\/liderazgo-cristiano\/#primaryimage\"},\"thumbnailUrl\":\"https:\/\/www.bibliaparalavida.com\/bo\/wp-content\/uploads\/2021\/11\/Liderazgo-Cristiano-tapa1.jpg\",\"datePublished\":\"2021-11-23T13:03:16+00:00\",\"dateModified\":\"2025-01-20T14:04:48+00:00\",\"breadcrumb\":{\"@id\":\"https:\/\/www.bibliaparalavida.com\/bo\/prod\/liderazgo-cristiano\/#breadcrumb\"},\"inLanguage\":\"es\",\"potentialAction\":[{\"@type\":\"ReadAction\",\"target\":[\"https:\/\/www.bibliaparalavida.com\/bo\/prod\/liderazgo-cristiano\/\"]}]},{\"@type\":\"ImageObject\",\"inLanguage\":\"es\",\"@id\":\"https:\/\/www.bibliaparalavida.com\/bo\/prod\/liderazgo-cristiano\/#primaryimage\",\"url\":\"https:\/\/www.bibliaparalavida.com\/bo\/wp-content\/uploads\/2021\/11\/Liderazgo-Cristiano-tapa1.jpg\",\"contentUrl\":\"https:\/\/www.bibliaparalavida.com\/bo\/wp-content\/uploads\/2021\/11\/Liderazgo-Cristiano-tapa1.jpg\",\"width\":1000,\"height\":1000,\"caption\":\"Manual B\u00edblico de Liderazgo Cristiano\"},{\"@type\":\"BreadcrumbList\",\"@id\":\"https:\/\/www.bibliaparalavida.com\/bo\/prod\/liderazgo-cristiano\/#breadcrumb\",\"itemListElement\":[{\"@type\":\"ListItem\",\"position\":1,\"name\":\"Portada\",\"item\":\"https:\/\/www.bibliaparalavida.com\/bo\/\"},{\"@type\":\"ListItem\",\"position\":2,\"name\":\"Manuales\",\"item\":\"https:\/\/www.bibliaparalavida.com\/bo\/manuales\/\"},{\"@type\":\"ListItem\",\"position\":3,\"name\":\"Manual de Liderazgo Cristiano (Digital)\"}]},{\"@type\":\"WebSite\",\"@id\":\"https:\/\/www.bibliaparalavida.com\/bo\/#website\",\"url\":\"https:\/\/www.bibliaparalavida.com\/bo\/\",\"name\":\"Biblia para la Vida BOLIVIA\",\"description\":\"Aplica la Biblia a tu vida\",\"publisher\":{\"@id\":\"https:\/\/www.bibliaparalavida.com\/bo\/#organization\"},\"potentialAction\":[{\"@type\":\"SearchAction\",\"target\":{\"@type\":\"EntryPoint\",\"urlTemplate\":\"https:\/\/www.bibliaparalavida.com\/bo\/?s={search_term_string}\"},\"query-input\":\"required name=search_term_string\"}],\"inLanguage\":\"es\"},{\"@type\":\"Organization\",\"@id\":\"https:\/\/www.bibliaparalavida.com\/bo\/#organization\",\"name\":\"Biblia para la Vida BOLIVIA\",\"url\":\"https:\/\/www.bibliaparalavida.com\/bo\/\",\"logo\":{\"@type\":\"ImageObject\",\"inLanguage\":\"es\",\"@id\":\"https:\/\/www.bibliaparalavida.com\/bo\/#\/schema\/logo\/image\/\",\"url\":\"https:\/\/www.bibliaparalavida.com\/bo\/wp-content\/uploads\/2024\/08\/Logo-BPLV-Horiz-320-BO.png\",\"contentUrl\":\"https:\/\/www.bibliaparalavida.com\/bo\/wp-content\/uploads\/2024\/08\/Logo-BPLV-Horiz-320-BO.png\",\"width\":320,\"height\":87,\"caption\":\"Biblia para la Vida BOLIVIA\"},\"image\":{\"@id\":\"https:\/\/www.bibliaparalavida.com\/bo\/#\/schema\/logo\/image\/\"},\"sameAs\":[\"https:\/\/www.facebook.com\/BibliaParaLaVida\",\"https:\/\/www.instagram.com\/bibliaparalavidaig\"]}]}<\/script>\n<!-- \/ Yoast SEO plugin. -->","yoast_head_json":{"title":"Manual de Liderazgo Cristiano (Digital) - Biblia para la Vida","robots":{"index":"index","follow":"follow","max-snippet":"max-snippet:-1","max-image-preview":"max-image-preview:large","max-video-preview":"max-video-preview:-1"},"canonical":"https:\/\/www.bibliaparalavida.com\/bo\/prod\/liderazgo-cristiano\/","og_locale":"es_ES","og_type":"article","og_title":"Manual de Liderazgo Cristiano (Digital) - Biblia para la Vida","og_description":"El Manual B\u00edblico de Liderazgo Cristiano tiene objetivo guiar a los l\u00edderes de la iglesia local a desarrollar su potencial de liderazgo de manera integral, sana, madura y efectiva.  C\u00f3mpralo aqu\u00ed en digital y l\u00e9elo en nuestra App.  SOLICITA UN DEMO EN PDF","og_url":"https:\/\/www.bibliaparalavida.com\/bo\/prod\/liderazgo-cristiano\/","og_site_name":"Biblia para la Vida","article_publisher":"https:\/\/www.facebook.com\/BibliaParaLaVida","article_modified_time":"2025-01-20T14:04:48+00:00","og_image":[{"width":1000,"height":1000,"url":"https:\/\/www.bibliaparalavida.com\/bo\/wp-content\/uploads\/2021\/11\/Liderazgo-Cristiano-tapa1.jpg","type":"image\/jpeg"}],"twitter_card":"summary_large_image","twitter_misc":{"Tiempo de lectura":"2 minutos"},"schema":{"@context":"https:\/\/schema.org","@graph":[{"@type":"WebPage","@id":"https:\/\/www.bibliaparalavida.com\/bo\/prod\/liderazgo-cristiano\/","url":"https:\/\/www.bibliaparalavida.com\/bo\/prod\/liderazgo-cristiano\/","name":"Manual de Liderazgo Cristiano (Digital) - Biblia para la Vida","isPartOf":{"@id":"https:\/\/www.bibliaparalavida.com\/bo\/#website"},"primaryImageOfPage":{"@id":"https:\/\/www.bibliaparalavida.com\/bo\/prod\/liderazgo-cristiano\/#primaryimage"},"image":{"@id":"https:\/\/www.bibliaparalavida.com\/bo\/prod\/liderazgo-cristiano\/#primaryimage"},"thumbnailUrl":"https:\/\/www.bibliaparalavida.com\/bo\/wp-content\/uploads\/2021\/11\/Liderazgo-Cristiano-tapa1.jpg","datePublished":"2021-11-23T13:03:16+00:00","dateModified":"2025-01-20T14:04:48+00:00","breadcrumb":{"@id":"https:\/\/www.bibliaparalavida.com\/bo\/prod\/liderazgo-cristiano\/#breadcrumb"},"inLanguage":"es","potentialAction":[{"@type":"ReadAction","target":["https:\/\/www.bibliaparalavida.com\/bo\/prod\/liderazgo-cristiano\/"]}]},{"@type":"ImageObject","inLanguage":"es","@id":"https:\/\/www.bibliaparalavida.com\/bo\/prod\/liderazgo-cristiano\/#primaryimage","url":"https:\/\/www.bibliaparalavida.com\/bo\/wp-content\/uploads\/2021\/11\/Liderazgo-Cristiano-tapa1.jpg","contentUrl":"https:\/\/www.bibliaparalavida.com\/bo\/wp-content\/uploads\/2021\/11\/Liderazgo-Cristiano-tapa1.jpg","width":1000,"height":1000,"caption":"Manual B\u00edblico de Liderazgo Cristiano"},{"@type":"BreadcrumbList","@id":"https:\/\/www.bibliaparalavida.com\/bo\/prod\/liderazgo-cristiano\/#breadcrumb","itemListElement":[{"@type":"ListItem","position":1,"name":"Portada","item":"https:\/\/www.bibliaparalavida.com\/bo\/"},{"@type":"ListItem","position":2,"name":"Manuales","item":"https:\/\/www.bibliaparalavida.com\/bo\/manuales\/"},{"@type":"ListItem","position":3,"name":"Manual de Liderazgo Cristiano (Digital)"}]},{"@type":"WebSite","@id":"https:\/\/www.bibliaparalavida.com\/bo\/#website","url":"https:\/\/www.bibliaparalavida.com\/bo\/","name":"Biblia para la Vida BOLIVIA","description":"Aplica la Biblia a tu vida","publisher":{"@id":"https:\/\/www.bibliaparalavida.com\/bo\/#organization"},"potentialAction":[{"@type":"SearchAction","target":{"@type":"EntryPoint","urlTemplate":"https:\/\/www.bibliaparalavida.com\/bo\/?s={search_term_string}"},"query-input":"required name=search_term_string"}],"inLanguage":"es"},{"@type":"Organization","@id":"https:\/\/www.bibliaparalavida.com\/bo\/#organization","name":"Biblia para la Vida BOLIVIA","url":"https:\/\/www.bibliaparalavida.com\/bo\/","logo":{"@type":"ImageObject","inLanguage":"es","@id":"https:\/\/www.bibliaparalavida.com\/bo\/#\/schema\/logo\/image\/","url":"https:\/\/www.bibliaparalavida.com\/bo\/wp-content\/uploads\/2024\/08\/Logo-BPLV-Horiz-320-BO.png","contentUrl":"https:\/\/www.bibliaparalavida.com\/bo\/wp-content\/uploads\/2024\/08\/Logo-BPLV-Horiz-320-BO.png","width":320,"height":87,"caption":"Biblia para la Vida BOLIVIA"},"image":{"@id":"https:\/\/www.bibliaparalavida.com\/bo\/#\/schema\/logo\/image\/"},"sameAs":["https:\/\/www.facebook.com\/BibliaParaLaVida","https:\/\/www.instagram.com\/bibliaparalavidaig"]}]}},"_links":{"self":[{"href":"https:\/\/www.bibliaparalavida.com\/bo\/wp-json\/wp\/v2\/product\/1177"}],"collection":[{"href":"https:\/\/www.bibliaparalavida.com\/bo\/wp-json\/wp\/v2\/product"}],"about":[{"href":"https:\/\/www.bibliaparalavida.com\/bo\/wp-json\/wp\/v2\/types\/product"}],"replies":[{"embeddable":true,"href":"https:\/\/www.bibliaparalavida.com\/bo\/wp-json\/wp\/v2\/comments?post=1177"}],"wp:featuredmedia":[{"embeddable":true,"href":"https:\/\/www.bibliaparalavida.com\/bo\/wp-json\/wp\/v2\/media\/1178"}],"wp:attachment":[{"href":"https:\/\/www.bibliaparalavida.com\/bo\/wp-json\/wp\/v2\/media?parent=1177"}],"wp:term":[{"taxonomy":"product_cat","embeddable":true,"href":"https:\/\/www.bibliaparalavida.com\/bo\/wp-json\/wp\/v2\/product_cat?post=1177"},{"taxonomy":"product_tag","embeddable":true,"href":"https:\/\/www.bibliaparalavida.com\/bo\/wp-json\/wp\/v2\/product_tag?post=1177"}],"curies":[{"name":"wp","href":"https:\/\/api.w.org\/{rel}","templated":true}]}}