{"id":1152,"date":"2020-05-23T00:35:11","date_gmt":"2020-05-23T00:35:11","guid":{"rendered":"https:\/\/www.bibliaparalavida.com\/bo\/?post_type=product&#038;p=1152"},"modified":"2025-01-20T14:08:00","modified_gmt":"2025-01-20T14:08:00","slug":"corintios-maestro","status":"publish","type":"product","link":"https:\/\/www.bibliaparalavida.com\/bo\/prod\/corintios-maestro\/","title":{"rendered":"Corintios | Maestro (Digital)"},"content":{"rendered":"<p>El <strong>Manual del Maestro de CORINTIOS<\/strong> incluye 42 lecciones. Es complementario con el <a href=\"https:\/\/www.bibliaparalavida.com\/bo\/prod\/corintios-alumno\/\"><strong>Manual del Alumno<\/strong><\/a>, que tiene las preguntas inductivas para guiar a los estudiantes.<\/p>\n<p>Es un estudio ideal para ayudar a pastores a desarrollar l\u00edderes en su congregaci\u00f3n de manera b\u00edblica y pr\u00e1ctica.<\/p>\n<p><b>En este manual profundizaremos en las dos cartas que Pablo escribi\u00f3 a los Corintios<\/b>, con la meta comprender las problem\u00e1ticas surgidas en esta iglesia tan particular, ubicada en una t\u00edpica ciudad de cultura greco-romana, totalmente pagana y sin noci\u00f3n de Dios. Adem\u00e1s observaremos la manera en que Pablo lidi\u00f3 con situaciones complejas, a la vez que aprenderemos de las instrucciones dadas por el Ap\u00f3stol, de tal manera que podamos aplicarlas y\/o adaptarlas en nuestras congregaciones locales.<\/p>\n<p><b>Algunos temas incluidos en este Manual:<\/b><\/p>\n<p><b>PRIMERA CARTA A LOS CORINTIOS<\/b><\/p>\n<ol>\n<li>Divisiones por facciones<\/li>\n<li>Sabidur\u00eda del mundo versus de Dios<\/li>\n<li>El peligro de envanecerse<\/li>\n<li>Inmoralidad tolerada<\/li>\n<li>Pleitos entre creyentes<\/li>\n<li>Evitar el pecado sexual<\/li>\n<li>Instrucciones para los casados<\/li>\n<li>Orientaciones con respecto al divorcio<\/li>\n<li>Instrucciones para los solteros<\/li>\n<li>Idolatr\u00eda: lo sacrificado a los \u00eddolos<\/li>\n<li>Derechos, decisiones y actitudes de Pablo como ap\u00f3stol<\/li>\n<li>Advertencia respecto a no pecar<\/li>\n<li>La mujer en la congregaci\u00f3n<\/li>\n<li>Cena del Se\u00f1or: abusos e instrucciones<\/li>\n<li>Dones espirituales<\/li>\n<li>La importancia del amor en el ministerio<\/li>\n<li>Dones de Lenguas y Profec\u00eda<\/li>\n<li>Ense\u00f1anzas sobre la resurrecci\u00f3n<\/li>\n<\/ol>\n<p><b>SEGUNDA CARTA A LOS CORINTIOS<\/b><\/p>\n<ol>\n<li>Consolaci\u00f3n en la tribulaci\u00f3n<\/li>\n<li>Integridad y sinceridad en el ministerio<\/li>\n<li>Perd\u00f3n al inmoral arrepentido<\/li>\n<li>Ministros de un nuevo pacto<\/li>\n<li>Padeciendo en el ministerio con la esperanza de la resurrecci\u00f3n<\/li>\n<li>Ministerio de la reconciliaci\u00f3n<\/li>\n<li>Paradojas del ministerio y el yugo desigual<\/li>\n<li>La importancia y el prop\u00f3sito de la represi\u00f3n<\/li>\n<li>La ofrenda para los santos<\/li>\n<li>Actitudes correctas al dar las ofrendas<\/li>\n<li>Pablo defiende su ministerio apost\u00f3lico<\/li>\n<li>Pablo denuncia a los falsos ap\u00f3stoles<\/li>\n<li>Sufrimientos de Pablo como ap\u00f3stol<\/li>\n<li>Visi\u00f3n de Pablo y el \u201caguij\u00f3n en la carne\u201d<\/li>\n<li>Preocupaci\u00f3n de Pablo por los Corintios<\/li>\n<li>Advertencias y saludos finales<\/li>\n<\/ol>\n","protected":false},"excerpt":{"rendered":"<p><strong>CORINTIOS Maestro<\/strong> es un estudio inductivo de las dos cartas que Pablo a los Corintios, con aplicaci\u00f3n a la vida cristiana y al ministerio a trav\u00e9s de preguntas.<\/p>\n<p><strong>C\u00f3mpralo aqu\u00ed en digital <\/strong>y l\u00e9elo en nuestra <a href=\"https:\/\/bibliaparalavida.com\/la\/app\/\" rel=\"noopener\">App.<\/a><\/p>\n<p><a style=\"padding: 8px; background-color: #0f9d58; font-weight: bold; text-align: center; color: #fff; border-radius: 5px;\" href=\"https:\/\/wa.me\/5493513073050?text=Quisiera%20un%20Demo%20del%20Estudio%20de%20Corintios.\"><img decoding=\"async\" style=\"float: left, margin-right:10px; margin-bottom: -7px; margin-right: 5px;\" src=\"https:\/\/www.bibliaparalavida.com\/bo\/bo\/wp-content\/uploads\/2020\/12\/WhatsApp-icon.png\" alt=\"WhatsApp\" width=\"24\" height=\"24\" \/>SOLICITA UN DEMO EN PDF<\/a><\/p>\n","protected":false},"featured_media":1153,"comment_status":"closed","ping_status":"closed","template":"","meta":{"_joinchat":[]},"product_cat":[52,49],"product_tag":[67],"class_list":{"0":"post-1152","1":"product","2":"type-product","3":"status-publish","4":"has-post-thumbnail","6":"product_cat-biblia-inductiva","7":"product_cat-corintios","8":"product_tag-billy-saint","10":"first","11":"instock","12":"shipping-taxable","13":"purchasable","14":"product-type-simple"},"yoast_head":"<!-- This site is optimized with the Yoast SEO plugin v23.1 - https:\/\/yoast.com\/wordpress\/plugins\/seo\/ -->\n<title>Corintios | Maestro (Digital) - Biblia para la Vida<\/title>\n<meta name=\"robots\" content=\"index, follow, max-snippet:-1, max-image-preview:large, max-video-preview:-1\" \/>\n<link rel=\"canonical\" href=\"https:\/\/www.bibliaparalavida.com\/bo\/prod\/corintios-maestro\/\" \/>\n<meta property=\"og:locale\" content=\"es_ES\" \/>\n<meta property=\"og:type\" content=\"article\" \/>\n<meta property=\"og:title\" content=\"Corintios | Maestro (Digital) - Biblia para la Vida\" \/>\n<meta property=\"og:description\" content=\"CORINTIOS Maestro es un estudio inductivo de las dos cartas que Pablo a los Corintios, con aplicaci\u00f3n a la vida cristiana y al ministerio a trav\u00e9s de preguntas.  C\u00f3mpralo aqu\u00ed en digital y l\u00e9elo en nuestra App.  SOLICITA UN DEMO EN PDF\" \/>\n<meta property=\"og:url\" content=\"https:\/\/www.bibliaparalavida.com\/bo\/prod\/corintios-maestro\/\" \/>\n<meta property=\"og:site_name\" content=\"Biblia para la Vida\" \/>\n<meta property=\"article:publisher\" content=\"https:\/\/www.facebook.com\/BibliaParaLaVida\" \/>\n<meta property=\"article:modified_time\" content=\"2025-01-20T14:08:00+00:00\" \/>\n<meta property=\"og:image\" content=\"https:\/\/www.bibliaparalavida.com\/bo\/wp-content\/uploads\/2021\/11\/Corintios-Maestro.jpg\" \/>\n\t<meta property=\"og:image:width\" content=\"1000\" \/>\n\t<meta property=\"og:image:height\" content=\"1000\" \/>\n\t<meta property=\"og:image:type\" content=\"image\/jpeg\" \/>\n<meta name=\"twitter:card\" content=\"summary_large_image\" \/>\n<meta name=\"twitter:label1\" content=\"Tiempo de lectura\" \/>\n\t<meta name=\"twitter:data1\" content=\"2 minutos\" \/>\n<script type=\"application\/ld+json\" class=\"yoast-schema-graph\">{\"@context\":\"https:\/\/schema.org\",\"@graph\":[{\"@type\":\"WebPage\",\"@id\":\"https:\/\/www.bibliaparalavida.com\/bo\/prod\/corintios-maestro\/\",\"url\":\"https:\/\/www.bibliaparalavida.com\/bo\/prod\/corintios-maestro\/\",\"name\":\"Corintios | Maestro (Digital) - Biblia para la Vida\",\"isPartOf\":{\"@id\":\"https:\/\/www.bibliaparalavida.com\/bo\/#website\"},\"primaryImageOfPage\":{\"@id\":\"https:\/\/www.bibliaparalavida.com\/bo\/prod\/corintios-maestro\/#primaryimage\"},\"image\":{\"@id\":\"https:\/\/www.bibliaparalavida.com\/bo\/prod\/corintios-maestro\/#primaryimage\"},\"thumbnailUrl\":\"https:\/\/www.bibliaparalavida.com\/bo\/wp-content\/uploads\/2021\/11\/Corintios-Maestro.jpg\",\"datePublished\":\"2020-05-23T00:35:11+00:00\",\"dateModified\":\"2025-01-20T14:08:00+00:00\",\"breadcrumb\":{\"@id\":\"https:\/\/www.bibliaparalavida.com\/bo\/prod\/corintios-maestro\/#breadcrumb\"},\"inLanguage\":\"es\",\"potentialAction\":[{\"@type\":\"ReadAction\",\"target\":[\"https:\/\/www.bibliaparalavida.com\/bo\/prod\/corintios-maestro\/\"]}]},{\"@type\":\"ImageObject\",\"inLanguage\":\"es\",\"@id\":\"https:\/\/www.bibliaparalavida.com\/bo\/prod\/corintios-maestro\/#primaryimage\",\"url\":\"https:\/\/www.bibliaparalavida.com\/bo\/wp-content\/uploads\/2021\/11\/Corintios-Maestro.jpg\",\"contentUrl\":\"https:\/\/www.bibliaparalavida.com\/bo\/wp-content\/uploads\/2021\/11\/Corintios-Maestro.jpg\",\"width\":1000,\"height\":1000,\"caption\":\"Corintios Maestro\"},{\"@type\":\"BreadcrumbList\",\"@id\":\"https:\/\/www.bibliaparalavida.com\/bo\/prod\/corintios-maestro\/#breadcrumb\",\"itemListElement\":[{\"@type\":\"ListItem\",\"position\":1,\"name\":\"Portada\",\"item\":\"https:\/\/www.bibliaparalavida.com\/bo\/\"},{\"@type\":\"ListItem\",\"position\":2,\"name\":\"Manuales\",\"item\":\"https:\/\/www.bibliaparalavida.com\/bo\/manuales\/\"},{\"@type\":\"ListItem\",\"position\":3,\"name\":\"Corintios | Maestro (Digital)\"}]},{\"@type\":\"WebSite\",\"@id\":\"https:\/\/www.bibliaparalavida.com\/bo\/#website\",\"url\":\"https:\/\/www.bibliaparalavida.com\/bo\/\",\"name\":\"Biblia para la Vida BOLIVIA\",\"description\":\"Aplica la Biblia a tu vida\",\"publisher\":{\"@id\":\"https:\/\/www.bibliaparalavida.com\/bo\/#organization\"},\"potentialAction\":[{\"@type\":\"SearchAction\",\"target\":{\"@type\":\"EntryPoint\",\"urlTemplate\":\"https:\/\/www.bibliaparalavida.com\/bo\/?s={search_term_string}\"},\"query-input\":\"required name=search_term_string\"}],\"inLanguage\":\"es\"},{\"@type\":\"Organization\",\"@id\":\"https:\/\/www.bibliaparalavida.com\/bo\/#organization\",\"name\":\"Biblia para la Vida BOLIVIA\",\"url\":\"https:\/\/www.bibliaparalavida.com\/bo\/\",\"logo\":{\"@type\":\"ImageObject\",\"inLanguage\":\"es\",\"@id\":\"https:\/\/www.bibliaparalavida.com\/bo\/#\/schema\/logo\/image\/\",\"url\":\"https:\/\/www.bibliaparalavida.com\/bo\/wp-content\/uploads\/2024\/08\/Logo-BPLV-Horiz-320-BO.png\",\"contentUrl\":\"https:\/\/www.bibliaparalavida.com\/bo\/wp-content\/uploads\/2024\/08\/Logo-BPLV-Horiz-320-BO.png\",\"width\":320,\"height\":87,\"caption\":\"Biblia para la Vida BOLIVIA\"},\"image\":{\"@id\":\"https:\/\/www.bibliaparalavida.com\/bo\/#\/schema\/logo\/image\/\"},\"sameAs\":[\"https:\/\/www.facebook.com\/BibliaParaLaVida\",\"https:\/\/www.instagram.com\/bibliaparalavidaig\"]}]}<\/script>\n<!-- \/ Yoast SEO plugin. -->","yoast_head_json":{"title":"Corintios | Maestro (Digital) - Biblia para la Vida","robots":{"index":"index","follow":"follow","max-snippet":"max-snippet:-1","max-image-preview":"max-image-preview:large","max-video-preview":"max-video-preview:-1"},"canonical":"https:\/\/www.bibliaparalavida.com\/bo\/prod\/corintios-maestro\/","og_locale":"es_ES","og_type":"article","og_title":"Corintios | Maestro (Digital) - Biblia para la Vida","og_description":"CORINTIOS Maestro es un estudio inductivo de las dos cartas que Pablo a los Corintios, con aplicaci\u00f3n a la vida cristiana y al ministerio a trav\u00e9s de preguntas.  C\u00f3mpralo aqu\u00ed en digital y l\u00e9elo en nuestra App.  SOLICITA UN DEMO EN PDF","og_url":"https:\/\/www.bibliaparalavida.com\/bo\/prod\/corintios-maestro\/","og_site_name":"Biblia para la Vida","article_publisher":"https:\/\/www.facebook.com\/BibliaParaLaVida","article_modified_time":"2025-01-20T14:08:00+00:00","og_image":[{"width":1000,"height":1000,"url":"https:\/\/www.bibliaparalavida.com\/bo\/wp-content\/uploads\/2021\/11\/Corintios-Maestro.jpg","type":"image\/jpeg"}],"twitter_card":"summary_large_image","twitter_misc":{"Tiempo de lectura":"2 minutos"},"schema":{"@context":"https:\/\/schema.org","@graph":[{"@type":"WebPage","@id":"https:\/\/www.bibliaparalavida.com\/bo\/prod\/corintios-maestro\/","url":"https:\/\/www.bibliaparalavida.com\/bo\/prod\/corintios-maestro\/","name":"Corintios | Maestro (Digital) - Biblia para la Vida","isPartOf":{"@id":"https:\/\/www.bibliaparalavida.com\/bo\/#website"},"primaryImageOfPage":{"@id":"https:\/\/www.bibliaparalavida.com\/bo\/prod\/corintios-maestro\/#primaryimage"},"image":{"@id":"https:\/\/www.bibliaparalavida.com\/bo\/prod\/corintios-maestro\/#primaryimage"},"thumbnailUrl":"https:\/\/www.bibliaparalavida.com\/bo\/wp-content\/uploads\/2021\/11\/Corintios-Maestro.jpg","datePublished":"2020-05-23T00:35:11+00:00","dateModified":"2025-01-20T14:08:00+00:00","breadcrumb":{"@id":"https:\/\/www.bibliaparalavida.com\/bo\/prod\/corintios-maestro\/#breadcrumb"},"inLanguage":"es","potentialAction":[{"@type":"ReadAction","target":["https:\/\/www.bibliaparalavida.com\/bo\/prod\/corintios-maestro\/"]}]},{"@type":"ImageObject","inLanguage":"es","@id":"https:\/\/www.bibliaparalavida.com\/bo\/prod\/corintios-maestro\/#primaryimage","url":"https:\/\/www.bibliaparalavida.com\/bo\/wp-content\/uploads\/2021\/11\/Corintios-Maestro.jpg","contentUrl":"https:\/\/www.bibliaparalavida.com\/bo\/wp-content\/uploads\/2021\/11\/Corintios-Maestro.jpg","width":1000,"height":1000,"caption":"Corintios Maestro"},{"@type":"BreadcrumbList","@id":"https:\/\/www.bibliaparalavida.com\/bo\/prod\/corintios-maestro\/#breadcrumb","itemListElement":[{"@type":"ListItem","position":1,"name":"Portada","item":"https:\/\/www.bibliaparalavida.com\/bo\/"},{"@type":"ListItem","position":2,"name":"Manuales","item":"https:\/\/www.bibliaparalavida.com\/bo\/manuales\/"},{"@type":"ListItem","position":3,"name":"Corintios | Maestro (Digital)"}]},{"@type":"WebSite","@id":"https:\/\/www.bibliaparalavida.com\/bo\/#website","url":"https:\/\/www.bibliaparalavida.com\/bo\/","name":"Biblia para la Vida BOLIVIA","description":"Aplica la Biblia a tu vida","publisher":{"@id":"https:\/\/www.bibliaparalavida.com\/bo\/#organization"},"potentialAction":[{"@type":"SearchAction","target":{"@type":"EntryPoint","urlTemplate":"https:\/\/www.bibliaparalavida.com\/bo\/?s={search_term_string}"},"query-input":"required name=search_term_string"}],"inLanguage":"es"},{"@type":"Organization","@id":"https:\/\/www.bibliaparalavida.com\/bo\/#organization","name":"Biblia para la Vida BOLIVIA","url":"https:\/\/www.bibliaparalavida.com\/bo\/","logo":{"@type":"ImageObject","inLanguage":"es","@id":"https:\/\/www.bibliaparalavida.com\/bo\/#\/schema\/logo\/image\/","url":"https:\/\/www.bibliaparalavida.com\/bo\/wp-content\/uploads\/2024\/08\/Logo-BPLV-Horiz-320-BO.png","contentUrl":"https:\/\/www.bibliaparalavida.com\/bo\/wp-content\/uploads\/2024\/08\/Logo-BPLV-Horiz-320-BO.png","width":320,"height":87,"caption":"Biblia para la Vida BOLIVIA"},"image":{"@id":"https:\/\/www.bibliaparalavida.com\/bo\/#\/schema\/logo\/image\/"},"sameAs":["https:\/\/www.facebook.com\/BibliaParaLaVida","https:\/\/www.instagram.com\/bibliaparalavidaig"]}]}},"_links":{"self":[{"href":"https:\/\/www.bibliaparalavida.com\/bo\/wp-json\/wp\/v2\/product\/1152"}],"collection":[{"href":"https:\/\/www.bibliaparalavida.com\/bo\/wp-json\/wp\/v2\/product"}],"about":[{"href":"https:\/\/www.bibliaparalavida.com\/bo\/wp-json\/wp\/v2\/types\/product"}],"replies":[{"embeddable":true,"href":"https:\/\/www.bibliaparalavida.com\/bo\/wp-json\/wp\/v2\/comments?post=1152"}],"wp:featuredmedia":[{"embeddable":true,"href":"https:\/\/www.bibliaparalavida.com\/bo\/wp-json\/wp\/v2\/media\/1153"}],"wp:attachment":[{"href":"https:\/\/www.bibliaparalavida.com\/bo\/wp-json\/wp\/v2\/media?parent=1152"}],"wp:term":[{"taxonomy":"product_cat","embeddable":true,"href":"https:\/\/www.bibliaparalavida.com\/bo\/wp-json\/wp\/v2\/product_cat?post=1152"},{"taxonomy":"product_tag","embeddable":true,"href":"https:\/\/www.bibliaparalavida.com\/bo\/wp-json\/wp\/v2\/product_tag?post=1152"}],"curies":[{"name":"wp","href":"https:\/\/api.w.org\/{rel}","templated":true}]}}