{"id":1232,"date":"2021-11-26T15:22:13","date_gmt":"2021-11-26T15:22:13","guid":{"rendered":"https:\/\/www.bibliaparalavida.com\/bo\/?page_id=1232"},"modified":"2022-01-03T20:46:04","modified_gmt":"2022-01-03T20:46:04","slug":"biblia-inductiva","status":"publish","type":"page","link":"https:\/\/www.bibliaparalavida.com\/bo\/biblia-inductiva\/","title":{"rendered":"Biblia Inductiva"},"content":{"rendered":"\n<div class=\"wp-block-columns is-layout-flex wp-container-core-columns-is-layout-1 wp-block-columns-is-layout-flex\">\n<div class=\"wp-block-column is-layout-flow wp-block-column-is-layout-flow\">\n<p class=\"has-background\" style=\"background-color:#ccebff\">Los <strong>Manuales de Biblia Inductiva<\/strong> tiene como objetivo estudiar diferentes libros de la Biblia, vers\u00edculo por vers\u00edculo, de <strong>manera inductiva<\/strong>, a trav\u00e9s de preguntas, y con <strong>aplicaci\u00f3n <\/strong>a la <strong>vida <\/strong>cristiana y al <strong>ministerio<\/strong>.<\/p>\n<\/div>\n\n\n\n<div class=\"wp-block-column is-layout-flow wp-block-column-is-layout-flow\">\n<p>Hay dos caracter\u00edsticas que distinguen este material:<\/p>\n\n\n\n<p>1) <strong>Es 100% b\u00edblico<\/strong>, ya que usa a la Biblia como la \u00fanica referencia, y est\u00e1 libre interpretaciones o doctrinas espec\u00edficas.<br>2) <strong>Tiene un enfoque latino<\/strong>, ya que su <a href=\"https:\/\/www.bibliaparalavida.com\/bo\/acerca-del-autor\/\" data-type=\"page\" data-id=\"105\">autor<\/a> es argentino.<\/p>\n<\/div>\n<\/div>\n\n\n\n<h2 class=\"has-text-align-center has-virtue-primary-color has-text-color wp-block-heading\">Manuales de Biblia Inductiva<\/h2>\n\n\n<div data-block-name=\"woocommerce\/product-category\" data-categories=\"[52,61]\" class=\"wc-block-grid wp-block-product-category wc-block-product-category has-3-columns has-multiple-rows\"><ul class=\"wc-block-grid__products\"><li class=\"wc-block-grid__product\">\n\t\t\t\t<a href=\"https:\/\/www.bibliaparalavida.com\/bo\/prod\/timoteo-y-tito-alumno\/\" class=\"wc-block-grid__product-link\">\n\t\t\t\t\t\n\t\t\t\t\t<div class=\"wc-block-grid__product-image\"><img fetchpriority=\"high\" decoding=\"async\" width=\"300\" height=\"300\" src=\"https:\/\/www.bibliaparalavida.com\/bo\/wp-content\/uploads\/2023\/09\/Timoteo-y-Tito-Alumno-300x300.jpg\" class=\"attachment-woocommerce_thumbnail size-woocommerce_thumbnail\" alt=\"Timoteo y Tito Alumno\" srcset=\"https:\/\/www.bibliaparalavida.com\/bo\/wp-content\/uploads\/2023\/09\/Timoteo-y-Tito-Alumno-300x300.jpg 300w, https:\/\/www.bibliaparalavida.com\/bo\/wp-content\/uploads\/2023\/09\/Timoteo-y-Tito-Alumno-1024x1024.jpg 1024w, https:\/\/www.bibliaparalavida.com\/bo\/wp-content\/uploads\/2023\/09\/Timoteo-y-Tito-Alumno-150x150.jpg 150w, https:\/\/www.bibliaparalavida.com\/bo\/wp-content\/uploads\/2023\/09\/Timoteo-y-Tito-Alumno-768x768.jpg 768w, https:\/\/www.bibliaparalavida.com\/bo\/wp-content\/uploads\/2023\/09\/Timoteo-y-Tito-Alumno-75x75.jpg 75w, https:\/\/www.bibliaparalavida.com\/bo\/wp-content\/uploads\/2023\/09\/Timoteo-y-Tito-Alumno-600x600.jpg 600w, https:\/\/www.bibliaparalavida.com\/bo\/wp-content\/uploads\/2023\/09\/Timoteo-y-Tito-Alumno-100x100.jpg 100w, https:\/\/www.bibliaparalavida.com\/bo\/wp-content\/uploads\/2023\/09\/Timoteo-y-Tito-Alumno.jpg 1080w\" sizes=\"(max-width: 300px) 100vw, 300px\" \/><\/div>\n\t\t\t\t\t<div class=\"wc-block-grid__product-title\">Timoteo y Tito | Alumno (Digital)<\/div>\n\t\t\t\t<\/a>\n\t\t\t\t<div class=\"wc-block-grid__product-price price\"><span class=\"woocommerce-Price-amount amount\"><span class=\"woocommerce-Price-currencySymbol\">Bs.<\/span>36<\/span><\/div>\n\t\t\t\t\n\t\t\t\t<div class=\"wp-block-button wc-block-grid__product-add-to-cart\"><a href=\"?add-to-cart=2267\" aria-label=\"A\u00f1adir al carrito: &ldquo;Timoteo y Tito | Alumno (Digital)&rdquo;\" data-quantity=\"1\" data-product_id=\"2267\" data-product_sku=\"\" data-price=\"36\" rel=\"nofollow\" class=\"wp-block-button__link  add_to_cart_button ajax_add_to_cart\">A\u00f1adir al carrito<\/a><\/div>\n\t\t\t<\/li><li class=\"wc-block-grid__product\">\n\t\t\t\t<a href=\"https:\/\/www.bibliaparalavida.com\/bo\/prod\/timoteo-y-tito-maestro\/\" class=\"wc-block-grid__product-link\">\n\t\t\t\t\t\n\t\t\t\t\t<div class=\"wc-block-grid__product-image\"><img decoding=\"async\" width=\"300\" height=\"300\" src=\"https:\/\/www.bibliaparalavida.com\/bo\/wp-content\/uploads\/2023\/09\/Timoteo-y-Tito-Maestro-300x300.jpg\" class=\"attachment-woocommerce_thumbnail size-woocommerce_thumbnail\" alt=\"Timoteo y Tito Maestro\" srcset=\"https:\/\/www.bibliaparalavida.com\/bo\/wp-content\/uploads\/2023\/09\/Timoteo-y-Tito-Maestro-300x300.jpg 300w, https:\/\/www.bibliaparalavida.com\/bo\/wp-content\/uploads\/2023\/09\/Timoteo-y-Tito-Maestro-1024x1024.jpg 1024w, https:\/\/www.bibliaparalavida.com\/bo\/wp-content\/uploads\/2023\/09\/Timoteo-y-Tito-Maestro-150x150.jpg 150w, https:\/\/www.bibliaparalavida.com\/bo\/wp-content\/uploads\/2023\/09\/Timoteo-y-Tito-Maestro-768x768.jpg 768w, https:\/\/www.bibliaparalavida.com\/bo\/wp-content\/uploads\/2023\/09\/Timoteo-y-Tito-Maestro-75x75.jpg 75w, https:\/\/www.bibliaparalavida.com\/bo\/wp-content\/uploads\/2023\/09\/Timoteo-y-Tito-Maestro-600x600.jpg 600w, https:\/\/www.bibliaparalavida.com\/bo\/wp-content\/uploads\/2023\/09\/Timoteo-y-Tito-Maestro-100x100.jpg 100w, https:\/\/www.bibliaparalavida.com\/bo\/wp-content\/uploads\/2023\/09\/Timoteo-y-Tito-Maestro.jpg 1080w\" sizes=\"(max-width: 300px) 100vw, 300px\" \/><\/div>\n\t\t\t\t\t<div class=\"wc-block-grid__product-title\">Timoteo y Tito | Maestro (Digital)<\/div>\n\t\t\t\t<\/a>\n\t\t\t\t<div class=\"wc-block-grid__product-price price\"><span class=\"woocommerce-Price-amount amount\"><span class=\"woocommerce-Price-currencySymbol\">Bs.<\/span>56<\/span><\/div>\n\t\t\t\t\n\t\t\t\t<div class=\"wp-block-button wc-block-grid__product-add-to-cart\"><a href=\"?add-to-cart=2264\" aria-label=\"A\u00f1adir al carrito: &ldquo;Timoteo y Tito | Maestro (Digital)&rdquo;\" data-quantity=\"1\" data-product_id=\"2264\" data-product_sku=\"\" data-price=\"56\" rel=\"nofollow\" class=\"wp-block-button__link  add_to_cart_button ajax_add_to_cart\">A\u00f1adir al carrito<\/a><\/div>\n\t\t\t<\/li><li class=\"wc-block-grid__product\">\n\t\t\t\t<a href=\"https:\/\/www.bibliaparalavida.com\/bo\/prod\/proverbios\/\" class=\"wc-block-grid__product-link\">\n\t\t\t\t\t\n\t\t\t\t\t<div class=\"wc-block-grid__product-image\"><img decoding=\"async\" width=\"300\" height=\"300\" src=\"https:\/\/www.bibliaparalavida.com\/bo\/wp-content\/uploads\/2022\/12\/Proverbios-1-Tapa-Maestro-300x300.jpg\" class=\"attachment-woocommerce_thumbnail size-woocommerce_thumbnail\" alt=\"Proverbios 1 - Maestro\" srcset=\"https:\/\/www.bibliaparalavida.com\/bo\/wp-content\/uploads\/2022\/12\/Proverbios-1-Tapa-Maestro-300x300.jpg 300w, https:\/\/www.bibliaparalavida.com\/bo\/wp-content\/uploads\/2022\/12\/Proverbios-1-Tapa-Maestro-1024x1024.jpg 1024w, https:\/\/www.bibliaparalavida.com\/bo\/wp-content\/uploads\/2022\/12\/Proverbios-1-Tapa-Maestro-150x150.jpg 150w, https:\/\/www.bibliaparalavida.com\/bo\/wp-content\/uploads\/2022\/12\/Proverbios-1-Tapa-Maestro-768x768.jpg 768w, https:\/\/www.bibliaparalavida.com\/bo\/wp-content\/uploads\/2022\/12\/Proverbios-1-Tapa-Maestro-75x75.jpg 75w, https:\/\/www.bibliaparalavida.com\/bo\/wp-content\/uploads\/2022\/12\/Proverbios-1-Tapa-Maestro-600x600.jpg 600w, https:\/\/www.bibliaparalavida.com\/bo\/wp-content\/uploads\/2022\/12\/Proverbios-1-Tapa-Maestro-100x100.jpg 100w, https:\/\/www.bibliaparalavida.com\/bo\/wp-content\/uploads\/2022\/12\/Proverbios-1-Tapa-Maestro.jpg 1415w\" sizes=\"(max-width: 300px) 100vw, 300px\" \/><\/div>\n\t\t\t\t\t<div class=\"wc-block-grid__product-title\">Proverbios 1 | Maestro (Digital)<\/div>\n\t\t\t\t<\/a>\n\t\t\t\t<div class=\"wc-block-grid__product-price price\"><span class=\"woocommerce-Price-amount amount\"><span class=\"woocommerce-Price-currencySymbol\">Bs.<\/span>75<\/span><\/div>\n\t\t\t\t\n\t\t\t\t<div class=\"wp-block-button wc-block-grid__product-add-to-cart\"><a href=\"?add-to-cart=1998\" aria-label=\"A\u00f1adir al carrito: &ldquo;Proverbios 1 | Maestro (Digital)&rdquo;\" data-quantity=\"1\" data-product_id=\"1998\" data-product_sku=\"\" data-price=\"75\" rel=\"nofollow\" class=\"wp-block-button__link  add_to_cart_button ajax_add_to_cart\">A\u00f1adir al carrito<\/a><\/div>\n\t\t\t<\/li><li class=\"wc-block-grid__product\">\n\t\t\t\t<a href=\"https:\/\/www.bibliaparalavida.com\/bo\/prod\/proverbios-1-alumno\/\" class=\"wc-block-grid__product-link\">\n\t\t\t\t\t\n\t\t\t\t\t<div class=\"wc-block-grid__product-image\"><img loading=\"lazy\" decoding=\"async\" width=\"300\" height=\"300\" src=\"https:\/\/www.bibliaparalavida.com\/bo\/wp-content\/uploads\/2022\/12\/Proverbios-1-Tapa-Alumno-300x300.jpg\" class=\"attachment-woocommerce_thumbnail size-woocommerce_thumbnail\" alt=\"Proverbios 1 - Alumno\" srcset=\"https:\/\/www.bibliaparalavida.com\/bo\/wp-content\/uploads\/2022\/12\/Proverbios-1-Tapa-Alumno-300x300.jpg 300w, https:\/\/www.bibliaparalavida.com\/bo\/wp-content\/uploads\/2022\/12\/Proverbios-1-Tapa-Alumno-1024x1024.jpg 1024w, https:\/\/www.bibliaparalavida.com\/bo\/wp-content\/uploads\/2022\/12\/Proverbios-1-Tapa-Alumno-150x150.jpg 150w, https:\/\/www.bibliaparalavida.com\/bo\/wp-content\/uploads\/2022\/12\/Proverbios-1-Tapa-Alumno-768x768.jpg 768w, https:\/\/www.bibliaparalavida.com\/bo\/wp-content\/uploads\/2022\/12\/Proverbios-1-Tapa-Alumno-75x75.jpg 75w, https:\/\/www.bibliaparalavida.com\/bo\/wp-content\/uploads\/2022\/12\/Proverbios-1-Tapa-Alumno-600x600.jpg 600w, https:\/\/www.bibliaparalavida.com\/bo\/wp-content\/uploads\/2022\/12\/Proverbios-1-Tapa-Alumno-100x100.jpg 100w, https:\/\/www.bibliaparalavida.com\/bo\/wp-content\/uploads\/2022\/12\/Proverbios-1-Tapa-Alumno.jpg 1415w\" sizes=\"(max-width: 300px) 100vw, 300px\" \/><\/div>\n\t\t\t\t\t<div class=\"wc-block-grid__product-title\">Proverbios 1 | Alumno (Digital)<\/div>\n\t\t\t\t<\/a>\n\t\t\t\t<div class=\"wc-block-grid__product-price price\"><span class=\"woocommerce-Price-amount amount\"><span class=\"woocommerce-Price-currencySymbol\">Bs.<\/span>47<\/span><\/div>\n\t\t\t\t\n\t\t\t\t<div class=\"wp-block-button wc-block-grid__product-add-to-cart\"><a href=\"?add-to-cart=1993\" aria-label=\"A\u00f1adir al carrito: &ldquo;Proverbios 1 | Alumno (Digital)&rdquo;\" data-quantity=\"1\" data-product_id=\"1993\" data-product_sku=\"\" data-price=\"47\" rel=\"nofollow\" class=\"wp-block-button__link  add_to_cart_button ajax_add_to_cart\">A\u00f1adir al carrito<\/a><\/div>\n\t\t\t<\/li><li class=\"wc-block-grid__product\">\n\t\t\t\t<a href=\"https:\/\/www.bibliaparalavida.com\/bo\/prod\/corintios-maestro\/\" class=\"wc-block-grid__product-link\">\n\t\t\t\t\t\n\t\t\t\t\t<div class=\"wc-block-grid__product-image\"><img loading=\"lazy\" decoding=\"async\" width=\"300\" height=\"300\" src=\"https:\/\/www.bibliaparalavida.com\/bo\/wp-content\/uploads\/2021\/11\/Corintios-Maestro-300x300.jpg\" class=\"attachment-woocommerce_thumbnail size-woocommerce_thumbnail\" alt=\"Corintios Maestro\" srcset=\"https:\/\/www.bibliaparalavida.com\/bo\/wp-content\/uploads\/2021\/11\/Corintios-Maestro-300x300.jpg 300w, https:\/\/www.bibliaparalavida.com\/bo\/wp-content\/uploads\/2021\/11\/Corintios-Maestro-150x150.jpg 150w, https:\/\/www.bibliaparalavida.com\/bo\/wp-content\/uploads\/2021\/11\/Corintios-Maestro-768x768.jpg 768w, https:\/\/www.bibliaparalavida.com\/bo\/wp-content\/uploads\/2021\/11\/Corintios-Maestro-75x75.jpg 75w, https:\/\/www.bibliaparalavida.com\/bo\/wp-content\/uploads\/2021\/11\/Corintios-Maestro-600x600.jpg 600w, https:\/\/www.bibliaparalavida.com\/bo\/wp-content\/uploads\/2021\/11\/Corintios-Maestro-100x100.jpg 100w, https:\/\/www.bibliaparalavida.com\/bo\/wp-content\/uploads\/2021\/11\/Corintios-Maestro.jpg 1000w\" sizes=\"(max-width: 300px) 100vw, 300px\" \/><\/div>\n\t\t\t\t\t<div class=\"wc-block-grid__product-title\">Corintios | Maestro (Digital)<\/div>\n\t\t\t\t<\/a>\n\t\t\t\t<div class=\"wc-block-grid__product-price price\"><span class=\"woocommerce-Price-amount amount\"><span class=\"woocommerce-Price-currencySymbol\">Bs.<\/span>72<\/span><\/div>\n\t\t\t\t\n\t\t\t\t<div class=\"wp-block-button wc-block-grid__product-add-to-cart\"><a href=\"?add-to-cart=1152\" aria-label=\"A\u00f1adir al carrito: &ldquo;Corintios | Maestro (Digital)&rdquo;\" data-quantity=\"1\" data-product_id=\"1152\" data-product_sku=\"\" data-price=\"72\" rel=\"nofollow\" class=\"wp-block-button__link  add_to_cart_button ajax_add_to_cart\">A\u00f1adir al carrito<\/a><\/div>\n\t\t\t<\/li><li class=\"wc-block-grid__product\">\n\t\t\t\t<a href=\"https:\/\/www.bibliaparalavida.com\/bo\/prod\/corintios-alumno\/\" class=\"wc-block-grid__product-link\">\n\t\t\t\t\t\n\t\t\t\t\t<div class=\"wc-block-grid__product-image\"><img loading=\"lazy\" decoding=\"async\" width=\"300\" height=\"300\" src=\"https:\/\/www.bibliaparalavida.com\/bo\/wp-content\/uploads\/2021\/11\/Corintios-Alumno-300x300.jpg\" class=\"attachment-woocommerce_thumbnail size-woocommerce_thumbnail\" alt=\"Corintios Alumno\" srcset=\"https:\/\/www.bibliaparalavida.com\/bo\/wp-content\/uploads\/2021\/11\/Corintios-Alumno-300x300.jpg 300w, https:\/\/www.bibliaparalavida.com\/bo\/wp-content\/uploads\/2021\/11\/Corintios-Alumno-150x150.jpg 150w, https:\/\/www.bibliaparalavida.com\/bo\/wp-content\/uploads\/2021\/11\/Corintios-Alumno-768x768.jpg 768w, https:\/\/www.bibliaparalavida.com\/bo\/wp-content\/uploads\/2021\/11\/Corintios-Alumno-75x75.jpg 75w, https:\/\/www.bibliaparalavida.com\/bo\/wp-content\/uploads\/2021\/11\/Corintios-Alumno-600x600.jpg 600w, https:\/\/www.bibliaparalavida.com\/bo\/wp-content\/uploads\/2021\/11\/Corintios-Alumno-100x100.jpg 100w, https:\/\/www.bibliaparalavida.com\/bo\/wp-content\/uploads\/2021\/11\/Corintios-Alumno.jpg 1000w\" sizes=\"(max-width: 300px) 100vw, 300px\" \/><\/div>\n\t\t\t\t\t<div class=\"wc-block-grid__product-title\">Corintios | Alumno (Digital)<\/div>\n\t\t\t\t<\/a>\n\t\t\t\t<div class=\"wc-block-grid__product-price price\"><span class=\"woocommerce-Price-amount amount\"><span class=\"woocommerce-Price-currencySymbol\">Bs.<\/span>45<\/span><\/div>\n\t\t\t\t\n\t\t\t\t<div class=\"wp-block-button wc-block-grid__product-add-to-cart\"><a href=\"?add-to-cart=1149\" aria-label=\"A\u00f1adir al carrito: &ldquo;Corintios | Alumno (Digital)&rdquo;\" data-quantity=\"1\" data-product_id=\"1149\" data-product_sku=\"\" data-price=\"45\" rel=\"nofollow\" class=\"wp-block-button__link  add_to_cart_button ajax_add_to_cart\">A\u00f1adir al carrito<\/a><\/div>\n\t\t\t<\/li><\/ul><\/div>","protected":false},"excerpt":{"rendered":"<p>Los Manuales de Biblia Inductiva tiene como objetivo estudiar diferentes libros de la Biblia, vers\u00edculo por vers\u00edculo, de manera inductiva, a trav\u00e9s de preguntas, y con aplicaci\u00f3n a la vida cristiana y al ministerio. Hay dos caracter\u00edsticas que distinguen este material: 1) Es 100% b\u00edblico, ya que usa a la Biblia como la \u00fanica referencia, [&hellip;]<\/p>\n","protected":false},"author":2,"featured_media":0,"parent":0,"menu_order":0,"comment_status":"closed","ping_status":"closed","template":"","meta":{"_joinchat":{"message_send":"Quisiera informaci\u00f3n sobre los Manuales de Biblia Inductiva."},"footnotes":""},"class_list":["post-1232","page","type-page","status-publish","hentry"],"yoast_head":"<!-- This site is optimized with the Yoast SEO plugin v23.1 - https:\/\/yoast.com\/wordpress\/plugins\/seo\/ -->\n<title>Biblia Inductiva - Biblia para la Vida<\/title>\n<meta name=\"robots\" content=\"index, follow, max-snippet:-1, max-image-preview:large, max-video-preview:-1\" \/>\n<link rel=\"canonical\" href=\"https:\/\/www.bibliaparalavida.com\/bo\/biblia-inductiva\/\" \/>\n<meta property=\"og:locale\" content=\"es_ES\" \/>\n<meta property=\"og:type\" content=\"article\" \/>\n<meta property=\"og:title\" content=\"Biblia Inductiva - Biblia para la Vida\" \/>\n<meta property=\"og:description\" content=\"Los Manuales de Biblia Inductiva tiene como objetivo estudiar diferentes libros de la Biblia, vers\u00edculo por vers\u00edculo, de manera inductiva, a trav\u00e9s de preguntas, y con aplicaci\u00f3n a la vida cristiana y al ministerio. Hay dos caracter\u00edsticas que distinguen este material: 1) Es 100% b\u00edblico, ya que usa a la Biblia como la \u00fanica referencia, [&hellip;]\" \/>\n<meta property=\"og:url\" content=\"https:\/\/www.bibliaparalavida.com\/bo\/biblia-inductiva\/\" \/>\n<meta property=\"og:site_name\" content=\"Biblia para la Vida\" \/>\n<meta property=\"article:publisher\" content=\"https:\/\/www.facebook.com\/BibliaParaLaVida\" \/>\n<meta property=\"article:modified_time\" content=\"2022-01-03T20:46:04+00:00\" \/>\n<meta name=\"twitter:card\" content=\"summary_large_image\" \/>\n<script type=\"application\/ld+json\" class=\"yoast-schema-graph\">{\"@context\":\"https:\/\/schema.org\",\"@graph\":[{\"@type\":\"WebPage\",\"@id\":\"https:\/\/www.bibliaparalavida.com\/bo\/biblia-inductiva\/\",\"url\":\"https:\/\/www.bibliaparalavida.com\/bo\/biblia-inductiva\/\",\"name\":\"Biblia Inductiva - Biblia para la Vida\",\"isPartOf\":{\"@id\":\"https:\/\/www.bibliaparalavida.com\/bo\/#website\"},\"datePublished\":\"2021-11-26T15:22:13+00:00\",\"dateModified\":\"2022-01-03T20:46:04+00:00\",\"breadcrumb\":{\"@id\":\"https:\/\/www.bibliaparalavida.com\/bo\/biblia-inductiva\/#breadcrumb\"},\"inLanguage\":\"es\",\"potentialAction\":[{\"@type\":\"ReadAction\",\"target\":[\"https:\/\/www.bibliaparalavida.com\/bo\/biblia-inductiva\/\"]}]},{\"@type\":\"BreadcrumbList\",\"@id\":\"https:\/\/www.bibliaparalavida.com\/bo\/biblia-inductiva\/#breadcrumb\",\"itemListElement\":[{\"@type\":\"ListItem\",\"position\":1,\"name\":\"Portada\",\"item\":\"https:\/\/www.bibliaparalavida.com\/bo\/\"},{\"@type\":\"ListItem\",\"position\":2,\"name\":\"Biblia Inductiva\"}]},{\"@type\":\"WebSite\",\"@id\":\"https:\/\/www.bibliaparalavida.com\/bo\/#website\",\"url\":\"https:\/\/www.bibliaparalavida.com\/bo\/\",\"name\":\"Biblia para la Vida BOLIVIA\",\"description\":\"Aplica la Biblia a tu vida\",\"publisher\":{\"@id\":\"https:\/\/www.bibliaparalavida.com\/bo\/#organization\"},\"potentialAction\":[{\"@type\":\"SearchAction\",\"target\":{\"@type\":\"EntryPoint\",\"urlTemplate\":\"https:\/\/www.bibliaparalavida.com\/bo\/?s={search_term_string}\"},\"query-input\":\"required name=search_term_string\"}],\"inLanguage\":\"es\"},{\"@type\":\"Organization\",\"@id\":\"https:\/\/www.bibliaparalavida.com\/bo\/#organization\",\"name\":\"Biblia para la Vida BOLIVIA\",\"url\":\"https:\/\/www.bibliaparalavida.com\/bo\/\",\"logo\":{\"@type\":\"ImageObject\",\"inLanguage\":\"es\",\"@id\":\"https:\/\/www.bibliaparalavida.com\/bo\/#\/schema\/logo\/image\/\",\"url\":\"https:\/\/www.bibliaparalavida.com\/bo\/wp-content\/uploads\/2024\/08\/Logo-BPLV-Horiz-320-BO.png\",\"contentUrl\":\"https:\/\/www.bibliaparalavida.com\/bo\/wp-content\/uploads\/2024\/08\/Logo-BPLV-Horiz-320-BO.png\",\"width\":320,\"height\":87,\"caption\":\"Biblia para la Vida BOLIVIA\"},\"image\":{\"@id\":\"https:\/\/www.bibliaparalavida.com\/bo\/#\/schema\/logo\/image\/\"},\"sameAs\":[\"https:\/\/www.facebook.com\/BibliaParaLaVida\",\"https:\/\/www.instagram.com\/bibliaparalavidaig\"]}]}<\/script>\n<!-- \/ Yoast SEO plugin. -->","yoast_head_json":{"title":"Biblia Inductiva - Biblia para la Vida","robots":{"index":"index","follow":"follow","max-snippet":"max-snippet:-1","max-image-preview":"max-image-preview:large","max-video-preview":"max-video-preview:-1"},"canonical":"https:\/\/www.bibliaparalavida.com\/bo\/biblia-inductiva\/","og_locale":"es_ES","og_type":"article","og_title":"Biblia Inductiva - Biblia para la Vida","og_description":"Los Manuales de Biblia Inductiva tiene como objetivo estudiar diferentes libros de la Biblia, vers\u00edculo por vers\u00edculo, de manera inductiva, a trav\u00e9s de preguntas, y con aplicaci\u00f3n a la vida cristiana y al ministerio. Hay dos caracter\u00edsticas que distinguen este material: 1) Es 100% b\u00edblico, ya que usa a la Biblia como la \u00fanica referencia, [&hellip;]","og_url":"https:\/\/www.bibliaparalavida.com\/bo\/biblia-inductiva\/","og_site_name":"Biblia para la Vida","article_publisher":"https:\/\/www.facebook.com\/BibliaParaLaVida","article_modified_time":"2022-01-03T20:46:04+00:00","twitter_card":"summary_large_image","schema":{"@context":"https:\/\/schema.org","@graph":[{"@type":"WebPage","@id":"https:\/\/www.bibliaparalavida.com\/bo\/biblia-inductiva\/","url":"https:\/\/www.bibliaparalavida.com\/bo\/biblia-inductiva\/","name":"Biblia Inductiva - Biblia para la Vida","isPartOf":{"@id":"https:\/\/www.bibliaparalavida.com\/bo\/#website"},"datePublished":"2021-11-26T15:22:13+00:00","dateModified":"2022-01-03T20:46:04+00:00","breadcrumb":{"@id":"https:\/\/www.bibliaparalavida.com\/bo\/biblia-inductiva\/#breadcrumb"},"inLanguage":"es","potentialAction":[{"@type":"ReadAction","target":["https:\/\/www.bibliaparalavida.com\/bo\/biblia-inductiva\/"]}]},{"@type":"BreadcrumbList","@id":"https:\/\/www.bibliaparalavida.com\/bo\/biblia-inductiva\/#breadcrumb","itemListElement":[{"@type":"ListItem","position":1,"name":"Portada","item":"https:\/\/www.bibliaparalavida.com\/bo\/"},{"@type":"ListItem","position":2,"name":"Biblia Inductiva"}]},{"@type":"WebSite","@id":"https:\/\/www.bibliaparalavida.com\/bo\/#website","url":"https:\/\/www.bibliaparalavida.com\/bo\/","name":"Biblia para la Vida BOLIVIA","description":"Aplica la Biblia a tu vida","publisher":{"@id":"https:\/\/www.bibliaparalavida.com\/bo\/#organization"},"potentialAction":[{"@type":"SearchAction","target":{"@type":"EntryPoint","urlTemplate":"https:\/\/www.bibliaparalavida.com\/bo\/?s={search_term_string}"},"query-input":"required name=search_term_string"}],"inLanguage":"es"},{"@type":"Organization","@id":"https:\/\/www.bibliaparalavida.com\/bo\/#organization","name":"Biblia para la Vida BOLIVIA","url":"https:\/\/www.bibliaparalavida.com\/bo\/","logo":{"@type":"ImageObject","inLanguage":"es","@id":"https:\/\/www.bibliaparalavida.com\/bo\/#\/schema\/logo\/image\/","url":"https:\/\/www.bibliaparalavida.com\/bo\/wp-content\/uploads\/2024\/08\/Logo-BPLV-Horiz-320-BO.png","contentUrl":"https:\/\/www.bibliaparalavida.com\/bo\/wp-content\/uploads\/2024\/08\/Logo-BPLV-Horiz-320-BO.png","width":320,"height":87,"caption":"Biblia para la Vida BOLIVIA"},"image":{"@id":"https:\/\/www.bibliaparalavida.com\/bo\/#\/schema\/logo\/image\/"},"sameAs":["https:\/\/www.facebook.com\/BibliaParaLaVida","https:\/\/www.instagram.com\/bibliaparalavidaig"]}]}},"_links":{"self":[{"href":"https:\/\/www.bibliaparalavida.com\/bo\/wp-json\/wp\/v2\/pages\/1232"}],"collection":[{"href":"https:\/\/www.bibliaparalavida.com\/bo\/wp-json\/wp\/v2\/pages"}],"about":[{"href":"https:\/\/www.bibliaparalavida.com\/bo\/wp-json\/wp\/v2\/types\/page"}],"author":[{"embeddable":true,"href":"https:\/\/www.bibliaparalavida.com\/bo\/wp-json\/wp\/v2\/users\/2"}],"replies":[{"embeddable":true,"href":"https:\/\/www.bibliaparalavida.com\/bo\/wp-json\/wp\/v2\/comments?post=1232"}],"version-history":[{"count":4,"href":"https:\/\/www.bibliaparalavida.com\/bo\/wp-json\/wp\/v2\/pages\/1232\/revisions"}],"predecessor-version":[{"id":1341,"href":"https:\/\/www.bibliaparalavida.com\/bo\/wp-json\/wp\/v2\/pages\/1232\/revisions\/1341"}],"wp:attachment":[{"href":"https:\/\/www.bibliaparalavida.com\/bo\/wp-json\/wp\/v2\/media?parent=1232"}],"curies":[{"name":"wp","href":"https:\/\/api.w.org\/{rel}","templated":true}]}}