{"id":1221,"date":"2021-11-26T15:02:37","date_gmt":"2021-11-26T15:02:37","guid":{"rendered":"https:\/\/www.bibliaparalavida.com\/bo\/?page_id=1221"},"modified":"2024-10-16T21:36:11","modified_gmt":"2024-10-16T21:36:11","slug":"mentoreo-biblico","status":"publish","type":"page","link":"https:\/\/www.bibliaparalavida.com\/bo\/mentoreo-biblico\/","title":{"rendered":"Mentoreo B\u00edblico (Papel)"},"content":{"rendered":"\n<div class=\"wp-block-columns is-layout-flex wp-container-core-columns-is-layout-1 wp-block-columns-is-layout-flex\">\n<div class=\"wp-block-column is-layout-flow wp-block-column-is-layout-flow\">\n<p class=\"has-background\" style=\"background-color:#ccebff\">Los <strong><a href=\"https:\/\/www.bibliaparalavida.com\/bo\/serie\/mentoreo-biblico\/\" data-type=\"product_cat\" data-id=\"51\">Manuales B\u00edblicos de Discipulado y Mentoreo<\/a> <\/strong>tienen como prop\u00f3sito aportar a la iglesia local una herramienta b\u00edblica, pr\u00e1ctica y sistem\u00e1tica para guiar a cada persona en su crecimiento espiritual, desde sus primeros pasos en la <strong>vida cristiana <\/strong>hasta ser un <strong>obrero <\/strong>o <strong>l\u00edder <\/strong>cristiano.<\/p>\n<\/div>\n\n\n\n<div class=\"wp-block-column is-layout-flow wp-block-column-is-layout-flow\">\n<p>Hay dos caracter\u00edsticas que distinguen este material:<\/p>\n\n\n\n<p>1) <strong>Es 100% b\u00edblico<\/strong>, ya que usa a la Biblia como la principal referencia, y est\u00e1 libre interpretaciones o doctrinas espec\u00edficas. <br>2) <strong>Tiene un enfoque latino<\/strong>, ya que su <a href=\"https:\/\/www.bibliaparalavida.com\/bo\/acerca-del-autor\/\" data-type=\"page\" data-id=\"105\">autor<\/a> es argentino.<\/p>\n<\/div>\n<\/div>\n\n\n\n<hr class=\"wp-block-separator has-css-opacity\"\/>\n\n\n\n<h2 class=\"wp-block-heading has-text-align-center has-virtue-primary-color has-text-color\">Manuales de Discipulado y Mentoreo B\u00edblico (Papel)<\/h2>\n\n\n\n<p class=\"has-text-align-center\"><strong><a href=\"https:\/\/www.bibliaparalavida.com\/bo\/mentoreo-biblico-digital\/\">\u00bfPrefieres digital? Haz click aqu\u00ed<\/a><\/strong><\/p>\n\n\n<div class=\"woocommerce columns-4 \"><ul class=\"products columns-4\">\n<li class=\"product type-product post-2537 status-publish first instock product_cat-papel product_tag-billy-saint has-post-thumbnail shipping-taxable purchasable product-type-simple\">\n\t<div class=\"sml-product-image-wrapp\">\t\t<div class = \"sml-add-to-wishlist-wrap\">\n\t\t\t<div class=\"sml-quick-view-wrapp\"><\/div><\/div>\n\t<div class=\"sml-product-wrapp\">\n\t\t<a href=\"https:\/\/www.bibliaparalavida.com\/bo\/prod\/liderazgo-cristiano-papel\/\" class=\"woocommerce-LoopProduct-link woocommerce-loop-product__link\"><img fetchpriority=\"high\" decoding=\"async\" width=\"300\" height=\"300\" src=\"https:\/\/www.bibliaparalavida.com\/bo\/wp-content\/uploads\/2021\/11\/Liderazgo-Cristiano-tapa1-300x300.jpg\" class=\"attachment-woocommerce_thumbnail size-woocommerce_thumbnail\" alt=\"Manual B\u00edblico de Liderazgo Cristiano\" srcset=\"https:\/\/www.bibliaparalavida.com\/bo\/wp-content\/uploads\/2021\/11\/Liderazgo-Cristiano-tapa1-300x300.jpg 300w, https:\/\/www.bibliaparalavida.com\/bo\/wp-content\/uploads\/2021\/11\/Liderazgo-Cristiano-tapa1-150x150.jpg 150w, https:\/\/www.bibliaparalavida.com\/bo\/wp-content\/uploads\/2021\/11\/Liderazgo-Cristiano-tapa1-768x768.jpg 768w, https:\/\/www.bibliaparalavida.com\/bo\/wp-content\/uploads\/2021\/11\/Liderazgo-Cristiano-tapa1-75x75.jpg 75w, https:\/\/www.bibliaparalavida.com\/bo\/wp-content\/uploads\/2021\/11\/Liderazgo-Cristiano-tapa1-600x600.jpg 600w, https:\/\/www.bibliaparalavida.com\/bo\/wp-content\/uploads\/2021\/11\/Liderazgo-Cristiano-tapa1-100x100.jpg 100w, https:\/\/www.bibliaparalavida.com\/bo\/wp-content\/uploads\/2021\/11\/Liderazgo-Cristiano-tapa1.jpg 1000w\" sizes=\"(max-width: 300px) 100vw, 300px\" \/><\/a>\t<\/div>\n\t<\/div><div class=\"sml-product-title-wrapp\"><h2 class=\"woocommerce-loop-product__title\"><a href=\"https:\/\/www.bibliaparalavida.com\/bo\/prod\/liderazgo-cristiano-papel\/\" class=\"woocommerce-LoopProduct-link woocommerce-loop-product__link\">Manual de Liderazgo Cristiano (Papel)<\/a><\/h2><div class=\"sml-price-wrap\">\n\t<span class=\"price\"><span class=\"woocommerce-Price-amount amount\"><bdi><span class=\"woocommerce-Price-currencySymbol\">Bs.<\/span>75<\/bdi><\/span><\/span>\n\t<div class = \"sml-add-to-cart-wrap\">\n\t\t<a href=\"?add-to-cart=2537\" aria-describedby=\"woocommerce_loop_add_to_cart_link_describedby_2537\" data-quantity=\"1\" class=\"button product_type_simple add_to_cart_button ajax_add_to_cart\" data-product_id=\"2537\" data-product_sku=\"\" aria-label=\"A\u00f1adir al carrito: &ldquo;Manual de Liderazgo Cristiano (Papel)&rdquo;\" rel=\"nofollow\">Ver detalle<\/a><span id=\"woocommerce_loop_add_to_cart_link_describedby_2537\" class=\"screen-reader-text\">\n\t<\/span>\n<\/div>\n<\/div><\/div><\/li>\n<li class=\"product type-product post-2534 status-publish instock product_cat-papel product_tag-billy-saint has-post-thumbnail shipping-taxable purchasable product-type-simple\">\n\t<div class=\"sml-product-image-wrapp\">\t\t<div class = \"sml-add-to-wishlist-wrap\">\n\t\t\t<div class=\"sml-quick-view-wrapp\"><\/div><\/div>\n\t<div class=\"sml-product-wrapp\">\n\t\t<a href=\"https:\/\/www.bibliaparalavida.com\/bo\/prod\/matrimonios\/\" class=\"woocommerce-LoopProduct-link woocommerce-loop-product__link\"><img decoding=\"async\" width=\"300\" height=\"300\" src=\"https:\/\/www.bibliaparalavida.com\/bo\/wp-content\/uploads\/2024\/04\/Matrimonios-300x300.jpg\" class=\"attachment-woocommerce_thumbnail size-woocommerce_thumbnail\" alt=\"Manual B\u00edblico para Matrimonios y Parejas\" srcset=\"https:\/\/www.bibliaparalavida.com\/bo\/wp-content\/uploads\/2024\/04\/Matrimonios-300x300.jpg 300w, https:\/\/www.bibliaparalavida.com\/bo\/wp-content\/uploads\/2024\/04\/Matrimonios-150x150.jpg 150w, https:\/\/www.bibliaparalavida.com\/bo\/wp-content\/uploads\/2024\/04\/Matrimonios-768x768.jpg 768w, https:\/\/www.bibliaparalavida.com\/bo\/wp-content\/uploads\/2024\/04\/Matrimonios-75x75.jpg 75w, https:\/\/www.bibliaparalavida.com\/bo\/wp-content\/uploads\/2024\/04\/Matrimonios-600x600.jpg 600w, https:\/\/www.bibliaparalavida.com\/bo\/wp-content\/uploads\/2024\/04\/Matrimonios-100x100.jpg 100w, https:\/\/www.bibliaparalavida.com\/bo\/wp-content\/uploads\/2024\/04\/Matrimonios.jpg 842w\" sizes=\"(max-width: 300px) 100vw, 300px\" \/><\/a>\t<\/div>\n\t<\/div><div class=\"sml-product-title-wrapp\"><h2 class=\"woocommerce-loop-product__title\"><a href=\"https:\/\/www.bibliaparalavida.com\/bo\/prod\/matrimonios\/\" class=\"woocommerce-LoopProduct-link woocommerce-loop-product__link\">Manual para Matrimonios (Papel)<\/a><\/h2><div class=\"sml-price-wrap\">\n\t<span class=\"price\"><span class=\"woocommerce-Price-amount amount\"><bdi><span class=\"woocommerce-Price-currencySymbol\">Bs.<\/span>108<\/bdi><\/span><\/span>\n\t<div class = \"sml-add-to-cart-wrap\">\n\t\t<a href=\"?add-to-cart=2534\" aria-describedby=\"woocommerce_loop_add_to_cart_link_describedby_2534\" data-quantity=\"1\" class=\"button product_type_simple add_to_cart_button ajax_add_to_cart\" data-product_id=\"2534\" data-product_sku=\"\" aria-label=\"A\u00f1adir al carrito: &ldquo;Manual para Matrimonios (Papel)&rdquo;\" rel=\"nofollow\">Ver detalle<\/a><span id=\"woocommerce_loop_add_to_cart_link_describedby_2534\" class=\"screen-reader-text\">\n\t<\/span>\n<\/div>\n<\/div><\/div><\/li>\n<li class=\"product type-product post-2560 status-publish instock product_cat-papel product_tag-billy-saint has-post-thumbnail shipping-taxable purchasable product-type-simple\">\n\t<div class=\"sml-product-image-wrapp\">\t\t<div class = \"sml-add-to-wishlist-wrap\">\n\t\t\t<div class=\"sml-quick-view-wrapp\"><\/div><\/div>\n\t<div class=\"sml-product-wrapp\">\n\t\t<a href=\"https:\/\/www.bibliaparalavida.com\/bo\/prod\/liderazgo-juvenil-papel\/\" class=\"woocommerce-LoopProduct-link woocommerce-loop-product__link\"><img decoding=\"async\" width=\"300\" height=\"300\" src=\"https:\/\/www.bibliaparalavida.com\/bo\/wp-content\/uploads\/2021\/11\/Liderazgo-Juvenil-tapa1-300x300.jpg\" class=\"attachment-woocommerce_thumbnail size-woocommerce_thumbnail\" alt=\"Manual B\u00edblico de Liderazgo Juvenil\" srcset=\"https:\/\/www.bibliaparalavida.com\/bo\/wp-content\/uploads\/2021\/11\/Liderazgo-Juvenil-tapa1-300x300.jpg 300w, https:\/\/www.bibliaparalavida.com\/bo\/wp-content\/uploads\/2021\/11\/Liderazgo-Juvenil-tapa1-1024x1024.jpg 1024w, https:\/\/www.bibliaparalavida.com\/bo\/wp-content\/uploads\/2021\/11\/Liderazgo-Juvenil-tapa1-150x150.jpg 150w, https:\/\/www.bibliaparalavida.com\/bo\/wp-content\/uploads\/2021\/11\/Liderazgo-Juvenil-tapa1-768x768.jpg 768w, https:\/\/www.bibliaparalavida.com\/bo\/wp-content\/uploads\/2021\/11\/Liderazgo-Juvenil-tapa1-75x75.jpg 75w, https:\/\/www.bibliaparalavida.com\/bo\/wp-content\/uploads\/2021\/11\/Liderazgo-Juvenil-tapa1-600x600.jpg 600w, https:\/\/www.bibliaparalavida.com\/bo\/wp-content\/uploads\/2021\/11\/Liderazgo-Juvenil-tapa1-100x100.jpg 100w, https:\/\/www.bibliaparalavida.com\/bo\/wp-content\/uploads\/2021\/11\/Liderazgo-Juvenil-tapa1.jpg 1263w\" sizes=\"(max-width: 300px) 100vw, 300px\" \/><\/a>\t<\/div>\n\t<\/div><div class=\"sml-product-title-wrapp\"><h2 class=\"woocommerce-loop-product__title\"><a href=\"https:\/\/www.bibliaparalavida.com\/bo\/prod\/liderazgo-juvenil-papel\/\" class=\"woocommerce-LoopProduct-link woocommerce-loop-product__link\">Manual de Liderazgo Juvenil (Papel)<\/a><\/h2><div class=\"sml-price-wrap\">\n\t<span class=\"price\"><span class=\"woocommerce-Price-amount amount\"><bdi><span class=\"woocommerce-Price-currencySymbol\">Bs.<\/span>96<\/bdi><\/span><\/span>\n\t<div class = \"sml-add-to-cart-wrap\">\n\t\t<a href=\"?add-to-cart=2560\" aria-describedby=\"woocommerce_loop_add_to_cart_link_describedby_2560\" data-quantity=\"1\" class=\"button product_type_simple add_to_cart_button ajax_add_to_cart\" data-product_id=\"2560\" data-product_sku=\"\" aria-label=\"A\u00f1adir al carrito: &ldquo;Manual de Liderazgo Juvenil (Papel)&rdquo;\" rel=\"nofollow\">Ver detalle<\/a><span id=\"woocommerce_loop_add_to_cart_link_describedby_2560\" class=\"screen-reader-text\">\n\t<\/span>\n<\/div>\n<\/div><\/div><\/li>\n<\/ul>\n<\/div>\n","protected":false},"excerpt":{"rendered":"<p>Los Manuales B\u00edblicos de Discipulado y Mentoreo tienen como prop\u00f3sito aportar a la iglesia local una herramienta b\u00edblica, pr\u00e1ctica y sistem\u00e1tica para guiar a cada persona en su crecimiento espiritual, desde sus primeros pasos en la vida cristiana hasta ser un obrero o l\u00edder cristiano. Hay dos caracter\u00edsticas que distinguen este material: 1) Es 100% [&hellip;]<\/p>\n","protected":false},"author":2,"featured_media":0,"parent":0,"menu_order":0,"comment_status":"closed","ping_status":"closed","template":"","meta":{"_joinchat":{"message_send":"Quisiera informaci\u00f3n sobre los Manuales de Mentoreo B\u00edblico."},"footnotes":""},"class_list":["post-1221","page","type-page","status-publish","hentry"],"yoast_head":"<!-- This site is optimized with the Yoast SEO plugin v23.1 - https:\/\/yoast.com\/wordpress\/plugins\/seo\/ -->\n<title>Mentoreo B\u00edblico (Papel) - Biblia para la Vida<\/title>\n<meta name=\"robots\" content=\"index, follow, max-snippet:-1, max-image-preview:large, max-video-preview:-1\" \/>\n<link rel=\"canonical\" href=\"https:\/\/www.bibliaparalavida.com\/bo\/mentoreo-biblico\/\" \/>\n<meta property=\"og:locale\" content=\"es_ES\" \/>\n<meta property=\"og:type\" content=\"article\" \/>\n<meta property=\"og:title\" content=\"Mentoreo B\u00edblico (Papel) - Biblia para la Vida\" \/>\n<meta property=\"og:description\" content=\"Los Manuales B\u00edblicos de Discipulado y Mentoreo tienen como prop\u00f3sito aportar a la iglesia local una herramienta b\u00edblica, pr\u00e1ctica y sistem\u00e1tica para guiar a cada persona en su crecimiento espiritual, desde sus primeros pasos en la vida cristiana hasta ser un obrero o l\u00edder cristiano. Hay dos caracter\u00edsticas que distinguen este material: 1) Es 100% [&hellip;]\" \/>\n<meta property=\"og:url\" content=\"https:\/\/www.bibliaparalavida.com\/bo\/mentoreo-biblico\/\" \/>\n<meta property=\"og:site_name\" content=\"Biblia para la Vida\" \/>\n<meta property=\"article:publisher\" content=\"https:\/\/www.facebook.com\/BibliaParaLaVida\" \/>\n<meta property=\"article:modified_time\" content=\"2024-10-16T21:36:11+00:00\" \/>\n<meta name=\"twitter:card\" content=\"summary_large_image\" \/>\n<meta name=\"twitter:label1\" content=\"Tiempo de lectura\" \/>\n\t<meta name=\"twitter:data1\" content=\"1 minuto\" \/>\n<script type=\"application\/ld+json\" class=\"yoast-schema-graph\">{\"@context\":\"https:\/\/schema.org\",\"@graph\":[{\"@type\":\"WebPage\",\"@id\":\"https:\/\/www.bibliaparalavida.com\/bo\/mentoreo-biblico\/\",\"url\":\"https:\/\/www.bibliaparalavida.com\/bo\/mentoreo-biblico\/\",\"name\":\"Mentoreo B\u00edblico (Papel) - Biblia para la Vida\",\"isPartOf\":{\"@id\":\"https:\/\/www.bibliaparalavida.com\/bo\/#website\"},\"datePublished\":\"2021-11-26T15:02:37+00:00\",\"dateModified\":\"2024-10-16T21:36:11+00:00\",\"breadcrumb\":{\"@id\":\"https:\/\/www.bibliaparalavida.com\/bo\/mentoreo-biblico\/#breadcrumb\"},\"inLanguage\":\"es\",\"potentialAction\":[{\"@type\":\"ReadAction\",\"target\":[\"https:\/\/www.bibliaparalavida.com\/bo\/mentoreo-biblico\/\"]}]},{\"@type\":\"BreadcrumbList\",\"@id\":\"https:\/\/www.bibliaparalavida.com\/bo\/mentoreo-biblico\/#breadcrumb\",\"itemListElement\":[{\"@type\":\"ListItem\",\"position\":1,\"name\":\"Portada\",\"item\":\"https:\/\/www.bibliaparalavida.com\/bo\/\"},{\"@type\":\"ListItem\",\"position\":2,\"name\":\"Mentoreo B\u00edblico (Papel)\"}]},{\"@type\":\"WebSite\",\"@id\":\"https:\/\/www.bibliaparalavida.com\/bo\/#website\",\"url\":\"https:\/\/www.bibliaparalavida.com\/bo\/\",\"name\":\"Biblia para la Vida BOLIVIA\",\"description\":\"Aplica la Biblia a tu vida\",\"publisher\":{\"@id\":\"https:\/\/www.bibliaparalavida.com\/bo\/#organization\"},\"potentialAction\":[{\"@type\":\"SearchAction\",\"target\":{\"@type\":\"EntryPoint\",\"urlTemplate\":\"https:\/\/www.bibliaparalavida.com\/bo\/?s={search_term_string}\"},\"query-input\":\"required name=search_term_string\"}],\"inLanguage\":\"es\"},{\"@type\":\"Organization\",\"@id\":\"https:\/\/www.bibliaparalavida.com\/bo\/#organization\",\"name\":\"Biblia para la Vida BOLIVIA\",\"url\":\"https:\/\/www.bibliaparalavida.com\/bo\/\",\"logo\":{\"@type\":\"ImageObject\",\"inLanguage\":\"es\",\"@id\":\"https:\/\/www.bibliaparalavida.com\/bo\/#\/schema\/logo\/image\/\",\"url\":\"https:\/\/www.bibliaparalavida.com\/bo\/wp-content\/uploads\/2024\/08\/Logo-BPLV-Horiz-320-BO.png\",\"contentUrl\":\"https:\/\/www.bibliaparalavida.com\/bo\/wp-content\/uploads\/2024\/08\/Logo-BPLV-Horiz-320-BO.png\",\"width\":320,\"height\":87,\"caption\":\"Biblia para la Vida BOLIVIA\"},\"image\":{\"@id\":\"https:\/\/www.bibliaparalavida.com\/bo\/#\/schema\/logo\/image\/\"},\"sameAs\":[\"https:\/\/www.facebook.com\/BibliaParaLaVida\",\"https:\/\/www.instagram.com\/bibliaparalavidaig\"]}]}<\/script>\n<!-- \/ Yoast SEO plugin. -->","yoast_head_json":{"title":"Mentoreo B\u00edblico (Papel) - Biblia para la Vida","robots":{"index":"index","follow":"follow","max-snippet":"max-snippet:-1","max-image-preview":"max-image-preview:large","max-video-preview":"max-video-preview:-1"},"canonical":"https:\/\/www.bibliaparalavida.com\/bo\/mentoreo-biblico\/","og_locale":"es_ES","og_type":"article","og_title":"Mentoreo B\u00edblico (Papel) - Biblia para la Vida","og_description":"Los Manuales B\u00edblicos de Discipulado y Mentoreo tienen como prop\u00f3sito aportar a la iglesia local una herramienta b\u00edblica, pr\u00e1ctica y sistem\u00e1tica para guiar a cada persona en su crecimiento espiritual, desde sus primeros pasos en la vida cristiana hasta ser un obrero o l\u00edder cristiano. Hay dos caracter\u00edsticas que distinguen este material: 1) Es 100% [&hellip;]","og_url":"https:\/\/www.bibliaparalavida.com\/bo\/mentoreo-biblico\/","og_site_name":"Biblia para la Vida","article_publisher":"https:\/\/www.facebook.com\/BibliaParaLaVida","article_modified_time":"2024-10-16T21:36:11+00:00","twitter_card":"summary_large_image","twitter_misc":{"Tiempo de lectura":"1 minuto"},"schema":{"@context":"https:\/\/schema.org","@graph":[{"@type":"WebPage","@id":"https:\/\/www.bibliaparalavida.com\/bo\/mentoreo-biblico\/","url":"https:\/\/www.bibliaparalavida.com\/bo\/mentoreo-biblico\/","name":"Mentoreo B\u00edblico (Papel) - Biblia para la Vida","isPartOf":{"@id":"https:\/\/www.bibliaparalavida.com\/bo\/#website"},"datePublished":"2021-11-26T15:02:37+00:00","dateModified":"2024-10-16T21:36:11+00:00","breadcrumb":{"@id":"https:\/\/www.bibliaparalavida.com\/bo\/mentoreo-biblico\/#breadcrumb"},"inLanguage":"es","potentialAction":[{"@type":"ReadAction","target":["https:\/\/www.bibliaparalavida.com\/bo\/mentoreo-biblico\/"]}]},{"@type":"BreadcrumbList","@id":"https:\/\/www.bibliaparalavida.com\/bo\/mentoreo-biblico\/#breadcrumb","itemListElement":[{"@type":"ListItem","position":1,"name":"Portada","item":"https:\/\/www.bibliaparalavida.com\/bo\/"},{"@type":"ListItem","position":2,"name":"Mentoreo B\u00edblico (Papel)"}]},{"@type":"WebSite","@id":"https:\/\/www.bibliaparalavida.com\/bo\/#website","url":"https:\/\/www.bibliaparalavida.com\/bo\/","name":"Biblia para la Vida BOLIVIA","description":"Aplica la Biblia a tu vida","publisher":{"@id":"https:\/\/www.bibliaparalavida.com\/bo\/#organization"},"potentialAction":[{"@type":"SearchAction","target":{"@type":"EntryPoint","urlTemplate":"https:\/\/www.bibliaparalavida.com\/bo\/?s={search_term_string}"},"query-input":"required name=search_term_string"}],"inLanguage":"es"},{"@type":"Organization","@id":"https:\/\/www.bibliaparalavida.com\/bo\/#organization","name":"Biblia para la Vida BOLIVIA","url":"https:\/\/www.bibliaparalavida.com\/bo\/","logo":{"@type":"ImageObject","inLanguage":"es","@id":"https:\/\/www.bibliaparalavida.com\/bo\/#\/schema\/logo\/image\/","url":"https:\/\/www.bibliaparalavida.com\/bo\/wp-content\/uploads\/2024\/08\/Logo-BPLV-Horiz-320-BO.png","contentUrl":"https:\/\/www.bibliaparalavida.com\/bo\/wp-content\/uploads\/2024\/08\/Logo-BPLV-Horiz-320-BO.png","width":320,"height":87,"caption":"Biblia para la Vida BOLIVIA"},"image":{"@id":"https:\/\/www.bibliaparalavida.com\/bo\/#\/schema\/logo\/image\/"},"sameAs":["https:\/\/www.facebook.com\/BibliaParaLaVida","https:\/\/www.instagram.com\/bibliaparalavidaig"]}]}},"_links":{"self":[{"href":"https:\/\/www.bibliaparalavida.com\/bo\/wp-json\/wp\/v2\/pages\/1221"}],"collection":[{"href":"https:\/\/www.bibliaparalavida.com\/bo\/wp-json\/wp\/v2\/pages"}],"about":[{"href":"https:\/\/www.bibliaparalavida.com\/bo\/wp-json\/wp\/v2\/types\/page"}],"author":[{"embeddable":true,"href":"https:\/\/www.bibliaparalavida.com\/bo\/wp-json\/wp\/v2\/users\/2"}],"replies":[{"embeddable":true,"href":"https:\/\/www.bibliaparalavida.com\/bo\/wp-json\/wp\/v2\/comments?post=1221"}],"version-history":[{"count":19,"href":"https:\/\/www.bibliaparalavida.com\/bo\/wp-json\/wp\/v2\/pages\/1221\/revisions"}],"predecessor-version":[{"id":2589,"href":"https:\/\/www.bibliaparalavida.com\/bo\/wp-json\/wp\/v2\/pages\/1221\/revisions\/2589"}],"wp:attachment":[{"href":"https:\/\/www.bibliaparalavida.com\/bo\/wp-json\/wp\/v2\/media?parent=1221"}],"curies":[{"name":"wp","href":"https:\/\/api.w.org\/{rel}","templated":true}]}}