{"id":1034,"date":"2021-01-27T00:13:47","date_gmt":"2021-01-27T00:13:47","guid":{"rendered":"https:\/\/www.bibliaparalavida.com\/bo\/?page_id=1034"},"modified":"2022-05-03T14:06:14","modified_gmt":"2022-05-03T14:06:14","slug":"series-de-historias-biblicas","status":"publish","type":"page","link":"https:\/\/www.bibliaparalavida.com\/bo\/historias-biblicas\/series-de-historias-biblicas\/","title":{"rendered":"Series de Historias B\u00edblicas"},"content":{"rendered":"<div class=\"pt-cv-wrapper\"><div class=\"pt-cv-view pt-cv-grid pt-cv-colsys\" id=\"pt-cv-view-4f5b740gjb\"><div data-id=\"pt-cv-page-1\" class=\"pt-cv-page\" data-cvc=\"2\"><div class=\"col-md-6 col-sm-6 col-xs-12 pt-cv-content-item pt-cv-1-col\" ><div class='pt-cv-ifield'><a href=\"https:\/\/www.bibliaparalavida.com\/bo\/series\/serie-pentateuco\/\" class=\"_self pt-cv-href-thumbnail pt-cv-thumb-default\" target=\"_self\" ><img fetchpriority=\"high\" decoding=\"async\" width=\"640\" height=\"301\" src=\"https:\/\/www.bibliaparalavida.com\/bo\/wp-content\/uploads\/2020\/03\/Serie-Pentateuco-Banner.jpg\" class=\"pt-cv-thumbnail\" alt=\"Introducci\u00f3n al Pentateuco\" srcset=\"https:\/\/www.bibliaparalavida.com\/bo\/wp-content\/uploads\/2020\/03\/Serie-Pentateuco-Banner.jpg 850w, https:\/\/www.bibliaparalavida.com\/bo\/wp-content\/uploads\/2020\/03\/Serie-Pentateuco-Banner-300x141.jpg 300w, https:\/\/www.bibliaparalavida.com\/bo\/wp-content\/uploads\/2020\/03\/Serie-Pentateuco-Banner-768x361.jpg 768w, https:\/\/www.bibliaparalavida.com\/bo\/wp-content\/uploads\/2020\/03\/Serie-Pentateuco-Banner-600x282.jpg 600w\" sizes=\"(max-width: 640px) 100vw, 640px\" \/><\/a>\n<h4 class=\"pt-cv-title\"><a href=\"https:\/\/www.bibliaparalavida.com\/bo\/series\/serie-pentateuco\/\" class=\"_self\" target=\"_self\" >Serie 1: Pentateuco<\/a><\/h4>\n<div class=\"pt-cv-content\">Serie 1: Pentateuco la Serie PENTATEUCO incluye 34 lecciones desde G\u00e9nesis hasta Jeric\u00f3 a trav\u00e9s de preguntas inductivas y aplicaci\u00f3n ...<br \/><div class=\"pt-cv-rmwrap\"><a href=\"https:\/\/www.bibliaparalavida.com\/bo\/series\/serie-pentateuco\/\" class=\"_self pt-cv-readmore btn btn-success\" target=\"_self\">Leer M\u00e1s<\/a><\/div><\/div><\/div><\/div>\n<div class=\"col-md-6 col-sm-6 col-xs-12 pt-cv-content-item pt-cv-1-col\" ><div class='pt-cv-ifield'><a href=\"https:\/\/www.bibliaparalavida.com\/bo\/series\/serie-historicos\/\" class=\"_self pt-cv-href-thumbnail pt-cv-thumb-default\" target=\"_self\" ><img decoding=\"async\" width=\"640\" height=\"301\" src=\"https:\/\/www.bibliaparalavida.com\/bo\/wp-content\/uploads\/2021\/01\/Serie-Historicos-Banner.jpg\" class=\"pt-cv-thumbnail\" alt=\"Serie Libros Hist\u00f3ricos\" srcset=\"https:\/\/www.bibliaparalavida.com\/bo\/wp-content\/uploads\/2021\/01\/Serie-Historicos-Banner.jpg 850w, https:\/\/www.bibliaparalavida.com\/bo\/wp-content\/uploads\/2021\/01\/Serie-Historicos-Banner-300x141.jpg 300w, https:\/\/www.bibliaparalavida.com\/bo\/wp-content\/uploads\/2021\/01\/Serie-Historicos-Banner-768x361.jpg 768w, https:\/\/www.bibliaparalavida.com\/bo\/wp-content\/uploads\/2021\/01\/Serie-Historicos-Banner-600x282.jpg 600w\" sizes=\"(max-width: 640px) 100vw, 640px\" \/><\/a>\n<h4 class=\"pt-cv-title\"><a href=\"https:\/\/www.bibliaparalavida.com\/bo\/series\/serie-historicos\/\" class=\"_self\" target=\"_self\" >Serie 2: Hist\u00f3ricos<\/a><\/h4>\n<div class=\"pt-cv-content\">Serie 2: Hist\u00f3ricos La Serie HIST\u00d3RICOS incluye 37 lecciones a partir de las historias m\u00e1s interesantes de los libros hist\u00f3ricos ...<br \/><div class=\"pt-cv-rmwrap\"><a href=\"https:\/\/www.bibliaparalavida.com\/bo\/series\/serie-historicos\/\" class=\"_self pt-cv-readmore btn btn-success\" target=\"_self\">Leer M\u00e1s<\/a><\/div><\/div><\/div><\/div>\n<div class=\"col-md-6 col-sm-6 col-xs-12 pt-cv-content-item pt-cv-1-col\" ><div class='pt-cv-ifield'><a href=\"https:\/\/www.bibliaparalavida.com\/bo\/series\/serie-profetas\/\" class=\"_self pt-cv-href-thumbnail pt-cv-thumb-default\" target=\"_self\" ><img decoding=\"async\" width=\"640\" height=\"301\" src=\"https:\/\/www.bibliaparalavida.com\/bo\/wp-content\/uploads\/2021\/01\/Serie-Profetas-Banner.jpg\" class=\"pt-cv-thumbnail\" alt=\"Serie Profetas\" srcset=\"https:\/\/www.bibliaparalavida.com\/bo\/wp-content\/uploads\/2021\/01\/Serie-Profetas-Banner.jpg 850w, https:\/\/www.bibliaparalavida.com\/bo\/wp-content\/uploads\/2021\/01\/Serie-Profetas-Banner-300x141.jpg 300w, https:\/\/www.bibliaparalavida.com\/bo\/wp-content\/uploads\/2021\/01\/Serie-Profetas-Banner-768x361.jpg 768w, https:\/\/www.bibliaparalavida.com\/bo\/wp-content\/uploads\/2021\/01\/Serie-Profetas-Banner-600x282.jpg 600w\" sizes=\"(max-width: 640px) 100vw, 640px\" \/><\/a>\n<h4 class=\"pt-cv-title\"><a href=\"https:\/\/www.bibliaparalavida.com\/bo\/series\/serie-profetas\/\" class=\"_self\" target=\"_self\" >Serie 3: Profetas<\/a><\/h4>\n<div class=\"pt-cv-content\">Serie 3: Profetas La Serie Profetas incluye 21 lecciones enfocadas en el estudio devocional de las historias relatadas en los ...<br \/><div class=\"pt-cv-rmwrap\"><a href=\"https:\/\/www.bibliaparalavida.com\/bo\/series\/serie-profetas\/\" class=\"_self pt-cv-readmore btn btn-success\" target=\"_self\">Leer M\u00e1s<\/a><\/div><\/div><\/div><\/div>\n<div class=\"col-md-6 col-sm-6 col-xs-12 pt-cv-content-item pt-cv-1-col\" ><div class='pt-cv-ifield'><a href=\"https:\/\/www.bibliaparalavida.com\/bo\/series\/serie-evangelios\/\" class=\"_self pt-cv-href-thumbnail pt-cv-thumb-default\" target=\"_self\" ><img loading=\"lazy\" decoding=\"async\" width=\"640\" height=\"301\" src=\"https:\/\/www.bibliaparalavida.com\/bo\/wp-content\/uploads\/2020\/03\/Serie-Evangelios-Banner.jpg\" class=\"pt-cv-thumbnail\" alt=\"Introducci\u00f3n a los Evangelios\" srcset=\"https:\/\/www.bibliaparalavida.com\/bo\/wp-content\/uploads\/2020\/03\/Serie-Evangelios-Banner.jpg 850w, https:\/\/www.bibliaparalavida.com\/bo\/wp-content\/uploads\/2020\/03\/Serie-Evangelios-Banner-300x141.jpg 300w, https:\/\/www.bibliaparalavida.com\/bo\/wp-content\/uploads\/2020\/03\/Serie-Evangelios-Banner-768x361.jpg 768w, https:\/\/www.bibliaparalavida.com\/bo\/wp-content\/uploads\/2020\/03\/Serie-Evangelios-Banner-600x282.jpg 600w\" sizes=\"(max-width: 640px) 100vw, 640px\" \/><\/a>\n<h4 class=\"pt-cv-title\"><a href=\"https:\/\/www.bibliaparalavida.com\/bo\/series\/serie-evangelios\/\" class=\"_self\" target=\"_self\" >Serie 4: Evangelios<\/a><\/h4>\n<div class=\"pt-cv-content\">Los cuatro Evangelios son b\u00e1sicamente una biograf\u00eda de Jes\u00fas vista desde cuatro perspectivas diferentes. Dios permiti\u00f3 que estas cuatro biograf\u00edas ...<br \/><div class=\"pt-cv-rmwrap\"><a href=\"https:\/\/www.bibliaparalavida.com\/bo\/series\/serie-evangelios\/\" class=\"_self pt-cv-readmore btn btn-success\" target=\"_self\">Leer M\u00e1s<\/a><\/div><\/div><\/div><\/div>\n<div class=\"col-md-6 col-sm-6 col-xs-12 pt-cv-content-item pt-cv-1-col\" ><div class='pt-cv-ifield'><a href=\"https:\/\/www.bibliaparalavida.com\/bo\/series\/serie-sermon-del-monte\/\" class=\"_self pt-cv-href-thumbnail pt-cv-thumb-default\" target=\"_self\" ><img loading=\"lazy\" decoding=\"async\" width=\"640\" height=\"301\" src=\"https:\/\/www.bibliaparalavida.com\/bo\/wp-content\/uploads\/2021\/01\/Serie-Sermon-Banner.jpg\" class=\"pt-cv-thumbnail\" alt=\"Serie Serm\u00f3n de Monte\" srcset=\"https:\/\/www.bibliaparalavida.com\/bo\/wp-content\/uploads\/2021\/01\/Serie-Sermon-Banner.jpg 850w, https:\/\/www.bibliaparalavida.com\/bo\/wp-content\/uploads\/2021\/01\/Serie-Sermon-Banner-300x141.jpg 300w, https:\/\/www.bibliaparalavida.com\/bo\/wp-content\/uploads\/2021\/01\/Serie-Sermon-Banner-768x361.jpg 768w, https:\/\/www.bibliaparalavida.com\/bo\/wp-content\/uploads\/2021\/01\/Serie-Sermon-Banner-600x282.jpg 600w\" sizes=\"(max-width: 640px) 100vw, 640px\" \/><\/a>\n<h4 class=\"pt-cv-title\"><a href=\"https:\/\/www.bibliaparalavida.com\/bo\/series\/serie-sermon-del-monte\/\" class=\"_self\" target=\"_self\" >Serie 5: Serm\u00f3n del Monte<\/a><\/h4>\n<div class=\"pt-cv-content\">Serie 5: Serm\u00f3n del Monte La Serie Serm\u00f3n del Monte incluye 21 lecciones de teolog\u00eda pr\u00e1ctica para la vida diaria ...<br \/><div class=\"pt-cv-rmwrap\"><a href=\"https:\/\/www.bibliaparalavida.com\/bo\/series\/serie-sermon-del-monte\/\" class=\"_self pt-cv-readmore btn btn-success\" target=\"_self\">Leer M\u00e1s<\/a><\/div><\/div><\/div><\/div>\n<div class=\"col-md-6 col-sm-6 col-xs-12 pt-cv-content-item pt-cv-1-col\" ><div class='pt-cv-ifield'><a href=\"https:\/\/www.bibliaparalavida.com\/bo\/series\/serie-hechos\/\" class=\"_self pt-cv-href-thumbnail pt-cv-thumb-default\" target=\"_self\" ><img loading=\"lazy\" decoding=\"async\" width=\"640\" height=\"301\" src=\"https:\/\/www.bibliaparalavida.com\/bo\/wp-content\/uploads\/2020\/03\/Serie-Hechos-Banner.jpg\" class=\"pt-cv-thumbnail\" alt=\"Introducci\u00f3n a Hechos de los Ap\u00f3stoles\" srcset=\"https:\/\/www.bibliaparalavida.com\/bo\/wp-content\/uploads\/2020\/03\/Serie-Hechos-Banner.jpg 850w, https:\/\/www.bibliaparalavida.com\/bo\/wp-content\/uploads\/2020\/03\/Serie-Hechos-Banner-300x141.jpg 300w, https:\/\/www.bibliaparalavida.com\/bo\/wp-content\/uploads\/2020\/03\/Serie-Hechos-Banner-768x361.jpg 768w, https:\/\/www.bibliaparalavida.com\/bo\/wp-content\/uploads\/2020\/03\/Serie-Hechos-Banner-600x282.jpg 600w\" sizes=\"(max-width: 640px) 100vw, 640px\" \/><\/a>\n<h4 class=\"pt-cv-title\"><a href=\"https:\/\/www.bibliaparalavida.com\/bo\/series\/serie-hechos\/\" class=\"_self\" target=\"_self\" >Serie 6: Hechos de los Ap\u00f3stoles<\/a><\/h4>\n<div class=\"pt-cv-content\">Serie 6: Hechos de los Ap\u00f3stoles Los Manuales de la Serie de HECHOS DE LOS AP\u00d3STOLES incluyen 49 CLASES a ...<br \/><div class=\"pt-cv-rmwrap\"><a href=\"https:\/\/www.bibliaparalavida.com\/bo\/series\/serie-hechos\/\" class=\"_self pt-cv-readmore btn btn-success\" target=\"_self\">Leer M\u00e1s<\/a><\/div><\/div><\/div><\/div><\/div><\/div><\/div>\n","protected":false},"excerpt":{"rendered":"","protected":false},"author":2,"featured_media":0,"parent":40,"menu_order":0,"comment_status":"closed","ping_status":"closed","template":"","meta":{"_joinchat":[],"footnotes":""},"class_list":["post-1034","page","type-page","status-publish","hentry"],"yoast_head":"<!-- This site is optimized with the Yoast SEO plugin v23.1 - https:\/\/yoast.com\/wordpress\/plugins\/seo\/ -->\n<title>Series de Historias B\u00edblicas - Biblia para la Vida<\/title>\n<meta name=\"robots\" content=\"index, follow, max-snippet:-1, max-image-preview:large, max-video-preview:-1\" \/>\n<link rel=\"canonical\" href=\"https:\/\/www.bibliaparalavida.com\/bo\/historias-biblicas\/series-de-historias-biblicas\/\" \/>\n<meta property=\"og:locale\" content=\"es_ES\" \/>\n<meta property=\"og:type\" content=\"article\" \/>\n<meta property=\"og:title\" content=\"Series de Historias B\u00edblicas - Biblia para la Vida\" \/>\n<meta property=\"og:url\" content=\"https:\/\/www.bibliaparalavida.com\/bo\/historias-biblicas\/series-de-historias-biblicas\/\" \/>\n<meta property=\"og:site_name\" content=\"Biblia para la Vida\" \/>\n<meta property=\"article:publisher\" content=\"https:\/\/www.facebook.com\/BibliaParaLaVida\" \/>\n<meta property=\"article:modified_time\" content=\"2022-05-03T14:06:14+00:00\" \/>\n<meta name=\"twitter:card\" content=\"summary_large_image\" \/>\n<script type=\"application\/ld+json\" class=\"yoast-schema-graph\">{\"@context\":\"https:\/\/schema.org\",\"@graph\":[{\"@type\":\"WebPage\",\"@id\":\"https:\/\/www.bibliaparalavida.com\/bo\/historias-biblicas\/series-de-historias-biblicas\/\",\"url\":\"https:\/\/www.bibliaparalavida.com\/bo\/historias-biblicas\/series-de-historias-biblicas\/\",\"name\":\"Series de Historias B\u00edblicas - Biblia para la Vida\",\"isPartOf\":{\"@id\":\"https:\/\/www.bibliaparalavida.com\/bo\/#website\"},\"datePublished\":\"2021-01-27T00:13:47+00:00\",\"dateModified\":\"2022-05-03T14:06:14+00:00\",\"breadcrumb\":{\"@id\":\"https:\/\/www.bibliaparalavida.com\/bo\/historias-biblicas\/series-de-historias-biblicas\/#breadcrumb\"},\"inLanguage\":\"es\",\"potentialAction\":[{\"@type\":\"ReadAction\",\"target\":[\"https:\/\/www.bibliaparalavida.com\/bo\/historias-biblicas\/series-de-historias-biblicas\/\"]}]},{\"@type\":\"BreadcrumbList\",\"@id\":\"https:\/\/www.bibliaparalavida.com\/bo\/historias-biblicas\/series-de-historias-biblicas\/#breadcrumb\",\"itemListElement\":[{\"@type\":\"ListItem\",\"position\":1,\"name\":\"Portada\",\"item\":\"https:\/\/www.bibliaparalavida.com\/bo\/\"},{\"@type\":\"ListItem\",\"position\":2,\"name\":\"Historias B\u00edblicas para la Vida Cristiana\",\"item\":\"https:\/\/www.bibliaparalavida.com\/bo\/historias-biblicas\/\"},{\"@type\":\"ListItem\",\"position\":3,\"name\":\"Series de Historias B\u00edblicas\"}]},{\"@type\":\"WebSite\",\"@id\":\"https:\/\/www.bibliaparalavida.com\/bo\/#website\",\"url\":\"https:\/\/www.bibliaparalavida.com\/bo\/\",\"name\":\"Biblia para la Vida BOLIVIA\",\"description\":\"Aplica la Biblia a tu vida\",\"publisher\":{\"@id\":\"https:\/\/www.bibliaparalavida.com\/bo\/#organization\"},\"potentialAction\":[{\"@type\":\"SearchAction\",\"target\":{\"@type\":\"EntryPoint\",\"urlTemplate\":\"https:\/\/www.bibliaparalavida.com\/bo\/?s={search_term_string}\"},\"query-input\":\"required name=search_term_string\"}],\"inLanguage\":\"es\"},{\"@type\":\"Organization\",\"@id\":\"https:\/\/www.bibliaparalavida.com\/bo\/#organization\",\"name\":\"Biblia para la Vida BOLIVIA\",\"url\":\"https:\/\/www.bibliaparalavida.com\/bo\/\",\"logo\":{\"@type\":\"ImageObject\",\"inLanguage\":\"es\",\"@id\":\"https:\/\/www.bibliaparalavida.com\/bo\/#\/schema\/logo\/image\/\",\"url\":\"https:\/\/www.bibliaparalavida.com\/bo\/wp-content\/uploads\/2024\/08\/Logo-BPLV-Horiz-320-BO.png\",\"contentUrl\":\"https:\/\/www.bibliaparalavida.com\/bo\/wp-content\/uploads\/2024\/08\/Logo-BPLV-Horiz-320-BO.png\",\"width\":320,\"height\":87,\"caption\":\"Biblia para la Vida BOLIVIA\"},\"image\":{\"@id\":\"https:\/\/www.bibliaparalavida.com\/bo\/#\/schema\/logo\/image\/\"},\"sameAs\":[\"https:\/\/www.facebook.com\/BibliaParaLaVida\",\"https:\/\/www.instagram.com\/bibliaparalavidaig\"]}]}<\/script>\n<!-- \/ Yoast SEO plugin. -->","yoast_head_json":{"title":"Series de Historias B\u00edblicas - Biblia para la Vida","robots":{"index":"index","follow":"follow","max-snippet":"max-snippet:-1","max-image-preview":"max-image-preview:large","max-video-preview":"max-video-preview:-1"},"canonical":"https:\/\/www.bibliaparalavida.com\/bo\/historias-biblicas\/series-de-historias-biblicas\/","og_locale":"es_ES","og_type":"article","og_title":"Series de Historias B\u00edblicas - Biblia para la Vida","og_url":"https:\/\/www.bibliaparalavida.com\/bo\/historias-biblicas\/series-de-historias-biblicas\/","og_site_name":"Biblia para la Vida","article_publisher":"https:\/\/www.facebook.com\/BibliaParaLaVida","article_modified_time":"2022-05-03T14:06:14+00:00","twitter_card":"summary_large_image","schema":{"@context":"https:\/\/schema.org","@graph":[{"@type":"WebPage","@id":"https:\/\/www.bibliaparalavida.com\/bo\/historias-biblicas\/series-de-historias-biblicas\/","url":"https:\/\/www.bibliaparalavida.com\/bo\/historias-biblicas\/series-de-historias-biblicas\/","name":"Series de Historias B\u00edblicas - Biblia para la Vida","isPartOf":{"@id":"https:\/\/www.bibliaparalavida.com\/bo\/#website"},"datePublished":"2021-01-27T00:13:47+00:00","dateModified":"2022-05-03T14:06:14+00:00","breadcrumb":{"@id":"https:\/\/www.bibliaparalavida.com\/bo\/historias-biblicas\/series-de-historias-biblicas\/#breadcrumb"},"inLanguage":"es","potentialAction":[{"@type":"ReadAction","target":["https:\/\/www.bibliaparalavida.com\/bo\/historias-biblicas\/series-de-historias-biblicas\/"]}]},{"@type":"BreadcrumbList","@id":"https:\/\/www.bibliaparalavida.com\/bo\/historias-biblicas\/series-de-historias-biblicas\/#breadcrumb","itemListElement":[{"@type":"ListItem","position":1,"name":"Portada","item":"https:\/\/www.bibliaparalavida.com\/bo\/"},{"@type":"ListItem","position":2,"name":"Historias B\u00edblicas para la Vida Cristiana","item":"https:\/\/www.bibliaparalavida.com\/bo\/historias-biblicas\/"},{"@type":"ListItem","position":3,"name":"Series de Historias B\u00edblicas"}]},{"@type":"WebSite","@id":"https:\/\/www.bibliaparalavida.com\/bo\/#website","url":"https:\/\/www.bibliaparalavida.com\/bo\/","name":"Biblia para la Vida BOLIVIA","description":"Aplica la Biblia a tu vida","publisher":{"@id":"https:\/\/www.bibliaparalavida.com\/bo\/#organization"},"potentialAction":[{"@type":"SearchAction","target":{"@type":"EntryPoint","urlTemplate":"https:\/\/www.bibliaparalavida.com\/bo\/?s={search_term_string}"},"query-input":"required name=search_term_string"}],"inLanguage":"es"},{"@type":"Organization","@id":"https:\/\/www.bibliaparalavida.com\/bo\/#organization","name":"Biblia para la Vida BOLIVIA","url":"https:\/\/www.bibliaparalavida.com\/bo\/","logo":{"@type":"ImageObject","inLanguage":"es","@id":"https:\/\/www.bibliaparalavida.com\/bo\/#\/schema\/logo\/image\/","url":"https:\/\/www.bibliaparalavida.com\/bo\/wp-content\/uploads\/2024\/08\/Logo-BPLV-Horiz-320-BO.png","contentUrl":"https:\/\/www.bibliaparalavida.com\/bo\/wp-content\/uploads\/2024\/08\/Logo-BPLV-Horiz-320-BO.png","width":320,"height":87,"caption":"Biblia para la Vida BOLIVIA"},"image":{"@id":"https:\/\/www.bibliaparalavida.com\/bo\/#\/schema\/logo\/image\/"},"sameAs":["https:\/\/www.facebook.com\/BibliaParaLaVida","https:\/\/www.instagram.com\/bibliaparalavidaig"]}]}},"_links":{"self":[{"href":"https:\/\/www.bibliaparalavida.com\/bo\/wp-json\/wp\/v2\/pages\/1034"}],"collection":[{"href":"https:\/\/www.bibliaparalavida.com\/bo\/wp-json\/wp\/v2\/pages"}],"about":[{"href":"https:\/\/www.bibliaparalavida.com\/bo\/wp-json\/wp\/v2\/types\/page"}],"author":[{"embeddable":true,"href":"https:\/\/www.bibliaparalavida.com\/bo\/wp-json\/wp\/v2\/users\/2"}],"replies":[{"embeddable":true,"href":"https:\/\/www.bibliaparalavida.com\/bo\/wp-json\/wp\/v2\/comments?post=1034"}],"version-history":[{"count":2,"href":"https:\/\/www.bibliaparalavida.com\/bo\/wp-json\/wp\/v2\/pages\/1034\/revisions"}],"predecessor-version":[{"id":1036,"href":"https:\/\/www.bibliaparalavida.com\/bo\/wp-json\/wp\/v2\/pages\/1034\/revisions\/1036"}],"up":[{"embeddable":true,"href":"https:\/\/www.bibliaparalavida.com\/bo\/wp-json\/wp\/v2\/pages\/40"}],"wp:attachment":[{"href":"https:\/\/www.bibliaparalavida.com\/bo\/wp-json\/wp\/v2\/media?parent=1034"}],"curies":[{"name":"wp","href":"https:\/\/api.w.org\/{rel}","templated":true}]}}